{"id":22448,"date":"2022-09-23T16:50:19","date_gmt":"2022-09-23T16:50:19","guid":{"rendered":"https:\/\/camimedicalsac.com\/catalogo\/?post_type=product&#038;p=22448"},"modified":"2022-09-23T16:52:37","modified_gmt":"2022-09-23T16:52:37","slug":"descripcion-balanza-analitica-2000-gr-precision-de-0-01gr-bwl-51-boeco","status":"publish","type":"product","link":"https:\/\/camimedicalsac.com\/catalogo\/producto\/descripcion-balanza-analitica-2000-gr-precision-de-0-01gr-bwl-51-boeco\/","title":{"rendered":"Descripci\u00f3n: Balanza analitica 2000 gr \/ precision de 0.01gr BWL-51 Boeco"},"content":{"rendered":"<p>Nuestras Balanzas de Precisi\u00f3n B\u00e1sica con calibraci\u00f3n externa y bater\u00eda<br \/>\ninterna recargable con cargador de energ\u00eda. Esto los hace independiente<br \/>\nde un suministro de la red principal y por lo tanto port\u00e1til<\/p>\n","protected":false},"excerpt":{"rendered":"<p>MARCA:BOECO<\/p>\n<p>MODELO:\u00a0 BWL-51<\/p>\n<p>PROCEDENCIA: ALEMANA<\/p>\n","protected":false},"featured_media":22451,"comment_status":"open","ping_status":"closed","template":"","meta":[],"product_cat":[171],"product_tag":[],"class_list":{"0":"post-22448","1":"product","2":"type-product","3":"status-publish","4":"has-post-thumbnail","6":"product_cat-todos","8":"first","9":"instock","10":"taxable","11":"shipping-taxable","12":"product-type-simple"},"_links":{"self":[{"href":"https:\/\/camimedicalsac.com\/catalogo\/wp-json\/wp\/v2\/product\/22448"}],"collection":[{"href":"https:\/\/camimedicalsac.com\/catalogo\/wp-json\/wp\/v2\/product"}],"about":[{"href":"https:\/\/camimedicalsac.com\/catalogo\/wp-json\/wp\/v2\/types\/product"}],"replies":[{"embeddable":true,"href":"https:\/\/camimedicalsac.com\/catalogo\/wp-json\/wp\/v2\/comments?post=22448"}],"wp:featuredmedia":[{"embeddable":true,"href":"https:\/\/camimedicalsac.com\/catalogo\/wp-json\/wp\/v2\/media\/22451"}],"wp:attachment":[{"href":"https:\/\/camimedicalsac.com\/catalogo\/wp-json\/wp\/v2\/media?parent=22448"}],"wp:term":[{"taxonomy":"product_cat","embeddable":true,"href":"https:\/\/camimedicalsac.com\/catalogo\/wp-json\/wp\/v2\/product_cat?post=22448"},{"taxonomy":"product_tag","embeddable":true,"href":"https:\/\/camimedicalsac.com\/catalogo\/wp-json\/wp\/v2\/product_tag?post=22448"}],"curies":[{"name":"wp","href":"https:\/\/api.w.org\/{rel}","templated":true}]}}