{"id":22567,"date":"2023-11-30T05:36:06","date_gmt":"2023-11-30T05:36:06","guid":{"rendered":"https:\/\/camimedicalsac.com\/catalogo\/?post_type=product&#038;p=22567"},"modified":"2023-11-30T05:36:09","modified_gmt":"2023-11-30T05:36:09","slug":"bano-maria-10-lt-wnb-10-basica-95oc-con-tapa-sin-gradillas-3","status":"publish","type":"product","link":"https:\/\/camimedicalsac.com\/catalogo\/producto\/bano-maria-10-lt-wnb-10-basica-95oc-con-tapa-sin-gradillas-3\/","title":{"rendered":"Ba\u00f1o Maria 10 Lt WNB-10 basica 95\u00baC con tapa sin gradillas"},"content":{"rendered":"<address class=\"rteleft\"><strong>Ba\u00f1o Mar\u00eda de 10L.<\/strong><\/address>\n<address class=\"rteleft\"><strong>WNB 10 \u2502 Memmert\u00a0<\/strong><\/address>\n<address>\u00a0<\/address>\n<address class=\"rteleft\"><span class=\"content_only\">Equipo en acero inoxidable de calidad 304.<\/span><br \/>\n<span class=\"content_only\">Exterior con acabado estructural, resistente a<\/span>l rayado, robusto, de larga duraci\u00f3n permite limpieza higi\u00e9nica evitando la formaci\u00f3n de residuo.<br \/>\nControl electr\u00f3nico por microprocesador, Control PID (Proporcional Integral Derivativo).<br \/>\nModulo de control Integrado (control de temperatura y tiempo).<br \/>\nTemperatura programable y protecci\u00f3n contra sobre temperatura.<br \/>\nIndicadores de estado o fase del proceso de equipo: calentando, retardo, mantenimiento de la temperatura y alarma.<br \/>\nPantalla digital a color para f\u00e1cil visualizaci\u00f3n por el usuario.<br \/>\nCon dispositivo de drenaje.<br \/>\nCon protecci\u00f3n contra sobre temperatura.<br \/>\nModos de uso: Normal (se ajusta el tipo deseado y listo), Retardo (se programa la hora de inicio y termino), Reprogramaci\u00f3n c\/espera.<br \/>\nAlarma visual al sobre pasar la temperatura programada en m\u00e1s de 10\u00baC.<br \/>\nTapa inclinada (tipo tejadillo) cerrada p\/evitar la evaporaci\u00f3n<\/address>\n<p class=\"rteleft\"><strong>Caracter\u00edsticas:<\/strong><\/p>\n<address class=\"rteleft\">Capacidad del reservorio: 10 litros.<\/address>\n<p class=\"rteleft\">Precisi\u00f3n de ajuste de la temperatura: 0,1\u00b0C<\/p>\n<p class=\"rteleft\">Variaci\u00f3n de temperatura: +\/- 0.25 \u00baC<\/p>\n<p class=\"rteleft\">Precisi\u00f3n de ajuste del tiempo: 1 min.<\/p>\n<p class=\"rteleft\">Rango de temperatura de trabajo: 5\u00b0C por encima de la temperatura ambiental hasta a 95\u00b0C.<\/p>\n<p class=\"rteleft\">Temporizador: de 0 a 99:59 horas.<\/p>\n<p class=\"rteleft\">Rango de ajuste de temperatura 10\u00b0C hasta 95\u00b0C.<\/p>\n<p class=\"rteleft\">Con activaci\u00f3n del modo de cocci\u00f3n hasta 100\u00b0C.<\/p>\n<p class=\"rteleft\">Alarma de sobre temperatura m\u00e1xima ajustado en f\u00e1brica: El limitador de temperatura mec\u00e1nico TB desconecta la calefacci\u00f3n y el s\u00edmbolo de alarma se enciende de manera continua<\/p>\n<p class=\"rteleft\">Conexi\u00f3n el\u00e9ctrica: Tensi\u00f3n 230 V(\u00b110%), 50\/60 Hz.<\/p>\n<p class=\"rteleft\">Consumo de potencia aprox.:1200 w<\/p>\n<p class=\"rteleft\">Dimensiones internas: 350mm longitud x 210mm ancho x 140mm alto<\/p>\n<p class=\"rteleft\">Dimensiones externas: 578mm longitud x 356mm ancho x 337mm alto<\/p>\n<h4><a href=\"https:\/\/camimedicalsac.com\/catalogo\/?attachment_id=1206\" rel=\"attachment wp-att-1206\">Bano-Maria-10-Lt.pdf<\/a><\/h4>\n","protected":false},"excerpt":{"rendered":"<p><strong>Ba\u00f1o Maria 10 Lt WNB-10 basica 95\u00baC con tapa sin gradillas<\/strong><\/p>\n<p>Marca:\u00a0 \u00a0MEMMERT<\/p>\n<p>Modelo :\u00a0 WNE-10<\/p>\n<p>Procedencia:\u00a0 \u00a0ALEMANIA<\/p>\n<p>Garant\u00eda :\u00a0 \u00a018 Meses<\/p>\n<p>&nbsp;<\/p>\n<p><strong>DESCRIPCI\u00d3N:<\/strong><\/p>\n<p>Ba\u00f1o Maria 10 litros de acero inoxidable resistente a la corrosi\u00f3n, un sistema electr\u00f3nico de precisi\u00f3n y las m\u00faltiples medidas de protecci\u00f3n contra valores excesivos o insuficientes de temperatura garantiza el mayor nivel de seguridad en el laboratorio.<\/p>\n<p>C\u00f3digo :\u00a0 \u00a0 \u00a0C072.928.22<\/p>\n","protected":false},"featured_media":0,"comment_status":"closed","ping_status":"closed","template":"","meta":[],"product_cat":[173],"product_tag":[],"class_list":{"0":"post-22567","1":"product","2":"type-product","3":"status-publish","5":"product_cat-laboratorio-clinico","7":"first","8":"instock","9":"taxable","10":"shipping-taxable","11":"product-type-simple"},"_links":{"self":[{"href":"https:\/\/camimedicalsac.com\/catalogo\/wp-json\/wp\/v2\/product\/22567"}],"collection":[{"href":"https:\/\/camimedicalsac.com\/catalogo\/wp-json\/wp\/v2\/product"}],"about":[{"href":"https:\/\/camimedicalsac.com\/catalogo\/wp-json\/wp\/v2\/types\/product"}],"replies":[{"embeddable":true,"href":"https:\/\/camimedicalsac.com\/catalogo\/wp-json\/wp\/v2\/comments?post=22567"}],"wp:attachment":[{"href":"https:\/\/camimedicalsac.com\/catalogo\/wp-json\/wp\/v2\/media?parent=22567"}],"wp:term":[{"taxonomy":"product_cat","embeddable":true,"href":"https:\/\/camimedicalsac.com\/catalogo\/wp-json\/wp\/v2\/product_cat?post=22567"},{"taxonomy":"product_tag","embeddable":true,"href":"https:\/\/camimedicalsac.com\/catalogo\/wp-json\/wp\/v2\/product_tag?post=22567"}],"curies":[{"name":"wp","href":"https:\/\/api.w.org\/{rel}","templated":true}]}}