{"id":22568,"date":"2023-11-30T05:36:06","date_gmt":"2023-11-30T05:36:06","guid":{"rendered":"https:\/\/camimedicalsac.com\/catalogo\/?post_type=product&#038;p=22568"},"modified":"2023-11-30T05:36:09","modified_gmt":"2023-11-30T05:36:09","slug":"balanza-digital-pediatrica-20kg-x-10gr-sin-tallimetro","status":"publish","type":"product","link":"https:\/\/camimedicalsac.com\/catalogo\/producto\/balanza-digital-pediatrica-20kg-x-10gr-sin-tallimetro\/","title":{"rendered":"Balanza digital Pedi\u00e1trica 20kg x 10gr sin Tall\u00edmetro"},"content":{"rendered":"<p>Proporciona una forma precisa y segura de pesaje de beb\u00e9s y ni\u00f1os peque\u00f1os, el modelo 8440 de b\u00e1scula digital de Detecto es ideal para la salud en el hogar y cl\u00ednicas m\u00e9dicas. La bandeja de pesaje del 8440 puede ser removida para enderezar de su peso al ni\u00f1o y para el transporte f\u00e1cil. El alto LCD 1-in\/25-mm ofrece libras y kilogramos de lecturas m\u00e1s cuenta con un in-reloj incorporado. La DIFERENCIA DE PESO de la b\u00e1scula clave proporciona la diferencia de peso entre el peso real en la b\u00e1scula y un peso almacenado en la memoria junto con su fecha y hora.<\/p>\n<ul>\n<li>Grande, f\u00e1cil de leer, con memoria de peso.<\/li>\n<li>Dise\u00f1o ergon\u00f3mico tanto para facilidad de uso como para seguridad de los beb\u00e9s.<\/li>\n<li>La fecha y hora se muestra autom\u00e1ticamente en modo de espera o presione el bot\u00f3n del tiempo\/peso durante el pesaje.<\/li>\n<li>Almacenamiento del peso anterior en la memoria de recuperaci\u00f3n.<\/li>\n<li>C\u00e1lculo del cambio en el peso.<\/li>\n<li>Indicador de bater\u00eda baja.<\/li>\n<li>Estuche opcional disponible (8440-CASE).<\/li>\n<li>La bandeja se pliega para facilitar el transporte y permitir el pesaje conveniente del ni\u00f1o de pie.<\/li>\n<\/ul>\n<p><strong>Accesorios opcionales:<\/strong><\/p>\n<ul>\n<li>Bolsa de transporte.<\/li>\n<li>Mesa.<\/li>\n<\/ul>\n<p><strong>Especificaciones:<\/strong><\/p>\n<ul>\n<li>Modelo: 8440.<\/li>\n<li>Capacidad: 44 lb x \u00bd oz \/ 20kg x 10g.<\/li>\n<li>Visualizados: 1 pul\/25mm altura LCD.<\/li>\n<li>Dimensiones bandeja: 523.9mm W x 266.7 mm D x 101.6mm H.<\/li>\n<li>Dimensiones b\u00e1scula: 247.7mm W x 285.8mm D x 190.5mm H.<\/li>\n<li>Peso de transporte: 3.6 kg.<\/li>\n<li>Energ\u00eda: 1 Bacteria alcalina de 9V (no incluida) y una bater\u00eda de 3V CR2032 de litio (incluida) para memoria.<\/li>\n<li>Funci\u00f3n reloj: Hora y fecha.<\/li>\n<li>Funci\u00f3n memoria: Memoria para comparaci\u00f3n del peso actual y almacenado.<\/li>\n<\/ul>\n<p><a href=\"https:\/\/camimedicalsac.com\/catalogo\/wp-content\/uploads\/2022\/09\/BALANZA-DIGITAL-PEDIATRICA.pdf\">BALANZA DIGITAL PEDIATRICA<\/a><\/p>\n","protected":false},"excerpt":{"rendered":"<h2><strong>Balanza digital Pedi\u00e1trica 20kg x 10gr sin Tall\u00edmetro<\/strong><\/h2>\n<p><strong>MARCA:<\/strong>\u00a0DETECTO<br \/>\n<strong>Modelo:<\/strong>\u00a08440<br \/>\n<strong>Procedencia :<\/strong>\u00a0CHINA<br \/>\n<strong>Garant\u00eda\u00a0 :\u00a0 \u00a0<\/strong>18 meses<\/p>\n<p>B\u00e1scula digital pedi\u00e1trica, con capacidad de 20 kg \u2013 10 g, sin tall\u00edmetro, bandeja removible, bater\u00eda CR2032 de 3 V incluida.<\/p>\n<p><strong>C\u00f3digo :<\/strong>\u00a0 C074.058<\/p>\n","protected":false},"featured_media":0,"comment_status":"closed","ping_status":"closed","template":"","meta":[],"product_cat":[174],"product_tag":[],"class_list":{"0":"post-22568","1":"product","2":"type-product","3":"status-publish","5":"product_cat-consultorios-externos","7":"first","8":"instock","9":"taxable","10":"shipping-taxable","11":"product-type-simple"},"_links":{"self":[{"href":"https:\/\/camimedicalsac.com\/catalogo\/wp-json\/wp\/v2\/product\/22568"}],"collection":[{"href":"https:\/\/camimedicalsac.com\/catalogo\/wp-json\/wp\/v2\/product"}],"about":[{"href":"https:\/\/camimedicalsac.com\/catalogo\/wp-json\/wp\/v2\/types\/product"}],"replies":[{"embeddable":true,"href":"https:\/\/camimedicalsac.com\/catalogo\/wp-json\/wp\/v2\/comments?post=22568"}],"wp:attachment":[{"href":"https:\/\/camimedicalsac.com\/catalogo\/wp-json\/wp\/v2\/media?parent=22568"}],"wp:term":[{"taxonomy":"product_cat","embeddable":true,"href":"https:\/\/camimedicalsac.com\/catalogo\/wp-json\/wp\/v2\/product_cat?post=22568"},{"taxonomy":"product_tag","embeddable":true,"href":"https:\/\/camimedicalsac.com\/catalogo\/wp-json\/wp\/v2\/product_tag?post=22568"}],"curies":[{"name":"wp","href":"https:\/\/api.w.org\/{rel}","templated":true}]}}