{"id":22569,"date":"2023-11-30T05:36:07","date_gmt":"2023-11-30T05:36:07","guid":{"rendered":"https:\/\/camimedicalsac.com\/catalogo\/?post_type=product&#038;p=22569"},"modified":"2023-11-30T05:36:09","modified_gmt":"2023-11-30T05:36:09","slug":"coche-de-emergencia-paro-4cajones-c-porta-desfib-balon-suero-aspirador","status":"publish","type":"product","link":"https:\/\/camimedicalsac.com\/catalogo\/producto\/coche-de-emergencia-paro-4cajones-c-porta-desfib-balon-suero-aspirador\/","title":{"rendered":"Coche de Emergencia \/ paro 4cajones c\/porta (desfib, balon \/suero\/aspirador)"},"content":{"rendered":"<p>Descargar\u00a0 \u00a0PDF\u00a0 \u00a0==&gt;<\/p>\n<p><a href=\"https:\/\/camimedicalsac.com\/catalogo\/wp-content\/uploads\/2022\/09\/Coche-de-emergencia-paro-4-cajones-con-porta-balon-suero-aspirador-Flexline-METRO.pdf\">Coche-de-emergencia-paro-4-cajones-con-porta-balon-suero-aspirador-Flexline-METRO<\/a><\/p>\n","protected":false},"excerpt":{"rendered":"<p>&nbsp;<\/p>\n<p>&nbsp;<\/p>\n<p>Marca:\u00a0 \u00a0Metro<\/p>\n<p>Modelo: Flexline FL<\/p>\n<p>Procedencia:\u00a0 EEUU<\/p>\n<p>Garant\u00eda : 18 meses<\/p>\n<h2>Descripci\u00f3n<\/h2>\n<p>El carro de paro\/emergencia es una unidad m\u00f3vil con aditivo antimicrobial en su construcci\u00f3n. Contiene compartimentos para equipos y medicamentos necesarios para atender en forma inmediata una emergencia m\u00e9dica con amenaza inminente a la vida en los servicios de UCI, emergencias y hospitalizaci\u00f3n.<\/p>\n<p><strong>C\u00f3digo :\u00a0 <\/strong>C083.304<\/p>\n","protected":false},"featured_media":0,"comment_status":"closed","ping_status":"closed","template":"","meta":[],"product_cat":[175],"product_tag":[],"class_list":{"0":"post-22569","1":"product","2":"type-product","3":"status-publish","5":"product_cat-cuidados-intensivos","7":"first","8":"instock","9":"taxable","10":"shipping-taxable","11":"product-type-simple"},"_links":{"self":[{"href":"https:\/\/camimedicalsac.com\/catalogo\/wp-json\/wp\/v2\/product\/22569"}],"collection":[{"href":"https:\/\/camimedicalsac.com\/catalogo\/wp-json\/wp\/v2\/product"}],"about":[{"href":"https:\/\/camimedicalsac.com\/catalogo\/wp-json\/wp\/v2\/types\/product"}],"replies":[{"embeddable":true,"href":"https:\/\/camimedicalsac.com\/catalogo\/wp-json\/wp\/v2\/comments?post=22569"}],"wp:attachment":[{"href":"https:\/\/camimedicalsac.com\/catalogo\/wp-json\/wp\/v2\/media?parent=22569"}],"wp:term":[{"taxonomy":"product_cat","embeddable":true,"href":"https:\/\/camimedicalsac.com\/catalogo\/wp-json\/wp\/v2\/product_cat?post=22569"},{"taxonomy":"product_tag","embeddable":true,"href":"https:\/\/camimedicalsac.com\/catalogo\/wp-json\/wp\/v2\/product_tag?post=22569"}],"curies":[{"name":"wp","href":"https:\/\/api.w.org\/{rel}","templated":true}]}}