{"id":22571,"date":"2023-11-30T05:36:07","date_gmt":"2023-11-30T05:36:07","guid":{"rendered":"https:\/\/camimedicalsac.com\/catalogo\/?post_type=product&#038;p=22571"},"modified":"2023-11-30T05:36:09","modified_gmt":"2023-11-30T05:36:09","slug":"monitor-paciente-_5-6-3-parametros-spo2-pni-temp","status":"publish","type":"product","link":"https:\/\/camimedicalsac.com\/catalogo\/producto\/monitor-paciente-_5-6-3-parametros-spo2-pni-temp\/","title":{"rendered":"Monitor paciente _5.6&#8243;  (3 par\u00e1metros SpO2\/PNI\/TEMP)"},"content":{"rendered":"<p><strong>Especificaciones<\/strong><br \/>\n<strong>Clasificaci\u00f3n <\/strong><\/p>\n<p>Tipo de Protecci\u00f3n : \u00a0\u00a0Equipo energizado internamente (con bater\u00eda de energ\u00eda)<br \/>\nGrado de Protecci\u00f3n: Parte aplicada tipo BF<br \/>\nModo de operaci\u00f3n: \u00a0\u00a0Inspecci\u00f3n de punto<br \/>\nTama\u00f1o y Peso\u00a0 \u00a0 : \u00a0\u00a0\u00a0\u00a0\u00a0\u00a0200.8 mm (Largo) x241 mm (Altura) x 189 mm (Prof.) \u00a0\/ 3kg Peso ligero y dise\u00f1o port\u00e1til<\/p>\n<p><strong>Pantalla<\/strong><\/p>\n<p>Pantalla 5.6\u201d Alta Resoluci\u00f3n TFT a color: 640&#215;480.<\/p>\n<p><strong>Bater\u00edas<\/strong><br \/>\nPoder AC: 100-240 VAC 50\/60 Hz Bater\u00eda<br \/>\nBater\u00eda de litio-ion recargable incorporada para trabajo de 10 horas continuas.<\/p>\n","protected":false},"excerpt":{"rendered":"<h2>Monitor paciente _5.6&#8243; (3 par\u00e1metros SpO2\/PNI\/TEMP)<\/h2>\n<p><strong>MARCA:<\/strong>\u00a0EDAN<\/p>\n<p><strong>Pa\u00eds de Origen:<\/strong>\u00a0CHINA<\/p>\n<p><strong>Modelo:<\/strong>\u00a0M3<\/p>\n<p><strong>Garant\u00eda:<\/strong>\u00a018 Meses<\/p>\n<p>El Monitor M3 ha demostrado ser una soluci\u00f3n duradera y eficaz para los pacientes ambulatorios, ambulancia y salas generales, el M3 brinda una monitorizaci\u00f3n m\u00e1s efectiva de signos vitales para los centros m\u00e9dicos regulares y ambulatorios<\/p>\n<p><strong>Descargar Catalogo:<\/strong><\/p>\n<p><strong><a href=\"https:\/\/camimedicalsac.com\/catalogo\/wp-content\/uploads\/2022\/10\/Monitor-de-signos-vitales_ORIG-1.pdf\">Monitor de signos vitales_ORIG<\/a><\/strong><\/p>\n","protected":false},"featured_media":0,"comment_status":"closed","ping_status":"closed","template":"","meta":[],"product_cat":[176],"product_tag":[],"class_list":{"0":"post-22571","1":"product","2":"type-product","3":"status-publish","5":"product_cat-covid_19","7":"first","8":"instock","9":"taxable","10":"shipping-taxable","11":"product-type-simple"},"_links":{"self":[{"href":"https:\/\/camimedicalsac.com\/catalogo\/wp-json\/wp\/v2\/product\/22571"}],"collection":[{"href":"https:\/\/camimedicalsac.com\/catalogo\/wp-json\/wp\/v2\/product"}],"about":[{"href":"https:\/\/camimedicalsac.com\/catalogo\/wp-json\/wp\/v2\/types\/product"}],"replies":[{"embeddable":true,"href":"https:\/\/camimedicalsac.com\/catalogo\/wp-json\/wp\/v2\/comments?post=22571"}],"wp:attachment":[{"href":"https:\/\/camimedicalsac.com\/catalogo\/wp-json\/wp\/v2\/media?parent=22571"}],"wp:term":[{"taxonomy":"product_cat","embeddable":true,"href":"https:\/\/camimedicalsac.com\/catalogo\/wp-json\/wp\/v2\/product_cat?post=22571"},{"taxonomy":"product_tag","embeddable":true,"href":"https:\/\/camimedicalsac.com\/catalogo\/wp-json\/wp\/v2\/product_tag?post=22571"}],"curies":[{"name":"wp","href":"https:\/\/api.w.org\/{rel}","templated":true}]}}