{"id":22572,"date":"2023-11-30T05:36:07","date_gmt":"2023-11-30T05:36:07","guid":{"rendered":"https:\/\/camimedicalsac.com\/catalogo\/?post_type=product&#038;p=22572"},"modified":"2023-11-30T05:36:09","modified_gmt":"2023-11-30T05:36:09","slug":"pulsoximetro-de-mano-spo2","status":"publish","type":"product","link":"https:\/\/camimedicalsac.com\/catalogo\/producto\/pulsoximetro-de-mano-spo2\/","title":{"rendered":"Pulsoximetro de mano SpO2"},"content":{"rendered":"<p><strong>Especificaciones<\/strong><br \/>\n<strong>Clasificaci\u00f3n<\/strong><\/p>\n<p>Tipo de Protecci\u00f3n: Equipo energizado internamente (en la energ\u00eda de la bater\u00eda)<\/p>\n<p>Cumplimiento EMC: Clase B<br \/>\nGrado de Protecci\u00f3n: Parte aplicada tipo BF<br \/>\nModo de operaci\u00f3n: Continua<br \/>\nTama\u00f1o y Peso\u00a0 \u00a0 : 160 (L) x 70(A) x 37.6(A) (mm)\u00a0 \/\u00a0 Peso 165g (sin bater\u00edas)<\/p>\n<p><strong>Pantalla<\/strong><\/p>\n<p>H100N\u00a0\u00a0\u00a0 LCD (128*64)<\/p>\n<p>Pantalla LCD con control de luz trasera<\/p>\n<p>Pantalla num\u00e9rica con pantalla pletismogr\u00e1fica<\/p>\n<p><strong>Bater\u00edas<\/strong><br \/>\nSuministro de Energ\u00eda: Bater\u00edas 4 piezas 1.5V AA 48horas<br \/>\nPer\u00edodo de Operaci\u00f3n: Trabajo continuo de hasta 30 horas<\/p>\n","protected":false},"excerpt":{"rendered":"<h2>Pulsoximetro de mano SpO2<\/h2>\n<p><strong>MARCA:<\/strong>\u00a0EDAN<\/p>\n<p><strong>Pa\u00eds de Origen:<\/strong>\u00a0CHINA<\/p>\n<p><strong>Modelo:<\/strong>\u00a0H100B<\/p>\n<p><strong>Garant\u00eda:<\/strong>\u00a018 Meses<\/p>\n<p>Como ox\u00edmetro de pulso port\u00e1til, el H100N est\u00e1 dise\u00f1ado para atender las necesidades del monitoreo de larga duraci\u00f3n y el control imprevisto.<\/p>\n<p><strong>Descargar Catalogo:<\/strong><\/p>\n<p><a href=\"https:\/\/camimedicalsac.com\/catalogo\/wp-content\/uploads\/2022\/10\/Oximetro-de-Pulso-Portatil_ORIG.pdf\">Oximetro de Pulso Port\u00e1til_ORIG<\/a><\/p>\n","protected":false},"featured_media":0,"comment_status":"closed","ping_status":"closed","template":"","meta":[],"product_cat":[176],"product_tag":[],"class_list":{"0":"post-22572","1":"product","2":"type-product","3":"status-publish","5":"product_cat-covid_19","7":"first","8":"instock","9":"taxable","10":"shipping-taxable","11":"product-type-simple"},"_links":{"self":[{"href":"https:\/\/camimedicalsac.com\/catalogo\/wp-json\/wp\/v2\/product\/22572"}],"collection":[{"href":"https:\/\/camimedicalsac.com\/catalogo\/wp-json\/wp\/v2\/product"}],"about":[{"href":"https:\/\/camimedicalsac.com\/catalogo\/wp-json\/wp\/v2\/types\/product"}],"replies":[{"embeddable":true,"href":"https:\/\/camimedicalsac.com\/catalogo\/wp-json\/wp\/v2\/comments?post=22572"}],"wp:attachment":[{"href":"https:\/\/camimedicalsac.com\/catalogo\/wp-json\/wp\/v2\/media?parent=22572"}],"wp:term":[{"taxonomy":"product_cat","embeddable":true,"href":"https:\/\/camimedicalsac.com\/catalogo\/wp-json\/wp\/v2\/product_cat?post=22572"},{"taxonomy":"product_tag","embeddable":true,"href":"https:\/\/camimedicalsac.com\/catalogo\/wp-json\/wp\/v2\/product_tag?post=22572"}],"curies":[{"name":"wp","href":"https:\/\/api.w.org\/{rel}","templated":true}]}}