{"id":22573,"date":"2023-11-30T05:36:07","date_gmt":"2023-11-30T05:36:07","guid":{"rendered":"https:\/\/camimedicalsac.com\/catalogo\/?post_type=product&#038;p=22573"},"modified":"2023-11-30T05:36:09","modified_gmt":"2023-11-30T05:36:09","slug":"monitor-paciente-8-im50","status":"publish","type":"product","link":"https:\/\/camimedicalsac.com\/catalogo\/producto\/monitor-paciente-8-im50\/","title":{"rendered":"Monitor paciente 8&#8221; (iM50)"},"content":{"rendered":"<p><b>Caracter\u00edsticas<\/b><strong>:<\/strong><\/p>\n<p><strong>Clasificaci\u00f3n<\/strong><\/p>\n<p>Ox\u00edmetro de pulso con dos modos de anti-interferencia<br \/>\nSoporte HL7 mediante archivos XML<br \/>\nDise\u00f1o s\u00f3lido y estado s\u00f3lido de eficacia probada.<br \/>\nTama\u00f1o y Peso: 260 mm (largo) x 140 mm (ancho) x 205 mm (alto) \/ Aprox. 3.6 kg<\/p>\n<p><strong>Pantalla<\/strong><\/p>\n<p>Pantalla TFT-LCD en color: 8.4 \u00b4\u00b4 (pantalla t\u00e1ctil opcional)<br \/>\nTrazados en pantalla: Hasta 8<br \/>\nFormas de onda en pantalla: Hasta 11<br \/>\nResoluci\u00f3n: 800 x 600<\/p>\n<p><strong>Bater\u00edas<\/strong><\/p>\n<p>Energ\u00eda: Bater\u00eda de litio recargable (hasta 7 horas)<\/p>\n","protected":false},"excerpt":{"rendered":"<h2><strong>Monitor paciente _8&#8221; configurado 5 paramet tactil c.impresor iM50<\/strong><\/h2>\n<p><strong>Marca:<\/strong>\u00a0EDAN<br \/>\n<strong>Procedencia:<\/strong>\u00a0CHINA<br \/>\n<strong>Modelo:<\/strong> iM50<br \/>\n<strong>Garant\u00eda:<\/strong>\u00a018 Meses<\/p>\n<p><strong>Descripci\u00f3n:<br \/>\n<\/strong>El monitor Im50, puede monitorear de forma remota el estado de cada paciente en cualquier parte dentro del hospital, adem\u00e1s se comunica con el servidor HIS a trav\u00e9s del protocolo HL7.<\/p>\n<p><strong>Descargar Catalogo:<br \/>\n<\/strong><a href=\"https:\/\/camimedicalsac.com\/catalogo\/wp-content\/uploads\/2022\/10\/Monitor-paciente-_8_ORIG.pdf\">Monitor paciente _8&#8221;_ORIG<\/a><\/p>\n","protected":false},"featured_media":0,"comment_status":"closed","ping_status":"closed","template":"","meta":[],"product_cat":[176],"product_tag":[],"class_list":{"0":"post-22573","1":"product","2":"type-product","3":"status-publish","5":"product_cat-covid_19","7":"first","8":"instock","9":"taxable","10":"shipping-taxable","11":"product-type-simple"},"_links":{"self":[{"href":"https:\/\/camimedicalsac.com\/catalogo\/wp-json\/wp\/v2\/product\/22573"}],"collection":[{"href":"https:\/\/camimedicalsac.com\/catalogo\/wp-json\/wp\/v2\/product"}],"about":[{"href":"https:\/\/camimedicalsac.com\/catalogo\/wp-json\/wp\/v2\/types\/product"}],"replies":[{"embeddable":true,"href":"https:\/\/camimedicalsac.com\/catalogo\/wp-json\/wp\/v2\/comments?post=22573"}],"wp:attachment":[{"href":"https:\/\/camimedicalsac.com\/catalogo\/wp-json\/wp\/v2\/media?parent=22573"}],"wp:term":[{"taxonomy":"product_cat","embeddable":true,"href":"https:\/\/camimedicalsac.com\/catalogo\/wp-json\/wp\/v2\/product_cat?post=22573"},{"taxonomy":"product_tag","embeddable":true,"href":"https:\/\/camimedicalsac.com\/catalogo\/wp-json\/wp\/v2\/product_tag?post=22573"}],"curies":[{"name":"wp","href":"https:\/\/api.w.org\/{rel}","templated":true}]}}