{"id":22574,"date":"2023-11-30T05:36:07","date_gmt":"2023-11-30T05:36:07","guid":{"rendered":"https:\/\/camimedicalsac.com\/catalogo\/?post_type=product&#038;p=22574"},"modified":"2023-11-30T05:36:10","modified_gmt":"2023-11-30T05:36:10","slug":"regulador-de-oxigeno-c-2-reloj-m1-870-8fg","status":"publish","type":"product","link":"https:\/\/camimedicalsac.com\/catalogo\/producto\/regulador-de-oxigeno-c-2-reloj-m1-870-8fg\/","title":{"rendered":"Regulador de Oxigeno c\/2 reloj (M1-870-8FG)"},"content":{"rendered":"<p><strong>Especificaciones<\/strong><\/p>\n<p><strong>CARACTER\u00cdSTICAS:<\/strong><\/p>\n<ul>\n<li>Cuerpo de bronce cromado con c\u00e1mara de alta presi\u00f3n toda de bronce.<\/li>\n<li>Diafragma de neopreno durable<\/li>\n<li>Filtro sinterizado para dar seguridad extra y extender el tiempo de uso del regulador.<\/li>\n<li>Indicados en UL<\/li>\n<\/ul>\n<p><strong>MODELOS COMPACTOS (SERIES MR)<\/strong><\/p>\n<ul>\n<li>Indicador de 1-1\/2&#8221; de di\u00e1metro.<\/li>\n<\/ul>\n<p><strong>MODELOS DE DOS FASES:<\/strong><\/p>\n<ul>\n<li>Dise\u00f1o de dos fases para aplicaciones donde la precisi\u00f3n del control de flujo<\/li>\n<\/ul>\n<p>es cr\u00edtico para la calibraci\u00f3n y pruebas.<\/p>\n","protected":false},"excerpt":{"rendered":"<p><strong>Regulador de Oxigeno c\/2 reloj 1-8 Lpm M1-870-8FG<\/strong><\/p>\n<p><strong>MARCA:<\/strong>\u00a0WESTERN<\/p>\n<p><strong>Pa\u00eds de Origen:<\/strong>\u00a0ESTADOS UNIDOS DE NORTEAMERICA<\/p>\n<p><strong>Modelo:<\/strong> M1-870-8FG<\/p>\n<p><strong>Garant\u00eda:<\/strong>\u00a018 Meses<\/p>\n<p>El regulador cl\u00ednico de oxigeno monof\u00e1sico modelo M1-870-15FG est\u00e1 dise\u00f1ado con la \u00faltima tecnolog\u00eda y fabricado mediante proceso controlado.<\/p>\n<p><strong>Descargar Catalogo:<\/strong><\/p>\n<p><a href=\"https:\/\/camimedicalsac.com\/catalogo\/wp-content\/uploads\/2022\/10\/Regulador-de-Oxigeno-_ORIG.pdf\">Regulador de Oxigeno _ORIG<\/a><\/p>\n","protected":false},"featured_media":0,"comment_status":"closed","ping_status":"closed","template":"","meta":[],"product_cat":[176],"product_tag":[],"class_list":{"0":"post-22574","1":"product","2":"type-product","3":"status-publish","5":"product_cat-covid_19","7":"first","8":"instock","9":"taxable","10":"shipping-taxable","11":"product-type-simple"},"_links":{"self":[{"href":"https:\/\/camimedicalsac.com\/catalogo\/wp-json\/wp\/v2\/product\/22574"}],"collection":[{"href":"https:\/\/camimedicalsac.com\/catalogo\/wp-json\/wp\/v2\/product"}],"about":[{"href":"https:\/\/camimedicalsac.com\/catalogo\/wp-json\/wp\/v2\/types\/product"}],"replies":[{"embeddable":true,"href":"https:\/\/camimedicalsac.com\/catalogo\/wp-json\/wp\/v2\/comments?post=22574"}],"wp:attachment":[{"href":"https:\/\/camimedicalsac.com\/catalogo\/wp-json\/wp\/v2\/media?parent=22574"}],"wp:term":[{"taxonomy":"product_cat","embeddable":true,"href":"https:\/\/camimedicalsac.com\/catalogo\/wp-json\/wp\/v2\/product_cat?post=22574"},{"taxonomy":"product_tag","embeddable":true,"href":"https:\/\/camimedicalsac.com\/catalogo\/wp-json\/wp\/v2\/product_tag?post=22574"}],"curies":[{"name":"wp","href":"https:\/\/api.w.org\/{rel}","templated":true}]}}