{"id":22576,"date":"2023-11-30T05:36:07","date_gmt":"2023-11-30T05:36:07","guid":{"rendered":"https:\/\/camimedicalsac.com\/catalogo\/?post_type=product&#038;p=22576"},"modified":"2023-11-30T05:36:10","modified_gmt":"2023-11-30T05:36:10","slug":"aspirador-portatil-frasco-new-askir-20","status":"publish","type":"product","link":"https:\/\/camimedicalsac.com\/catalogo\/producto\/aspirador-portatil-frasco-new-askir-20\/","title":{"rendered":"Aspirador Port\u00e1til Frasco (New Askir 20)"},"content":{"rendered":"<p><strong>Especificaciones<\/strong><\/p>\n<p><strong>Clasificaci\u00f3n<\/strong><\/p>\n<p><strong><br \/>\n<\/strong>Clasificaci\u00f3n ISO 10079-1: ALTO VACIO\/ BAJO FLUJO<\/p>\n<p>Ciclo de trabajo: Operaci\u00f3n continua<\/p>\n<p>Cable de conexi\u00f3n con enchufe<\/p>\n<p>Sonda de aspiraci\u00f3n CH20<\/p>\n<p>Dimensiones: \u00a0cm 35 x 21 x 18<\/p>\n<p>Tensi\u00f3n de alimentaci\u00f3n: 230V-50Hz<\/p>\n<p>Carrito de transporte (opcional)<\/p>\n<p>Nivel de ruido: 60,5 dBA<\/p>\n<p>Peso: 2.50 Kg<\/p>\n","protected":false},"excerpt":{"rendered":"<p><strong>Aspirador portatil frasco 1Lt 16LPM New Askir 20 CAMI<\/strong><\/p>\n<p><strong>MARCA:<\/strong>\u00a0CAMI<\/p>\n<p><strong>Pa\u00eds de Origen:<\/strong>\u00a0ITALIA<\/p>\n<p><strong>Modelo:<\/strong> New Askir 20<\/p>\n<p><strong>Garant\u00eda:<\/strong>\u00a018 Meses<\/p>\n<p>Es una unidad de succi\u00f3n el\u00e9ctrica de sobremesa para la aspiraci\u00f3n de fluidos corporales, orales, nasales y aspiraci\u00f3n traqueal en adultos o ni\u00f1os. Est\u00e1 configurado seg\u00fan la norma EN 60601-1-11\u00b4\u00b4 para uso en atenci\u00f3n domiciliaria.<\/p>\n<p><strong>Descargar Catalogo:<\/strong><\/p>\n<p><a href=\"https:\/\/camimedicalsac.com\/catalogo\/wp-content\/uploads\/2022\/10\/Aspirador-portatil-frasco-1Lt-_ORIG.pdf\">Aspirador portatil frasco 1Lt _ORIG<\/a><\/p>\n","protected":false},"featured_media":0,"comment_status":"closed","ping_status":"closed","template":"","meta":[],"product_cat":[176],"product_tag":[],"class_list":{"0":"post-22576","1":"product","2":"type-product","3":"status-publish","5":"product_cat-covid_19","7":"first","8":"instock","9":"taxable","10":"shipping-taxable","11":"product-type-simple"},"_links":{"self":[{"href":"https:\/\/camimedicalsac.com\/catalogo\/wp-json\/wp\/v2\/product\/22576"}],"collection":[{"href":"https:\/\/camimedicalsac.com\/catalogo\/wp-json\/wp\/v2\/product"}],"about":[{"href":"https:\/\/camimedicalsac.com\/catalogo\/wp-json\/wp\/v2\/types\/product"}],"replies":[{"embeddable":true,"href":"https:\/\/camimedicalsac.com\/catalogo\/wp-json\/wp\/v2\/comments?post=22576"}],"wp:attachment":[{"href":"https:\/\/camimedicalsac.com\/catalogo\/wp-json\/wp\/v2\/media?parent=22576"}],"wp:term":[{"taxonomy":"product_cat","embeddable":true,"href":"https:\/\/camimedicalsac.com\/catalogo\/wp-json\/wp\/v2\/product_cat?post=22576"},{"taxonomy":"product_tag","embeddable":true,"href":"https:\/\/camimedicalsac.com\/catalogo\/wp-json\/wp\/v2\/product_tag?post=22576"}],"curies":[{"name":"wp","href":"https:\/\/api.w.org\/{rel}","templated":true}]}}