{"id":22580,"date":"2023-11-30T05:36:07","date_gmt":"2023-11-30T05:36:07","guid":{"rendered":"https:\/\/camimedicalsac.com\/catalogo\/?post_type=product&#038;p=22580"},"modified":"2023-11-30T05:36:10","modified_gmt":"2023-11-30T05:36:10","slug":"monitor-paciente-_8-configurado-5-parametros-tactil-c-impresor-diseno-slim-x8","status":"publish","type":"product","link":"https:\/\/camimedicalsac.com\/catalogo\/producto\/monitor-paciente-_8-configurado-5-parametros-tactil-c-impresor-diseno-slim-x8\/","title":{"rendered":"Monitor paciente _8&#8221; configurado 5 parametros tactil c.impresor dise\u00f1o Slim X8"},"content":{"rendered":"<p><strong>Especificaciones<\/strong><\/p>\n<p><strong>Clasificaci\u00f3n<\/strong><\/p>\n<p>Medidas: 236 mm (ancho), 147 mm (profundo), 236 mm (alto)<\/p>\n<p>An\u00e1lisis de Arritmia y Segmento ST<\/p>\n<p>Indicadores de alarmas visuales y audibles<\/p>\n<p>Pantalla T\u00e1ctil TFT LCD multicolor de alta resoluci\u00f3n de 8 pulgadas<\/p>\n<p>Indicaci\u00f3n de carga de bater\u00eda, y de conexi\u00f3n a red el\u00e9ctrica.<\/p>\n<p>Alarma visual y audible con 10 niveles de volumen<\/p>\n<p>Puerto de red (RJ45)<\/p>\n<p>Puerto USB (2) para almacenamiento de datos<\/p>\n<p>WiFi 802.11 b\/g\/n banda 2.4 Ghz ISM<\/p>\n<p>M\u00e9todo: oscilom\u00e9trico, manual, autom\u00e1tico y cont\u00ednuo<\/p>\n<p>Tipo de medici\u00f3n: sist\u00f3lica, diast\u00f3lica, media.<\/p>\n","protected":false},"excerpt":{"rendered":"<h2>Monitor paciente _8&#8221; (Slim X8)<\/h2>\n<p><strong>MARCA:<\/strong>\u00a0EDAN<\/p>\n<p><strong>Pa\u00eds de Origen:<\/strong>\u00a0CHINA<\/p>\n<p><strong>Modelo:<\/strong> X8<\/p>\n<p><strong>Garant\u00eda:<\/strong>\u00a018 Meses<\/p>\n<p>Monitor multiparam\u00e9trico de 5 par\u00e1metros con dise\u00f1o de pantalla ultra delgada, apto para uso en pacientes adultos, pedi\u00e1tricos y neonatos. Adem\u00e1s de la pantalla t\u00e1ctil el equipo puede operarse a trav\u00e9s de botones de funciones especiales y de una perilla giratoria ubicados en el panel frontal.<\/p>\n<p><strong>Descargar Catalogo:<\/strong><\/p>\n<p><a href=\"https:\/\/camimedicalsac.com\/catalogo\/wp-content\/uploads\/2022\/10\/Monitor-paciente-_8-Slim-X8_ORIG.pdf\">Monitor paciente _8&#8221; Slim X8_ORIG<\/a><\/p>\n","protected":false},"featured_media":0,"comment_status":"closed","ping_status":"closed","template":"","meta":[],"product_cat":[176],"product_tag":[],"class_list":{"0":"post-22580","1":"product","2":"type-product","3":"status-publish","5":"product_cat-covid_19","7":"first","8":"instock","9":"taxable","10":"shipping-taxable","11":"product-type-simple"},"_links":{"self":[{"href":"https:\/\/camimedicalsac.com\/catalogo\/wp-json\/wp\/v2\/product\/22580"}],"collection":[{"href":"https:\/\/camimedicalsac.com\/catalogo\/wp-json\/wp\/v2\/product"}],"about":[{"href":"https:\/\/camimedicalsac.com\/catalogo\/wp-json\/wp\/v2\/types\/product"}],"replies":[{"embeddable":true,"href":"https:\/\/camimedicalsac.com\/catalogo\/wp-json\/wp\/v2\/comments?post=22580"}],"wp:attachment":[{"href":"https:\/\/camimedicalsac.com\/catalogo\/wp-json\/wp\/v2\/media?parent=22580"}],"wp:term":[{"taxonomy":"product_cat","embeddable":true,"href":"https:\/\/camimedicalsac.com\/catalogo\/wp-json\/wp\/v2\/product_cat?post=22580"},{"taxonomy":"product_tag","embeddable":true,"href":"https:\/\/camimedicalsac.com\/catalogo\/wp-json\/wp\/v2\/product_tag?post=22580"}],"curies":[{"name":"wp","href":"https:\/\/api.w.org\/{rel}","templated":true}]}}