{"id":22593,"date":"2023-11-30T05:36:09","date_gmt":"2023-11-30T05:36:09","guid":{"rendered":"https:\/\/camimedicalsac.com\/catalogo\/?post_type=product&#038;p=22593"},"modified":"2023-11-30T05:36:11","modified_gmt":"2023-11-30T05:36:11","slug":"microscopio-binocular-c-iluminacion-led-bm-117-boeco","status":"publish","type":"product","link":"https:\/\/camimedicalsac.com\/catalogo\/producto\/microscopio-binocular-c-iluminacion-led-bm-117-boeco\/","title":{"rendered":"Microscopio Binocular c.iluminacion LED (BM-117 Boeco)"},"content":{"rendered":"<p><strong>DESCRIPCI\u00d3N:<\/strong><\/p>\n<p><strong>Caracter\u00edsticas:<\/strong><\/p>\n<p>Sistema de iluminaci\u00f3n LED con intensidad de luz ajustable<br \/>\nPermite trabajar con varios tipos de objetivos<br \/>\nRevolver porta-objetivos cu\u00e1druple<br \/>\nSistema de enfoque coaxial grueso y fino<\/p>\n<p><strong>Especificaciones T\u00e9cnicas:<\/strong><\/p>\n<p>Cabezal binocular, inclinado 30 \u00b0, giratorio 360 \u00b0<br \/>\nPar de Piezas oculares WF 10x \/ 18mm de campo ancho<br \/>\nObjetivos: DIN acrom\u00e1ticos: 4x \/ 0.10, 10x \/ 0.25, 40x \/ 0.65 (Resorte), 100x \/ 1.25 (Resorte, aceite)<br \/>\nPlataforma para espec\u00edficos mec\u00e1nica de doble capa, tama\u00f1o de 132 x 142 mm, rango de movimiento 75 x 40 mm<br \/>\nCondensador Abbe NA 1.2, diafragma Iris y filtro.<br \/>\nIluminaci\u00f3n tipo LED de 3W.<br \/>\nPermite realizar lecturas de graduaci\u00f3n de 4 micrones por divisi\u00f3n.<br \/>\nRango total de enfoque de 24 mm, con unidad de detecci\u00f3n de seguridad.<br \/>\nDimensiones (Ancho x Profundidad x Alto): 170 mm. x 310 mm. x 355 mm.<br \/>\nPeso: aprox. 5 Kg.<\/p>\n<p><strong>Accesorios Suministrados:<\/strong><br \/>\nFiltro azul<br \/>\nFiltro verde<br \/>\nFrasco de aceite de inmersi\u00f3n<br \/>\nCubierta de polvo<br \/>\nCable de alimentaci\u00f3n<\/p>\n","protected":false},"excerpt":{"rendered":"<h2>Microscopio Binocular LED (BM-117 Boeco)<\/h2>\n<p>Marca: BOECO<br \/>\nModelo:BM-117<br \/>\nProcedencia : CHINA<br \/>\nGarantia: 18 meses<\/p>\n<p><strong>DESCRIPCI\u00d3N:<br \/>\n<\/strong>Equipo para an\u00e1lisis de muestras. Para uso en Laboratorios Cl\u00ednicos e Instituciones Educativas (Universidades, Institutos).<\/p>\n<p>Descarga aqu\u00ed:<br \/>\n<a href=\"https:\/\/camimedicalsac.com\/catalogo\/wp-content\/uploads\/2022\/10\/Microscopio-Binocular-LED-BM-117-Boeco_ORIG.pdf\">Microscopio Binocular LED BM-117 Boeco_ORIG<\/a><\/p>\n","protected":false},"featured_media":0,"comment_status":"closed","ping_status":"closed","template":"","meta":[],"product_cat":[173],"product_tag":[],"class_list":{"0":"post-22593","1":"product","2":"type-product","3":"status-publish","5":"product_cat-laboratorio-clinico","7":"first","8":"instock","9":"taxable","10":"shipping-taxable","11":"product-type-simple"},"_links":{"self":[{"href":"https:\/\/camimedicalsac.com\/catalogo\/wp-json\/wp\/v2\/product\/22593"}],"collection":[{"href":"https:\/\/camimedicalsac.com\/catalogo\/wp-json\/wp\/v2\/product"}],"about":[{"href":"https:\/\/camimedicalsac.com\/catalogo\/wp-json\/wp\/v2\/types\/product"}],"replies":[{"embeddable":true,"href":"https:\/\/camimedicalsac.com\/catalogo\/wp-json\/wp\/v2\/comments?post=22593"}],"wp:attachment":[{"href":"https:\/\/camimedicalsac.com\/catalogo\/wp-json\/wp\/v2\/media?parent=22593"}],"wp:term":[{"taxonomy":"product_cat","embeddable":true,"href":"https:\/\/camimedicalsac.com\/catalogo\/wp-json\/wp\/v2\/product_cat?post=22593"},{"taxonomy":"product_tag","embeddable":true,"href":"https:\/\/camimedicalsac.com\/catalogo\/wp-json\/wp\/v2\/product_tag?post=22593"}],"curies":[{"name":"wp","href":"https:\/\/api.w.org\/{rel}","templated":true}]}}