{"id":22596,"date":"2023-11-30T05:36:09","date_gmt":"2023-11-30T05:36:09","guid":{"rendered":"https:\/\/camimedicalsac.com\/catalogo\/?post_type=product&#038;p=22596"},"modified":"2023-11-30T05:36:11","modified_gmt":"2023-11-30T05:36:11","slug":"balanza-analitica-220-gr-precision-de-0-01gr-blc-220-boeco","status":"publish","type":"product","link":"https:\/\/camimedicalsac.com\/catalogo\/producto\/balanza-analitica-220-gr-precision-de-0-01gr-blc-220-boeco\/","title":{"rendered":"Balanza analitica 220 gr \/ precision de 0.01gr BLC-220 Boeco"},"content":{"rendered":"<p><strong>Caracter\u00edsticas :<\/strong><br \/>\nCarga m\u00e1xima 220 g<br \/>\nLegibilidad 0,01 g<br \/>\nRango de tara 0-220 g<br \/>\nReproducibilidad \u00b1 0,02 g<br \/>\nLinealidad \u00b1 0,02 g<br \/>\nTama\u00f1o del platillo \u00f8 110 mm<br \/>\nTiempo de estabilizaci\u00f3n 4 seg.<br \/>\nCalibraci\u00f3n externa<br \/>\nPantalla LCD con retroiluminaci\u00f3n LED<br \/>\nTemperatura de trabajo .+10\u00b0C &#8211; +35\u00b0C<br \/>\nAlimentaci\u00f3n 9V\/100mA bater\u00eda \/AC adaptor<br \/>\nPeso neto\/ bruto 458 g \/ 390 g<br \/>\nDimensiones \/ Empaque 190x140x63 \/ 190x140x45 mm<\/p>\n","protected":false},"excerpt":{"rendered":"<h2>Balanza anal\u00edtica (BLC-220 Boeco)<\/h2>\n<p>Marca: BOECO<br \/>\nProcedencia: POLONIA<br \/>\nModelo: BLC 220<br \/>\nGarant\u00eda: 18 meses<\/p>\n<p><strong>Descripci\u00f3n:<br \/>\n<\/strong>Nuestro rango de balanzas de bajo costo, una alternativa para m\u00e1s<br \/>\naplicaciones b\u00e1sicas de pesaje . El BLC 220 es suministrado con una c\u00fapula de pl\u00e1stico y un adaptador AC el BLC 1500\/BLC 3000 son suministrados sin bater\u00eda y adaptador AC.\u00a0<strong><br \/>\n<\/strong><\/p>\n<p><strong>Descargar aqu\u00ed:<br \/>\n<a href=\"https:\/\/camimedicalsac.com\/catalogo\/wp-content\/uploads\/2022\/10\/Balanza-analitica-BLC-220-Boeco_ORIG.pdf\">Balanza analitica BLC-220 Boeco_ORIG<\/a><br \/>\n<\/strong><\/p>\n","protected":false},"featured_media":0,"comment_status":"closed","ping_status":"closed","template":"","meta":[],"product_cat":[173],"product_tag":[],"class_list":{"0":"post-22596","1":"product","2":"type-product","3":"status-publish","5":"product_cat-laboratorio-clinico","7":"first","8":"instock","9":"taxable","10":"shipping-taxable","11":"product-type-simple"},"_links":{"self":[{"href":"https:\/\/camimedicalsac.com\/catalogo\/wp-json\/wp\/v2\/product\/22596"}],"collection":[{"href":"https:\/\/camimedicalsac.com\/catalogo\/wp-json\/wp\/v2\/product"}],"about":[{"href":"https:\/\/camimedicalsac.com\/catalogo\/wp-json\/wp\/v2\/types\/product"}],"replies":[{"embeddable":true,"href":"https:\/\/camimedicalsac.com\/catalogo\/wp-json\/wp\/v2\/comments?post=22596"}],"wp:attachment":[{"href":"https:\/\/camimedicalsac.com\/catalogo\/wp-json\/wp\/v2\/media?parent=22596"}],"wp:term":[{"taxonomy":"product_cat","embeddable":true,"href":"https:\/\/camimedicalsac.com\/catalogo\/wp-json\/wp\/v2\/product_cat?post=22596"},{"taxonomy":"product_tag","embeddable":true,"href":"https:\/\/camimedicalsac.com\/catalogo\/wp-json\/wp\/v2\/product_tag?post=22596"}],"curies":[{"name":"wp","href":"https:\/\/api.w.org\/{rel}","templated":true}]}}