{"id":22597,"date":"2023-11-30T05:36:12","date_gmt":"2023-11-30T05:36:12","guid":{"rendered":"https:\/\/camimedicalsac.com\/catalogo\/?post_type=product&#038;p=22597"},"modified":"2023-11-30T05:36:14","modified_gmt":"2023-11-30T05:36:14","slug":"balanza-analitica-360-gr-precision-de-0-001gr-bps-41-boeco-2","status":"publish","type":"product","link":"https:\/\/camimedicalsac.com\/catalogo\/producto\/balanza-analitica-360-gr-precision-de-0-001gr-bps-41-boeco-2\/","title":{"rendered":"Balanza analitica 360 gr \/ precision de 0.001gr BPS-41 Boeco"},"content":{"rendered":"<p><strong>Caracter\u00edsticas:<\/strong><\/p>\n<p>Especificaci\u00f3n\u00a0 BPS 41<br \/>\nCapacidad M\u00e1x.\u00a0 360 g<br \/>\nCarga M\u00ednima\u00a0 0,02 g<br \/>\nLegibilidad 0,001 g<br \/>\nRango de tara\u00a0 &#8211; 360 g<br \/>\nRepetibilidad*\u00a0 0,001 g<br \/>\nLinealidad\u00a0 \u00b1 0,002 g<br \/>\nTama\u00f1o del Plato 128 x 128 mm<br \/>\nTiempo de Estabilizaci\u00f3n 2 seg.<br \/>\nCalibraci\u00f3n Interna (autom\u00e1tica)<br \/>\nInterfase 2xRS232, 2xUSB(A+B), WIFI (opcional)<br \/>\nPantalla LCD con luz de fondo<br \/>\nTemperatura de Trabajo + 10\u00b0C &#8211; +40\u00b0C<br \/>\nSuministro de Energ\u00eda 110-230 V AC, 50\/60 Hz<br \/>\nPeso Neto\/ Peso Bruto 4,3 kgs \/ 6,3 kg 4,8 \/ 6,3 kg<br \/>\nTama\u00f1o \/ Tama\u00f1o del Paquete 335x210x80\/160 \/ 470x380x336 mm<\/p>\n","protected":false},"excerpt":{"rendered":"<h2>Balanza anal\u00edtica 360 gr (BPS-41 Boeco)<\/h2>\n<p>Marca: BOECO<br \/>\nProcedencia: POLONIA<br \/>\nModelo: BPS 41<br \/>\nGarant\u00eda: 18 meses<\/p>\n<p><strong>Descripci\u00f3n:<\/strong><br \/>\nNuestras balanzas est\u00e1ndar de precisi\u00f3n con calibraci\u00f3n interna autom\u00e1tica, conteo de Piezas, peso en porcentaje, revisi\u00f3n, totalizaci\u00f3n, llenado,<br \/>\nprocedimientos de GLP.<\/p>\n<p><strong>Descarga aqu\u00ed:<br \/>\n<\/strong><a href=\"https:\/\/camimedicalsac.com\/catalogo\/wp-content\/uploads\/2022\/10\/Balanza-analitica-360-gr-BPS-41-Boeco_ORIG.pdf\">Balanza anal\u00edtica 360 gr (BPS-41 Boeco)_ORIG<\/a><\/p>\n","protected":false},"featured_media":0,"comment_status":"closed","ping_status":"closed","template":"","meta":[],"product_cat":[173],"product_tag":[],"class_list":{"0":"post-22597","1":"product","2":"type-product","3":"status-publish","5":"product_cat-laboratorio-clinico","7":"first","8":"instock","9":"taxable","10":"shipping-taxable","11":"product-type-simple"},"_links":{"self":[{"href":"https:\/\/camimedicalsac.com\/catalogo\/wp-json\/wp\/v2\/product\/22597"}],"collection":[{"href":"https:\/\/camimedicalsac.com\/catalogo\/wp-json\/wp\/v2\/product"}],"about":[{"href":"https:\/\/camimedicalsac.com\/catalogo\/wp-json\/wp\/v2\/types\/product"}],"replies":[{"embeddable":true,"href":"https:\/\/camimedicalsac.com\/catalogo\/wp-json\/wp\/v2\/comments?post=22597"}],"wp:attachment":[{"href":"https:\/\/camimedicalsac.com\/catalogo\/wp-json\/wp\/v2\/media?parent=22597"}],"wp:term":[{"taxonomy":"product_cat","embeddable":true,"href":"https:\/\/camimedicalsac.com\/catalogo\/wp-json\/wp\/v2\/product_cat?post=22597"},{"taxonomy":"product_tag","embeddable":true,"href":"https:\/\/camimedicalsac.com\/catalogo\/wp-json\/wp\/v2\/product_tag?post=22597"}],"curies":[{"name":"wp","href":"https:\/\/api.w.org\/{rel}","templated":true}]}}