{"id":22600,"date":"2023-11-30T05:36:12","date_gmt":"2023-11-30T05:36:12","guid":{"rendered":"https:\/\/camimedicalsac.com\/catalogo\/?post_type=product&#038;p=22600"},"modified":"2023-11-30T05:36:15","modified_gmt":"2023-11-30T05:36:15","slug":"congelador-vertical-p-banco-de-sangre-86oc-370-lts-13p3-arctiko-uluf-450-2m","status":"publish","type":"product","link":"https:\/\/camimedicalsac.com\/catalogo\/producto\/congelador-vertical-p-banco-de-sangre-86oc-370-lts-13p3-arctiko-uluf-450-2m\/","title":{"rendered":"Congelador vertical p.banco de sangre -86\u00baC 370 lts (13p3) Arctiko ULUF-450 2M"},"content":{"rendered":"<p><strong>Caracter\u00edsticas:<\/strong><br \/>\nRegulador micro procesador con pantalla num\u00e9rica<br \/>\nBater\u00eda back up de 72 horas para las alarmas, el registro y la pantalla de las temperaturas en caso de corte de corriente<br \/>\nAlarmas visuales y ac\u00fasticas<br \/>\nAlarma de sobre temperaturas (+\/-)<br \/>\nAlarma de corte de corriente<br \/>\nAlarma en caso de corte de la sonda<br \/>\nAlarma en caso de corte de los instrumentos<br \/>\nAlarma en caso de puerta abierta<br \/>\nToma de corriente para el control remoto<br \/>\nPosibilidad de instalar una alarma GSM<br \/>\nBase de datos integrada (software<br \/>\nincluido)<br \/>\nReproducci\u00f3n USB del ordenador de datos<br \/>\nCiclo autom\u00e1tico en caso de corte de la sonda<br \/>\nPantalla con la temperatura ambiente<br \/>\nDescarga directa con llave USB<br \/>\nProtecci\u00f3n con contrase\u00f1a a 3 niveles<br \/>\nIndicaci\u00f3n del nivel de bater\u00eda<br \/>\nMemoria integrada<\/p>\n","protected":false},"excerpt":{"rendered":"<h2>Congelador vertical p. banco de sangre\u00a0 Arctiko (ULUF-450 2M)<\/h2>\n<p>Marca: ARCTIKO<br \/>\nProcedencia: DINAMARCA<br \/>\nModelo:ULUF-450 2M<\/p>\n<p><strong>Descripci\u00f3n:<\/strong><\/p>\n<p>La serie ULUF es el resultado de nuestra pasi\u00f3n por la innovaci\u00f3n y la investigaci\u00f3n, de ser siempre capaces de ofrecer lo mejor en ultra congelaci\u00f3n. Una vez m\u00e1s, hemos establecido nuevos patrones con el controlador m\u00e1s f\u00e1cil de usar del mercado.<\/p>\n<p><strong>Descargar aqu\u00ed:<\/strong><br \/>\n<a href=\"https:\/\/camimedicalsac.com\/catalogo\/wp-content\/uploads\/2022\/10\/Congelador-vertical-Arctiko-ULUF-450-_ORIG-1.pdf\">Congelador vertical Arctiko ULUF-450 _ORIG<\/a><\/p>\n","protected":false},"featured_media":0,"comment_status":"closed","ping_status":"closed","template":"","meta":[],"product_cat":[173],"product_tag":[],"class_list":{"0":"post-22600","1":"product","2":"type-product","3":"status-publish","5":"product_cat-laboratorio-clinico","7":"first","8":"instock","9":"taxable","10":"shipping-taxable","11":"product-type-simple"},"_links":{"self":[{"href":"https:\/\/camimedicalsac.com\/catalogo\/wp-json\/wp\/v2\/product\/22600"}],"collection":[{"href":"https:\/\/camimedicalsac.com\/catalogo\/wp-json\/wp\/v2\/product"}],"about":[{"href":"https:\/\/camimedicalsac.com\/catalogo\/wp-json\/wp\/v2\/types\/product"}],"replies":[{"embeddable":true,"href":"https:\/\/camimedicalsac.com\/catalogo\/wp-json\/wp\/v2\/comments?post=22600"}],"wp:attachment":[{"href":"https:\/\/camimedicalsac.com\/catalogo\/wp-json\/wp\/v2\/media?parent=22600"}],"wp:term":[{"taxonomy":"product_cat","embeddable":true,"href":"https:\/\/camimedicalsac.com\/catalogo\/wp-json\/wp\/v2\/product_cat?post=22600"},{"taxonomy":"product_tag","embeddable":true,"href":"https:\/\/camimedicalsac.com\/catalogo\/wp-json\/wp\/v2\/product_tag?post=22600"}],"curies":[{"name":"wp","href":"https:\/\/api.w.org\/{rel}","templated":true}]}}