{"id":22604,"date":"2023-11-30T05:36:13","date_gmt":"2023-11-30T05:36:13","guid":{"rendered":"https:\/\/camimedicalsac.com\/catalogo\/?post_type=product&#038;p=22604"},"modified":"2023-11-30T05:36:15","modified_gmt":"2023-11-30T05:36:15","slug":"autoclave-rodable-160-lts-automatica-clase-b-c-gen-d-line-380v-3ph-220v-1ph","status":"publish","type":"product","link":"https:\/\/camimedicalsac.com\/catalogo\/producto\/autoclave-rodable-160-lts-automatica-clase-b-c-gen-d-line-380v-3ph-220v-1ph\/","title":{"rendered":"Autoclave rodable 160 Lts automatica clase-B c\/gen D-line 380V.3ph \/ 220V.1ph"},"content":{"rendered":"<div class=\"lightstrip\">\n<div class=\"left50\">\n<p><strong>Caracter\u00edsticas:<\/strong><\/p>\n<p>Compacto Dise\u00f1o estrecho\u00a0 pasa a trav\u00e9s de puertas comunes.<br \/>\nEspacio m\u00ednimo autoclave de gran capacidad que no ocupa mucho lugar.<br \/>\nModo Independiente (Opcional en modelo WS) :No es necesario conectar el esterilizador a las instalaciones de agua destilada, agua corriente ni de drenaje del edificio.<br \/>\nSistema de ahorro de agua utiliza s\u00f3lo 5 litros de agua por d\u00eda (opcional &#8211; modelo WS)<br \/>\nModo de reposo :Permite al usuario fijar los horarios en los que el esterilizador consumir\u00e1 un m\u00ednimo de energ\u00eda.<\/p>\n<\/div>\n<\/div>\n<div class=\"lightstrip\">\n<div>Ciclo con tarifas bajas :Estableciendo un tiempo de inicio retardado, Ud. puede activar su esterilizador cuando los costos de energ\u00eda el\u00e9ctrica son bajos. Por ejemplo, despu\u00e9s de las hora de trabajo.<br \/>\nMovilidad : Sencillo desplazamiento del autoclave gracias a las ruedas incorporadas.<br \/>\nInstalaci\u00f3n sencilla : Se conecta a los servicios por medio de tubos flexibles.<br \/>\nDise\u00f1o flexible de la superficie gracias a la movilidad y a la instalaci\u00f3n sencilla, los centros m\u00e9dicos pueden adaptar f\u00e1cilmente la disposici\u00f3n de su superficie de trabajo.<\/div>\n<\/div>\n","protected":false},"excerpt":{"rendered":"<h2>Autoclave rodable 160 Lts automatica clase-B c\/gen D-line 380V.3ph \/ 220V.1ph<\/h2>\n<p>Marca: TUTTNAUER<br \/>\nProcedencia: ISRAEL<br \/>\nModelo:\u00a05075 HSG-WS-PD<br \/>\nGarant\u00eda: 18 meses<\/p>\n<p><strong>Descripci\u00f3n:<\/strong><\/p>\n<p>El 5075 es utilizado habitualmente para ciclos r\u00e1pidos en hospitales peque\u00f1os, centros m\u00e9dicos, as\u00ed como en otros centros de salud medianos que requieren una capacidad de carga sustancial. Muchos a\u00f1os de experiencia en tecnolog\u00eda de esterilizaci\u00f3n industrial se han incorporado al autoclave 5075, para convertirlo en un esterilizador de grado hospitalario ideal.<\/p>\n<p><strong>Descargar aqu\u00ed:\u00a0<\/strong><br \/>\n<a href=\"https:\/\/camimedicalsac.com\/catalogo\/wp-content\/uploads\/2022\/10\/Autoclave-rodable-160-Lts-automatica_ORIG.pdf\">Autoclave rodable 160 Lts automatica_ORIG<\/a><\/p>\n","protected":false},"featured_media":0,"comment_status":"closed","ping_status":"closed","template":"","meta":[],"product_cat":[173],"product_tag":[],"class_list":{"0":"post-22604","1":"product","2":"type-product","3":"status-publish","5":"product_cat-laboratorio-clinico","7":"first","8":"instock","9":"taxable","10":"shipping-taxable","11":"product-type-simple"},"_links":{"self":[{"href":"https:\/\/camimedicalsac.com\/catalogo\/wp-json\/wp\/v2\/product\/22604"}],"collection":[{"href":"https:\/\/camimedicalsac.com\/catalogo\/wp-json\/wp\/v2\/product"}],"about":[{"href":"https:\/\/camimedicalsac.com\/catalogo\/wp-json\/wp\/v2\/types\/product"}],"replies":[{"embeddable":true,"href":"https:\/\/camimedicalsac.com\/catalogo\/wp-json\/wp\/v2\/comments?post=22604"}],"wp:attachment":[{"href":"https:\/\/camimedicalsac.com\/catalogo\/wp-json\/wp\/v2\/media?parent=22604"}],"wp:term":[{"taxonomy":"product_cat","embeddable":true,"href":"https:\/\/camimedicalsac.com\/catalogo\/wp-json\/wp\/v2\/product_cat?post=22604"},{"taxonomy":"product_tag","embeddable":true,"href":"https:\/\/camimedicalsac.com\/catalogo\/wp-json\/wp\/v2\/product_tag?post=22604"}],"curies":[{"name":"wp","href":"https:\/\/api.w.org\/{rel}","templated":true}]}}