{"id":22606,"date":"2023-11-30T05:36:13","date_gmt":"2023-11-30T05:36:13","guid":{"rendered":"https:\/\/camimedicalsac.com\/catalogo\/?post_type=product&#038;p=22606"},"modified":"2023-11-30T05:36:15","modified_gmt":"2023-11-30T05:36:15","slug":"agitador-magnetico-c-plataforma-de-calentamiento-msh-130-boeco","status":"publish","type":"product","link":"https:\/\/camimedicalsac.com\/catalogo\/producto\/agitador-magnetico-c-plataforma-de-calentamiento-msh-130-boeco\/","title":{"rendered":"Agitador magnetico c\/plataforma de calentamiento MSH 130 Boeco"},"content":{"rendered":"<p><strong>Caracter\u00edsticas:<br \/>\n<\/strong>Agitador magn\u00e9tico con perilla para regular velocidad y temperatura con placa superior de aluminio para calentamiento y agitaci\u00f3n de los reactivos qu\u00edmicos de forma simult\u00e1nea.<\/p>\n<p><strong>Accesorios incluidos:<\/strong><br \/>\nBarra magn\u00e9tica, manual de usuario.<\/p>\n<p><strong>Especificaci\u00f3n:<\/strong><br \/>\nRango de Velocidad : 250 -1250 l\/min.<br \/>\nTemperatura de Regulaci\u00f3n : 370 C\u00ba<br \/>\nM\u00e1ximo Volumen de Agitaci\u00f3n : Hasta 5,0 L<br \/>\nTama\u00f1o de la plataforma : 130 mm, di\u00e1metro<br \/>\nMaterial de la plataforma : Aluminio<br \/>\nTama\u00f1o General : 173 (An.) x 281 (prof.) x 101 (alto) mm<br \/>\nEnerg\u00eda : 220 Watts<br \/>\nPeso : 3,1 Kg.<\/p>\n","protected":false},"excerpt":{"rendered":"<h2>Agitador magnetico c\/plataforma de calentamiento (MSH 130 Boeco)<\/h2>\n<p>Marca: BOECO<br \/>\nProcedencia: ALEMANIA<br \/>\nModelo:\u00a0MSH 130<br \/>\nGarant\u00eda : 18 meses<\/p>\n<p><strong>Descripci\u00f3n:<\/strong><\/p>\n<p>Agitador magn\u00e9tico con placa calefactora de aluminio de 130 mm, 220 W, 250 a 1500 rev\/min, 30 a 370 \u00baC, volumen hasta 5,0 L. Dise\u00f1ado para una efectiva agitaci\u00f3n y calentamiento de diferentes l\u00edquidos.<\/p>\n<p><strong>Descargar aqu\u00ed:<br \/>\n<\/strong><a href=\"https:\/\/camimedicalsac.com\/catalogo\/wp-content\/uploads\/2022\/10\/Agitador-magnetico-MSH-130-Boeco_ORIG.pdf\">Agitador magnetico MSH 130 Boeco_ORIG<\/a><strong><br \/>\n<\/strong><\/p>\n","protected":false},"featured_media":0,"comment_status":"closed","ping_status":"closed","template":"","meta":[],"product_cat":[173],"product_tag":[],"class_list":{"0":"post-22606","1":"product","2":"type-product","3":"status-publish","5":"product_cat-laboratorio-clinico","7":"first","8":"instock","9":"taxable","10":"shipping-taxable","11":"product-type-simple"},"_links":{"self":[{"href":"https:\/\/camimedicalsac.com\/catalogo\/wp-json\/wp\/v2\/product\/22606"}],"collection":[{"href":"https:\/\/camimedicalsac.com\/catalogo\/wp-json\/wp\/v2\/product"}],"about":[{"href":"https:\/\/camimedicalsac.com\/catalogo\/wp-json\/wp\/v2\/types\/product"}],"replies":[{"embeddable":true,"href":"https:\/\/camimedicalsac.com\/catalogo\/wp-json\/wp\/v2\/comments?post=22606"}],"wp:attachment":[{"href":"https:\/\/camimedicalsac.com\/catalogo\/wp-json\/wp\/v2\/media?parent=22606"}],"wp:term":[{"taxonomy":"product_cat","embeddable":true,"href":"https:\/\/camimedicalsac.com\/catalogo\/wp-json\/wp\/v2\/product_cat?post=22606"},{"taxonomy":"product_tag","embeddable":true,"href":"https:\/\/camimedicalsac.com\/catalogo\/wp-json\/wp\/v2\/product_tag?post=22606"}],"curies":[{"name":"wp","href":"https:\/\/api.w.org\/{rel}","templated":true}]}}