{"id":22607,"date":"2023-11-30T05:36:13","date_gmt":"2023-11-30T05:36:13","guid":{"rendered":"https:\/\/camimedicalsac.com\/catalogo\/?post_type=product&#038;p=22607"},"modified":"2023-11-30T05:36:15","modified_gmt":"2023-11-30T05:36:15","slug":"agitador-magnetico-c-plataforma-de-calentamiento-msh-420-boeco","status":"publish","type":"product","link":"https:\/\/camimedicalsac.com\/catalogo\/producto\/agitador-magnetico-c-plataforma-de-calentamiento-msh-420-boeco\/","title":{"rendered":"Agitador magnetico c\/plataforma de calentamiento MSH 420 Boeco"},"content":{"rendered":"<p><strong>Caracter\u00edsticas:<\/strong><\/p>\n<p>De tipo compacto con plataforma de vitro-cer\u00e1mica.<br \/>\nPlataforma de f\u00e1cil limpieza, resistente a productos qu\u00edmicos y rasgu\u00f1os.<br \/>\nPanel de control para el ajuste de la velocidad de agitaci\u00f3n y calentamiento de la plataforma.<br \/>\nCuenta con perillas para regulaci\u00f3n de velocidad y temperatura<br \/>\nProtecci\u00f3n contra sobre temperatura limita a 550 \u00b0 C con alarma visual.<br \/>\nCuenta con Indicadores LED para la energ\u00eda, calentamiento y agitaci\u00f3n.<\/p>\n<p><strong>Especificaciones T\u00e9cnicas:<\/strong><\/p>\n<p>Rango de velocidad: 60 a 1110 vueltas \/ min.<br \/>\nRegulaci\u00f3n de temperatura: temperatura ambiente hasta 450 \u00b0 C<br \/>\nVolumen m\u00e1ximo de mezcla: 15.0 litros<br \/>\nTama\u00f1o de la plataforma: 200 x 200 mm.<br \/>\nMaterial de la plataforma: vitro-cer\u00e1mica<br \/>\nSuministro de energ\u00eda: 220VAC 50\/60 Hz +\/- 10%<br \/>\nPotencia de calentamiento: 750 vatios<br \/>\nDimensiones aprox. (Ancho x profundidad x alto): 320 x 210 x 105 mm<br \/>\nPeso aprox .: 3.6 Kg<\/p>\n","protected":false},"excerpt":{"rendered":"<h2>Agitador magnetico c\/plataforma de calentamiento (MSH 420 Boeco)<\/h2>\n<p>Marca: BOECO<br \/>\nProcedencia: CHINA<br \/>\nModelo:\u00a0MSH 420<br \/>\nGarant\u00eda: 18 meses<\/p>\n<p><strong>Descripci\u00f3n:<\/strong><br \/>\nAgitador magn\u00e9tico accionado por motor con placa calefactora de vitrocer\u00e1mica todo en uno para agitar y calentar simult\u00e1neamente reactivos qu\u00edmicos. El MSH 420 proporciona indicadores LED de potencia, calentamiento y agitaci\u00f3n.<\/p>\n<p><strong>Descargar aqu\u00ed:<\/strong><br \/>\n<a href=\"https:\/\/camimedicalsac.com\/catalogo\/wp-content\/uploads\/2022\/10\/Agitador-magnetico-MSH-420-Boeco_ORIG.pdf\">Agitador magnetico MSH 420 Boeco_ORIG<\/a><\/p>\n<p>&nbsp;<\/p>\n","protected":false},"featured_media":0,"comment_status":"closed","ping_status":"closed","template":"","meta":[],"product_cat":[173],"product_tag":[],"class_list":{"0":"post-22607","1":"product","2":"type-product","3":"status-publish","5":"product_cat-laboratorio-clinico","7":"first","8":"instock","9":"taxable","10":"shipping-taxable","11":"product-type-simple"},"_links":{"self":[{"href":"https:\/\/camimedicalsac.com\/catalogo\/wp-json\/wp\/v2\/product\/22607"}],"collection":[{"href":"https:\/\/camimedicalsac.com\/catalogo\/wp-json\/wp\/v2\/product"}],"about":[{"href":"https:\/\/camimedicalsac.com\/catalogo\/wp-json\/wp\/v2\/types\/product"}],"replies":[{"embeddable":true,"href":"https:\/\/camimedicalsac.com\/catalogo\/wp-json\/wp\/v2\/comments?post=22607"}],"wp:attachment":[{"href":"https:\/\/camimedicalsac.com\/catalogo\/wp-json\/wp\/v2\/media?parent=22607"}],"wp:term":[{"taxonomy":"product_cat","embeddable":true,"href":"https:\/\/camimedicalsac.com\/catalogo\/wp-json\/wp\/v2\/product_cat?post=22607"},{"taxonomy":"product_tag","embeddable":true,"href":"https:\/\/camimedicalsac.com\/catalogo\/wp-json\/wp\/v2\/product_tag?post=22607"}],"curies":[{"name":"wp","href":"https:\/\/api.w.org\/{rel}","templated":true}]}}