{"id":22613,"date":"2023-11-30T05:36:13","date_gmt":"2023-11-30T05:36:13","guid":{"rendered":"https:\/\/camimedicalsac.com\/catalogo\/?post_type=product&#038;p=22613"},"modified":"2023-11-30T05:36:16","modified_gmt":"2023-11-30T05:36:16","slug":"balanza-digital-adulto-250kgx100gr-c-tallimetro-dig-pd300dhr-detecto-mod-descont","status":"publish","type":"product","link":"https:\/\/camimedicalsac.com\/catalogo\/producto\/balanza-digital-adulto-250kgx100gr-c-tallimetro-dig-pd300dhr-detecto-mod-descont\/","title":{"rendered":"Balanza digital adulto 250Kgx100gr c\/tallimetro dig.PD300DHR Detecto MOD.DESCONT"},"content":{"rendered":"<p><strong>Caracter\u00edsticas:<\/strong><\/p>\n<p>Numero de modelo : PD300DHR (B\u00e1scula a nivel de vista con Tall\u00edmetro Digital)<br \/>\nCapacidad PD300: 220-550 lb x 0.2 lb (100-250 kg x 100 g)<br \/>\nUnidades de Peso Libras o Kilogramos (seleccionable)<br \/>\nPantalla Cinco d\u00edgitos, siete segmentos, 1.0\u201d (25 mm) alto LCD<br \/>\nTemperatura de Operaci\u00f3n 50 a 104\u00ba F (+10 a +40\u00ba C)<br \/>\nFunci\u00f3n de Teclado ON\/OFF, BMI HEIGHT\/ENTER, LOCK\/RELEASE, UNITS (PRINT\/UNITS en PD300), ZERO, RECALL y STORE<br \/>\nDimensiones PD300DHR: 48.0\u201d H x 14.0\u201d W x 17.0\u201d D (1,219 mm x 354 mm x 433 mm)<br \/>\nRequerimientos de Poder Seis (6) bater\u00edas alcalinas \u201cAA\u201d (no incluidas) o adaptador opcional 9V AC\/DC<\/p>\n","protected":false},"excerpt":{"rendered":"<h2>Balanza digital adulto c\/tallimetro dig. (PD300DHR Detecto)<\/h2>\n<p>Marca: DETECTO<br \/>\nProcedencia: CHINA<br \/>\nModelo:\u00a0PD300DHR<br \/>\nGarant\u00eda: 18 meses<\/p>\n<p><strong>Descripci\u00f3n:<br \/>\n<\/strong>La PD300DHR presenta una lectura de peso y altura digital en la que el paciente solo tenga que pararse sobre la b\u00e1scula, eleve el tall\u00edmetro y presione una tecla para autom\u00e1ticamente calcular el IMC.<\/p>\n<p><strong>Descargar aqu\u00ed:<\/strong><br \/>\n<a href=\"https:\/\/camimedicalsac.com\/catalogo\/wp-content\/uploads\/2022\/10\/Balanza-digital-adulto-PD300DHR-Detecto_ORIG.pdf\">Balanza digital adulto (PD300DHR Detecto)_ORIG<\/a><\/p>\n<p>&nbsp;<\/p>\n<div class=\"producto_detalle_block1_box1_slider\">\n<div class=\"producto_detalle_block1_box1_slider_img\"><\/div>\n<\/div>\n","protected":false},"featured_media":0,"comment_status":"closed","ping_status":"closed","template":"","meta":[],"product_cat":[174],"product_tag":[],"class_list":{"0":"post-22613","1":"product","2":"type-product","3":"status-publish","5":"product_cat-consultorios-externos","7":"first","8":"instock","9":"taxable","10":"shipping-taxable","11":"product-type-simple"},"_links":{"self":[{"href":"https:\/\/camimedicalsac.com\/catalogo\/wp-json\/wp\/v2\/product\/22613"}],"collection":[{"href":"https:\/\/camimedicalsac.com\/catalogo\/wp-json\/wp\/v2\/product"}],"about":[{"href":"https:\/\/camimedicalsac.com\/catalogo\/wp-json\/wp\/v2\/types\/product"}],"replies":[{"embeddable":true,"href":"https:\/\/camimedicalsac.com\/catalogo\/wp-json\/wp\/v2\/comments?post=22613"}],"wp:attachment":[{"href":"https:\/\/camimedicalsac.com\/catalogo\/wp-json\/wp\/v2\/media?parent=22613"}],"wp:term":[{"taxonomy":"product_cat","embeddable":true,"href":"https:\/\/camimedicalsac.com\/catalogo\/wp-json\/wp\/v2\/product_cat?post=22613"},{"taxonomy":"product_tag","embeddable":true,"href":"https:\/\/camimedicalsac.com\/catalogo\/wp-json\/wp\/v2\/product_tag?post=22613"}],"curies":[{"name":"wp","href":"https:\/\/api.w.org\/{rel}","templated":true}]}}