{"id":22614,"date":"2023-11-30T05:36:13","date_gmt":"2023-11-30T05:36:13","guid":{"rendered":"https:\/\/camimedicalsac.com\/catalogo\/?post_type=product&#038;p=22614"},"modified":"2023-11-30T05:36:16","modified_gmt":"2023-11-30T05:36:16","slug":"balanza-digital-de-piso-200-kg-x-100-gr-slimpro-detecto","status":"publish","type":"product","link":"https:\/\/camimedicalsac.com\/catalogo\/producto\/balanza-digital-de-piso-200-kg-x-100-gr-slimpro-detecto\/","title":{"rendered":"Balanza digital de piso 200 Kg x 100 gr. SLIMPRO DETECTO"},"content":{"rendered":"<p><strong>Caracter\u00edsticas:<\/strong><\/p>\n<p>Capacidad : 440 lb x 0.2 lb \/ 200 kg x 100 g.<br \/>\nPantalla :Cuatro d\u00edgitos, siete segmentos en pantalla LCD con d\u00edgitos de 1.5&#8243; \/ 3.8 cm de alto.<br \/>\n\u00c1rea de Pantalla: 3.15&#8243; W x 1.6&#8243; H \/ 8 cm An x 4 cm Alto<br \/>\nDimensi\u00f3n :17&#8243; An x 14.5&#8243; L x 1.4&#8243; Alto \/ 43 cm An x 37 cm L x 3 cm Alto<br \/>\nPuerto de Conectividad: Salida serial RS232 (requiere cable de interface opcional No. Parte 6600-1940)<br \/>\nPoder: 4 1.5V AAA bater\u00edas alcalinas (incluidas)<br \/>\nConstrucci\u00f3n Cerramiento: Policarbonato<br \/>\nUnidades :Kilogramos, Libras<br \/>\nFunciones: Encendido\/Apagado Autom\u00e1tico \/ Indicador de Bater\u00eda Baja<br \/>\nC\u00f3digo UPC :809161189001<br \/>\nPeso :5 lb \/ 2.3 kg<\/p>\n","protected":false},"excerpt":{"rendered":"<h2>Balanza digital de piso 200 Kg x 100 gr. SLIMPRO DETECTO<\/h2>\n<p>Marca: DETECTO<br \/>\nProcedencia: ESTADOS UNIDOS DE NORTEAMERICA<br \/>\nModelo:\u00a0SLIMPRO<br \/>\nGarant\u00eda: 18 meses<\/p>\n<p><strong>Descripci\u00f3n:<\/strong><br \/>\nLa SlimPRO de DETECTO es una b\u00e1scula digital de alta capacidad y bajo perfil para uso cl\u00ednico o personal. La plataforma extra-ancha f\u00e1cilmente acomoda a pacientes de hasta 440 lb\/200 kg.<\/p>\n<p><strong>Descargar aqu\u00ed:<\/strong><br \/>\n<a href=\"https:\/\/camimedicalsac.com\/catalogo\/wp-content\/uploads\/2022\/10\/Balanza-digital-de-piso-SLIMPRO-DETECTO_ORIG.pdf\">Balanza digital de piso (SLIMPRO-DETECTO)_ORIG<\/a><\/p>\n","protected":false},"featured_media":0,"comment_status":"closed","ping_status":"closed","template":"","meta":[],"product_cat":[174],"product_tag":[],"class_list":{"0":"post-22614","1":"product","2":"type-product","3":"status-publish","5":"product_cat-consultorios-externos","7":"first","8":"instock","9":"taxable","10":"shipping-taxable","11":"product-type-simple"},"_links":{"self":[{"href":"https:\/\/camimedicalsac.com\/catalogo\/wp-json\/wp\/v2\/product\/22614"}],"collection":[{"href":"https:\/\/camimedicalsac.com\/catalogo\/wp-json\/wp\/v2\/product"}],"about":[{"href":"https:\/\/camimedicalsac.com\/catalogo\/wp-json\/wp\/v2\/types\/product"}],"replies":[{"embeddable":true,"href":"https:\/\/camimedicalsac.com\/catalogo\/wp-json\/wp\/v2\/comments?post=22614"}],"wp:attachment":[{"href":"https:\/\/camimedicalsac.com\/catalogo\/wp-json\/wp\/v2\/media?parent=22614"}],"wp:term":[{"taxonomy":"product_cat","embeddable":true,"href":"https:\/\/camimedicalsac.com\/catalogo\/wp-json\/wp\/v2\/product_cat?post=22614"},{"taxonomy":"product_tag","embeddable":true,"href":"https:\/\/camimedicalsac.com\/catalogo\/wp-json\/wp\/v2\/product_tag?post=22614"}],"curies":[{"name":"wp","href":"https:\/\/api.w.org\/{rel}","templated":true}]}}