{"id":22616,"date":"2023-11-30T05:36:13","date_gmt":"2023-11-30T05:36:13","guid":{"rendered":"https:\/\/camimedicalsac.com\/catalogo\/?post_type=product&#038;p=22616"},"modified":"2023-11-30T05:36:16","modified_gmt":"2023-11-30T05:36:16","slug":"balanza-mecanica-pediatrica-65-kg-x-20-gr-mod-451-detecto","status":"publish","type":"product","link":"https:\/\/camimedicalsac.com\/catalogo\/producto\/balanza-mecanica-pediatrica-65-kg-x-20-gr-mod-451-detecto\/","title":{"rendered":"Balanza mec\u00e1nica pedi\u00e1trica 65 Kg x 20 Gr Mod. 451 Detecto"},"content":{"rendered":"<p><strong>Caracter\u00edsticas:\u00a0<\/strong><\/p>\n<p>Capacidades: \u00a0451 &#8211; 65 kg x 20 g<\/p>\n<p>Dimensiones Generales: 27&#8243; h x 22&#8243; w x 21&#8243; d \/69 cm h x 56 cm w x 53 cm d<\/p>\n<p>Dimensiones de Bandeja: 4.5&#8243; h x 22&#8243; w x 14.75&#8243; d \/ 11 cm h x 56 cm w x 37 cm d<\/p>\n<p>Peso de embarque: 33 lb \/ 15 kg<\/p>\n<p>Construcci\u00f3n: Acero pintado, con buen acabado<\/p>\n<p>Tall\u00edmetro : \u00a0medida de hasta 22 &#8221; \/ 56 cm<\/p>\n","protected":false},"excerpt":{"rendered":"<h2>Balanza mec\u00e1nica pedi\u00e1trica\u00a0 (Mod. 451 Detecto)<\/h2>\n<p>Marca: DETECTO<br \/>\nProcedencia: ESTADOS UNIDOS DE NORTEAMERICA<br \/>\nModelo:\u00a0451<br \/>\nGarant\u00eda: 18 meses<\/p>\n<p><strong>Descripci\u00f3n:<\/strong><br \/>\nEstas balanzas est\u00e1n dise\u00f1adas pensando en la actividad del bebe y est\u00e1n construidas con la calidad que usted espera de Detecto.<\/p>\n<p><strong>Descargar aqu\u00ed:<\/strong><br \/>\n<a href=\"https:\/\/camimedicalsac.com\/catalogo\/wp-content\/uploads\/2022\/10\/Balanza-pediatrica-Modelo-451-Detecto.pdf\">Balanza pediatrica Modelo 451 Detecto<\/a><\/p>\n","protected":false},"featured_media":0,"comment_status":"closed","ping_status":"closed","template":"","meta":[],"product_cat":[174],"product_tag":[],"class_list":{"0":"post-22616","1":"product","2":"type-product","3":"status-publish","5":"product_cat-consultorios-externos","7":"first","8":"instock","9":"taxable","10":"shipping-taxable","11":"product-type-simple"},"_links":{"self":[{"href":"https:\/\/camimedicalsac.com\/catalogo\/wp-json\/wp\/v2\/product\/22616"}],"collection":[{"href":"https:\/\/camimedicalsac.com\/catalogo\/wp-json\/wp\/v2\/product"}],"about":[{"href":"https:\/\/camimedicalsac.com\/catalogo\/wp-json\/wp\/v2\/types\/product"}],"replies":[{"embeddable":true,"href":"https:\/\/camimedicalsac.com\/catalogo\/wp-json\/wp\/v2\/comments?post=22616"}],"wp:attachment":[{"href":"https:\/\/camimedicalsac.com\/catalogo\/wp-json\/wp\/v2\/media?parent=22616"}],"wp:term":[{"taxonomy":"product_cat","embeddable":true,"href":"https:\/\/camimedicalsac.com\/catalogo\/wp-json\/wp\/v2\/product_cat?post=22616"},{"taxonomy":"product_tag","embeddable":true,"href":"https:\/\/camimedicalsac.com\/catalogo\/wp-json\/wp\/v2\/product_tag?post=22616"}],"curies":[{"name":"wp","href":"https:\/\/api.w.org\/{rel}","templated":true}]}}