{"id":22618,"date":"2023-11-30T05:36:14","date_gmt":"2023-11-30T05:36:14","guid":{"rendered":"https:\/\/camimedicalsac.com\/catalogo\/?post_type=product&#038;p=22618"},"modified":"2023-11-30T05:36:16","modified_gmt":"2023-11-30T05:36:16","slug":"lampara-frontal-led-microlight-c-cinta-craneal-j-008-31-290-heine","status":"publish","type":"product","link":"https:\/\/camimedicalsac.com\/catalogo\/producto\/lampara-frontal-led-microlight-c-cinta-craneal-j-008-31-290-heine\/","title":{"rendered":"Lampara frontal LED Microlight c\/cinta craneal J-008.31.290 Heine"},"content":{"rendered":"<p><strong>Caracter\u00edsticas:<\/strong><br \/>\nIluminaci\u00f3n :40 000 Lux a una distancia de trabajo de 250 mm<br \/>\nTemperatura de color : 6 250 Kelvin<br \/>\nDurabilidad de las l\u00e1mparas: LED de 1 W de gran potencia con 50 000 horas de tiempo de servicio<br \/>\nPeso: 50 g con S-FRAME, 165 g con Cinta Craneal Lightweight<br \/>\nAngulo de inclinaci\u00f3n : Regulable individualmente con progresi\u00f3n contima para<br \/>\ncualquier examen.<br \/>\nTiempo de servicio:\u00a0 17 horas (con mPack LL )<br \/>\nDise\u00f1o resistente al agua. F\u00e1cil de limpiar<br \/>\nCompacta y ligera. Asegura un confort perfecto<br \/>\nRegulaci\u00f3n individual de la altura y del \u00e1ngulo de inclinaci\u00f3n<\/p>\n","protected":false},"excerpt":{"rendered":"<h2>Lampara frontal LED Microlight c\/cinta craneal\u00a0 Heine<\/h2>\n<p>Marca: HEINE<br \/>\nProcedencia: ALEMANIA<br \/>\nModelo:\u00a0LED Microlight<br \/>\nGarant\u00eda: 18 meses<\/p>\n<p><strong>Descripci\u00f3n:<\/strong><br \/>\nLED MicroLight en S-FRAME con mPack LL y transformador de enchufe, cinta de sujeci\u00f3n en malet\u00edn J-008.31.290.<\/p>\n<p><strong>Descargar aqu\u00ed:<\/strong><br \/>\n<a href=\"https:\/\/camimedicalsac.com\/catalogo\/wp-content\/uploads\/2022\/10\/Lampara-frontal-LED-Microlight-J-008.31.290-Heine_ORIG.pdf\">Lampara frontal LED Microlight Heine_ORIG<\/a><\/p>\n<p>&nbsp;<\/p>\n","protected":false},"featured_media":0,"comment_status":"closed","ping_status":"closed","template":"","meta":[],"product_cat":[174],"product_tag":[],"class_list":{"0":"post-22618","1":"product","2":"type-product","3":"status-publish","5":"product_cat-consultorios-externos","7":"first","8":"instock","9":"taxable","10":"shipping-taxable","11":"product-type-simple"},"_links":{"self":[{"href":"https:\/\/camimedicalsac.com\/catalogo\/wp-json\/wp\/v2\/product\/22618"}],"collection":[{"href":"https:\/\/camimedicalsac.com\/catalogo\/wp-json\/wp\/v2\/product"}],"about":[{"href":"https:\/\/camimedicalsac.com\/catalogo\/wp-json\/wp\/v2\/types\/product"}],"replies":[{"embeddable":true,"href":"https:\/\/camimedicalsac.com\/catalogo\/wp-json\/wp\/v2\/comments?post=22618"}],"wp:attachment":[{"href":"https:\/\/camimedicalsac.com\/catalogo\/wp-json\/wp\/v2\/media?parent=22618"}],"wp:term":[{"taxonomy":"product_cat","embeddable":true,"href":"https:\/\/camimedicalsac.com\/catalogo\/wp-json\/wp\/v2\/product_cat?post=22618"},{"taxonomy":"product_tag","embeddable":true,"href":"https:\/\/camimedicalsac.com\/catalogo\/wp-json\/wp\/v2\/product_tag?post=22618"}],"curies":[{"name":"wp","href":"https:\/\/api.w.org\/{rel}","templated":true}]}}