{"id":22619,"date":"2023-11-30T05:36:14","date_gmt":"2023-11-30T05:36:14","guid":{"rendered":"https:\/\/camimedicalsac.com\/catalogo\/?post_type=product&#038;p=22619"},"modified":"2023-11-30T05:36:16","modified_gmt":"2023-11-30T05:36:16","slug":"otoscopio-ri-scope-l2-f-o-3-5v-solo-cabeza-xenon-10580-riester","status":"publish","type":"product","link":"https:\/\/camimedicalsac.com\/catalogo\/producto\/otoscopio-ri-scope-l2-f-o-3-5v-solo-cabeza-xenon-10580-riester\/","title":{"rendered":"Otoscopio Ri-Scope L2 F.O 3.5V (solo cabeza) Xenon 10580 Riester"},"content":{"rendered":"<p><strong>Caracter\u00edsticas:<\/strong><\/p>\n<p>Fibra \u00f3ptica para una focalizaci\u00f3n y conducci\u00f3n \u00f3ptimas de la luz.<br \/>\n\u00d3ptica de vidrio de 3 aumentos, hermetizante y orientable hacia ambos lados.<br \/>\nLente quir\u00fargica de 4 aumentos opcional.<br \/>\nCon alojamiento de esp\u00e9culos met\u00e1lico para esp\u00e9culos ri-mini\u00ae\/pen-scope\u00ae, compatible con esp\u00e9culos de otros fabricantes conocidos.<br \/>\nAdecuado para realizar pruebas neum\u00e1ticas (se suministra sin la pera).<br \/>\nOpcionalmente disponible con el mango C o AA (funciona con pilas alcalinas o de litio convencionales o bater\u00edas recargables de iones de litio)<\/p>\n","protected":false},"excerpt":{"rendered":"<h2>Otoscopio- Ri-Scope L2 F.O 3.5V (solo cabeza) Xenon 10580 Riester<\/h2>\n<p>Marca: RIESTER<br \/>\nProcedencia: ALEMANIA<br \/>\nModelo:\u00a010580<br \/>\nGarant\u00eda: 18 meses<\/p>\n<p><strong>Descripci\u00f3n:<\/strong><br \/>\nLa generaci\u00f3n m\u00e1s reciente de los otoscopios ri-scope\u00aeL con \u00f3ptica de vidrio y reflexi\u00f3n m\u00ednima combina cualidades \u00f3pticas excelentes y funciones \u00fanicas con la fiabilidad y la eficacia de la tecnolog\u00eda LED y de iones de litio.<\/p>\n<p><strong>Descargar aqu\u00ed:<\/strong><br \/>\n<a href=\"https:\/\/camimedicalsac.com\/catalogo\/wp-content\/uploads\/2022\/10\/Otoscopio-solo-cabeza-Xenon-10580-Riester_ORIG.pdf\">Otoscopio (solo cabeza) Xenon 10580 Riester_ORIG<\/a><\/p>\n<p>&nbsp;<\/p>\n","protected":false},"featured_media":0,"comment_status":"closed","ping_status":"closed","template":"","meta":[],"product_cat":[174],"product_tag":[],"class_list":{"0":"post-22619","1":"product","2":"type-product","3":"status-publish","5":"product_cat-consultorios-externos","7":"first","8":"instock","9":"taxable","10":"shipping-taxable","11":"product-type-simple"},"_links":{"self":[{"href":"https:\/\/camimedicalsac.com\/catalogo\/wp-json\/wp\/v2\/product\/22619"}],"collection":[{"href":"https:\/\/camimedicalsac.com\/catalogo\/wp-json\/wp\/v2\/product"}],"about":[{"href":"https:\/\/camimedicalsac.com\/catalogo\/wp-json\/wp\/v2\/types\/product"}],"replies":[{"embeddable":true,"href":"https:\/\/camimedicalsac.com\/catalogo\/wp-json\/wp\/v2\/comments?post=22619"}],"wp:attachment":[{"href":"https:\/\/camimedicalsac.com\/catalogo\/wp-json\/wp\/v2\/media?parent=22619"}],"wp:term":[{"taxonomy":"product_cat","embeddable":true,"href":"https:\/\/camimedicalsac.com\/catalogo\/wp-json\/wp\/v2\/product_cat?post=22619"},{"taxonomy":"product_tag","embeddable":true,"href":"https:\/\/camimedicalsac.com\/catalogo\/wp-json\/wp\/v2\/product_tag?post=22619"}],"curies":[{"name":"wp","href":"https:\/\/api.w.org\/{rel}","templated":true}]}}