{"id":22621,"date":"2023-11-30T05:36:14","date_gmt":"2023-11-30T05:36:14","guid":{"rendered":"https:\/\/camimedicalsac.com\/catalogo\/?post_type=product&#038;p=22621"},"modified":"2023-11-30T05:36:16","modified_gmt":"2023-11-30T05:36:16","slug":"tensiometro-aneroide-de-pared-gamma-xxl-lf-w-m-000-09-323-heine","status":"publish","type":"product","link":"https:\/\/camimedicalsac.com\/catalogo\/producto\/tensiometro-aneroide-de-pared-gamma-xxl-lf-w-m-000-09-323-heine\/","title":{"rendered":"Tensiometro aneroide de pared Gamma XXL LF-W M-000.09.323 Heine"},"content":{"rendered":"<p><strong>Caracter\u00edsticas:<\/strong><\/p>\n<p>Materiales sin l\u00e1tex.<br \/>\nModelo con una estabilidad especial, ideal para aplicaciones en hospitales y en<br \/>\nconsultorios.<br \/>\nEscala giratoria, grande (di\u00e1m. 130 mm), bien legible a gran distancia.<br \/>\nGran alcance mediante tubo espiralado (3 m).<br \/>\nAguja equilibrada para indicaciones exactas, ajustada establemente.<br \/>\nV\u00e1lvula de precisi\u00f3n de metal, desin* ado f\u00e1cil de dosi- car.<br \/>\nMan\u00f3metro de larga duraci\u00f3n preciso y libre de mantenimiento.<br \/>\nMontaje en pared, mesa, riel y tr\u00edpode con ruedas (ajustable en altura).<br \/>\n10 a\u00f1os de garant\u00eda.*<\/p>\n","protected":false},"excerpt":{"rendered":"<h2>Tensiometro aneroide de pared Gamma XXL LF-W M-000.09.323 Heine<\/h2>\n<p>Marca: HEINE<br \/>\nProcedencia: ALEMANIA<br \/>\nModelo:\u00a0Gamma XXL LF-W<br \/>\nGarant\u00eda: 18 meses<\/p>\n<p><strong>Descripci\u00f3n:<\/strong><br \/>\nEl GAMMA XXL LF\u2013 el sustituto ideal del aparato de mercurio que evita los da\u00f1os al medio ambiente<\/p>\n<p><strong>Descargar aqu\u00ed:<\/strong><br \/>\n<a href=\"https:\/\/camimedicalsac.com\/catalogo\/wp-content\/uploads\/2022\/10\/Tensiometro-aneroide-de-pared-Gamma-XXL-LF-W-Heine_ORIG.pdf\">Tensiometro aneroide de pared (Gamma XXL LF-W) Heine_ORIG<\/a><\/p>\n<div class=\"producto_detalle_block1_box1_slider\">\n<div class=\"producto_detalle_block1_box1_slider_img\">\n<div class=\"slick-list draggable\">\n<div class=\"slick-track\"><\/div>\n<\/div>\n<\/div>\n<\/div>\n<div class=\"producto_detalle_block1_box2_field\">\n<div class=\"producto_detalle_block1_box2_buy_title\"><\/div>\n<\/div>\n","protected":false},"featured_media":0,"comment_status":"closed","ping_status":"closed","template":"","meta":[],"product_cat":[174],"product_tag":[],"class_list":{"0":"post-22621","1":"product","2":"type-product","3":"status-publish","5":"product_cat-consultorios-externos","7":"first","8":"instock","9":"taxable","10":"shipping-taxable","11":"product-type-simple"},"_links":{"self":[{"href":"https:\/\/camimedicalsac.com\/catalogo\/wp-json\/wp\/v2\/product\/22621"}],"collection":[{"href":"https:\/\/camimedicalsac.com\/catalogo\/wp-json\/wp\/v2\/product"}],"about":[{"href":"https:\/\/camimedicalsac.com\/catalogo\/wp-json\/wp\/v2\/types\/product"}],"replies":[{"embeddable":true,"href":"https:\/\/camimedicalsac.com\/catalogo\/wp-json\/wp\/v2\/comments?post=22621"}],"wp:attachment":[{"href":"https:\/\/camimedicalsac.com\/catalogo\/wp-json\/wp\/v2\/media?parent=22621"}],"wp:term":[{"taxonomy":"product_cat","embeddable":true,"href":"https:\/\/camimedicalsac.com\/catalogo\/wp-json\/wp\/v2\/product_cat?post=22621"},{"taxonomy":"product_tag","embeddable":true,"href":"https:\/\/camimedicalsac.com\/catalogo\/wp-json\/wp\/v2\/product_tag?post=22621"}],"curies":[{"name":"wp","href":"https:\/\/api.w.org\/{rel}","templated":true}]}}