{"id":22623,"date":"2023-11-30T05:36:14","date_gmt":"2023-11-30T05:36:14","guid":{"rendered":"https:\/\/camimedicalsac.com\/catalogo\/?post_type=product&#038;p=22623"},"modified":"2023-11-30T05:36:16","modified_gmt":"2023-11-30T05:36:16","slug":"videolaringoscopio-p-intubacion-dificil-c-pant-lcd-3-4c-03-hojas-reusable-curva","status":"publish","type":"product","link":"https:\/\/camimedicalsac.com\/catalogo\/producto\/videolaringoscopio-p-intubacion-dificil-c-pant-lcd-3-4c-03-hojas-reusable-curva\/","title":{"rendered":"Videolaringoscopio p.intubacion dificil c.pant LCD 3.4&#8243;c.03 hojas reusable curva"},"content":{"rendered":"<p><strong>Caracter\u00edsticas:<\/strong><\/p>\n<p>Apariencia : Videolaringoscopio port\u00e1til con LED integrada y c\u00e1mara.<br \/>\nFunci\u00f3n: Vista en tiempo real de la v\u00eda a\u00e9rea y la colocaci\u00f3n de gu\u00eda.<br \/>\nPantalla tama\u00f1o: 3.5&#8243;LCD Vista completa \/ Tipo de c\u00e1mara CMOS.<br \/>\nAnti-niebla Obtenga la funci\u00f3n antiniebla al encender sin precalentar.<br \/>\nResoluci\u00f3n Alta resoluci\u00f3n de 2M p\u00edxeles.<br \/>\nSalida de datos Sube im\u00e1genes y videos por puerto USB a la computadora.<br \/>\nTipo de Bater\u00eda: Litio recargable \/ Voltaje 3.7V .<br \/>\nTiempo de trabajo 150 minutos continuos.<br \/>\nMango dise\u00f1o c\u00f3modo ergon\u00f3mico; antimicrobiano.<br \/>\nEsterilizaci\u00f3n La hoja reusable se puede esterilizar con l\u00edquido y reutilizar 1000veces.<\/p>\n","protected":false},"excerpt":{"rendered":"<h2>Videolaringoscopio p.intubacion dificil c.pant LCD 3.4&#8243;<\/h2>\n<p>Marca: HUGEMED<br \/>\nProcedencia: CHINA<br \/>\nModelo:\u00a0VL3R<br \/>\nGarant\u00eda: 18 meses<\/p>\n<p><strong>Descargar aqu\u00ed:<\/strong><br \/>\n<a href=\"https:\/\/camimedicalsac.com\/catalogo\/wp-content\/uploads\/2022\/10\/Videolaringoscopio-pintubacion-dificil-cpant-LCD-3-4_ORIG.pdf\">Videolaringoscopio pintubacion LCD 3.4&#8221;_ORIG<\/a><\/p>\n","protected":false},"featured_media":0,"comment_status":"closed","ping_status":"closed","template":"","meta":[],"product_cat":[176],"product_tag":[],"class_list":{"0":"post-22623","1":"product","2":"type-product","3":"status-publish","5":"product_cat-covid_19","7":"first","8":"instock","9":"taxable","10":"shipping-taxable","11":"product-type-simple"},"_links":{"self":[{"href":"https:\/\/camimedicalsac.com\/catalogo\/wp-json\/wp\/v2\/product\/22623"}],"collection":[{"href":"https:\/\/camimedicalsac.com\/catalogo\/wp-json\/wp\/v2\/product"}],"about":[{"href":"https:\/\/camimedicalsac.com\/catalogo\/wp-json\/wp\/v2\/types\/product"}],"replies":[{"embeddable":true,"href":"https:\/\/camimedicalsac.com\/catalogo\/wp-json\/wp\/v2\/comments?post=22623"}],"wp:attachment":[{"href":"https:\/\/camimedicalsac.com\/catalogo\/wp-json\/wp\/v2\/media?parent=22623"}],"wp:term":[{"taxonomy":"product_cat","embeddable":true,"href":"https:\/\/camimedicalsac.com\/catalogo\/wp-json\/wp\/v2\/product_cat?post=22623"},{"taxonomy":"product_tag","embeddable":true,"href":"https:\/\/camimedicalsac.com\/catalogo\/wp-json\/wp\/v2\/product_tag?post=22623"}],"curies":[{"name":"wp","href":"https:\/\/api.w.org\/{rel}","templated":true}]}}