{"id":22625,"date":"2023-11-30T05:36:14","date_gmt":"2023-11-30T05:36:14","guid":{"rendered":"https:\/\/camimedicalsac.com\/catalogo\/?post_type=product&#038;p=22625"},"modified":"2023-11-30T05:36:17","modified_gmt":"2023-11-30T05:36:17","slug":"aspirador-portatil-frasco-1lt-36lpm-askir-36-br-bateriacorriente-cami","status":"publish","type":"product","link":"https:\/\/camimedicalsac.com\/catalogo\/producto\/aspirador-portatil-frasco-1lt-36lpm-askir-36-br-bateriacorriente-cami\/","title":{"rendered":"Aspirador portatil frasco 1Lt 36LPM Askir 36 BR bateria&#038;corriente CAMI"},"content":{"rendered":"<p><strong>Caracter\u00edsticas:\u00a0<\/strong><\/p>\n<p>Motor: Bomba de pist\u00f3n libre de mantenimiento y lubricaci\u00f3n<br \/>\nTension de alimentacion: 14 V 4A con adaptador universal AC\/DC\u00a0 con bater\u00eda recargable Pb 12V 4A.<br \/>\nClasificaci\u00f3n ISO 10079-1 : ALTO VAC\u00cdO\/ALTO FLUJO<br \/>\nDimensiones: 35 cm x 21 x 18 \/ Peso : 4.39 kg<br \/>\nCiclo de trabajo: Operaci\u00f3n continua<br \/>\nFlujo de aire libre: 36\u00a0 l\/m<br \/>\nAdaptador de auto de 12 V<br \/>\nCable de Conexi\u00f3n con enchufe tipo &#8220;Shuko&#8221;<\/p>\n","protected":false},"excerpt":{"rendered":"<h2>Aspirador portatil frasco Askir 36 BR bateria&amp;corriente CAMI<\/h2>\n<p>Marca: CAMI<br \/>\nProcedencia: CHINA<br \/>\nModelo:\u00a0Askir 36 BR<br \/>\nGarant\u00eda: 18 meses<\/p>\n<p><strong>Descripci\u00f3n:<\/strong><br \/>\nLa askir 36BR es una unidad de succi\u00f3n port\u00e1til para la aspiraci\u00f3n de fluidos corporales, orales, nasales y aspiraci\u00f3n traqueal en adultos o ni\u00f1os.<\/p>\n<p><strong>Descargar aqui:<\/strong><br \/>\n<a href=\"https:\/\/camimedicalsac.com\/catalogo\/wp-content\/uploads\/2022\/10\/Aspirador-portatil-frasco-1Lt-36LPM-Askir-36-BR-bateriacorriente-CAMI_ORIG.pdf\">Aspirador portatil frasco Askir 36 BR _ORIG<\/a><\/p>\n","protected":false},"featured_media":0,"comment_status":"closed","ping_status":"closed","template":"","meta":[],"product_cat":[175],"product_tag":[],"class_list":{"0":"post-22625","1":"product","2":"type-product","3":"status-publish","5":"product_cat-cuidados-intensivos","7":"first","8":"instock","9":"taxable","10":"shipping-taxable","11":"product-type-simple"},"_links":{"self":[{"href":"https:\/\/camimedicalsac.com\/catalogo\/wp-json\/wp\/v2\/product\/22625"}],"collection":[{"href":"https:\/\/camimedicalsac.com\/catalogo\/wp-json\/wp\/v2\/product"}],"about":[{"href":"https:\/\/camimedicalsac.com\/catalogo\/wp-json\/wp\/v2\/types\/product"}],"replies":[{"embeddable":true,"href":"https:\/\/camimedicalsac.com\/catalogo\/wp-json\/wp\/v2\/comments?post=22625"}],"wp:attachment":[{"href":"https:\/\/camimedicalsac.com\/catalogo\/wp-json\/wp\/v2\/media?parent=22625"}],"wp:term":[{"taxonomy":"product_cat","embeddable":true,"href":"https:\/\/camimedicalsac.com\/catalogo\/wp-json\/wp\/v2\/product_cat?post=22625"},{"taxonomy":"product_tag","embeddable":true,"href":"https:\/\/camimedicalsac.com\/catalogo\/wp-json\/wp\/v2\/product_tag?post=22625"}],"curies":[{"name":"wp","href":"https:\/\/api.w.org\/{rel}","templated":true}]}}