{"id":22628,"date":"2023-11-30T05:36:17","date_gmt":"2023-11-30T05:36:17","guid":{"rendered":"https:\/\/camimedicalsac.com\/catalogo\/?post_type=product&#038;p=22628"},"modified":"2023-11-30T05:36:20","modified_gmt":"2023-11-30T05:36:20","slug":"bomba-de-infusion-volumetrica-2canales-rackeable-pantalla-lcdcolortactil-medrena","status":"publish","type":"product","link":"https:\/\/camimedicalsac.com\/catalogo\/producto\/bomba-de-infusion-volumetrica-2canales-rackeable-pantalla-lcdcolortactil-medrena\/","title":{"rendered":"Bomba de infusion volum\u00e9trica 2canales rackeable pantalla LCDcolortactil MEDRENA"},"content":{"rendered":"<p><strong>Caracter\u00edsticas:<\/strong><\/p>\n<p>Dimensiones 199*126*111<br \/>\nPeso Aprox. 1.4kg<br \/>\nPantalla\u00a0 \u00a0T\u00e1ctil Color 4.3&#8243; de Alta Sensibilidad<br \/>\nModos de infusi\u00f3n\u00a0 4 modos de infusi\u00f3n<br \/>\nManija de Transporte\u00a0 Incluido<br \/>\nUnidades de Dosis mas de 15 tipos<br \/>\nCalculo de Concentraci\u00f3n Autom\u00e1tica<br \/>\nHistorial del Registro mas de 5000 registros<\/p>\n<p><strong>Seguridad<\/strong><br \/>\nFuente de Energ\u00eda AC\u00a0 AC:110V-240V,50\/60Hz<br \/>\nTiempo de trabajo\u00a0 Est\u00e1ndar:4.5 horas; Opcional:9 horas(@25ml\/h)<br \/>\nTiempo de carga &lt; 5 horas<br \/>\nTipo de protecci\u00f3n el\u00e9ctrica Clase I,CF<br \/>\nProtecci\u00f3n Ingreso L\u00edquidos IP 34, Protecci\u00f3n 360\u00b0<\/p>\n<p><strong>Interface<\/strong><br \/>\nData interface\u00a0 USB<br \/>\nSensor de Goteo\u00a0 Soportado<br \/>\nWireless\u00a0 WIFI(opcional)<br \/>\nFuente de energ\u00eda DC\u00a0 DC 12V<br \/>\nLlamada de enfermera Soportado<\/p>\n","protected":false},"excerpt":{"rendered":"<h2>Bomba de infusion volum\u00e9trica 2canales rackeable MEDRENA<\/h2>\n<p>Marca: SHENZHEN MEDRENA BIOTECH CO LTD<br \/>\nProcedencia: CHINA<br \/>\nModelo:\u00a0VP50 \/ VP50<br \/>\nGarant\u00eda: 18 meses<\/p>\n<p><strong>Descripci\u00f3n:<br \/>\n<\/strong>Equipo electromec\u00e1nico utilizado para infundir f\u00e1rmacos, soluciones, por v\u00edas parenterales y enterales, en vol\u00famenes altos de manera precisa y segura, lo cual facilita y optimiza la labor del Profesional de Salud. Para uso en los servicios de UCI, Emergencia, Sala de Operaciones, Hospitalizaci\u00f3n.<strong><br \/>\n<\/strong><\/p>\n<p><strong>Descargar aqu\u00ed:<\/strong><br \/>\n<a href=\"https:\/\/camimedicalsac.com\/catalogo\/wp-content\/uploads\/2022\/10\/Bomba-de-infusion-volumetrica-MEDRENA_ORIG.pdf\">Bomba de infusion volum\u00e9trica MEDRENA_ORIG<\/a><\/p>\n","protected":false},"featured_media":0,"comment_status":"closed","ping_status":"closed","template":"","meta":[],"product_cat":[175],"product_tag":[],"class_list":{"0":"post-22628","1":"product","2":"type-product","3":"status-publish","5":"product_cat-cuidados-intensivos","7":"first","8":"instock","9":"taxable","10":"shipping-taxable","11":"product-type-simple"},"_links":{"self":[{"href":"https:\/\/camimedicalsac.com\/catalogo\/wp-json\/wp\/v2\/product\/22628"}],"collection":[{"href":"https:\/\/camimedicalsac.com\/catalogo\/wp-json\/wp\/v2\/product"}],"about":[{"href":"https:\/\/camimedicalsac.com\/catalogo\/wp-json\/wp\/v2\/types\/product"}],"replies":[{"embeddable":true,"href":"https:\/\/camimedicalsac.com\/catalogo\/wp-json\/wp\/v2\/comments?post=22628"}],"wp:attachment":[{"href":"https:\/\/camimedicalsac.com\/catalogo\/wp-json\/wp\/v2\/media?parent=22628"}],"wp:term":[{"taxonomy":"product_cat","embeddable":true,"href":"https:\/\/camimedicalsac.com\/catalogo\/wp-json\/wp\/v2\/product_cat?post=22628"},{"taxonomy":"product_tag","embeddable":true,"href":"https:\/\/camimedicalsac.com\/catalogo\/wp-json\/wp\/v2\/product_tag?post=22628"}],"curies":[{"name":"wp","href":"https:\/\/api.w.org\/{rel}","templated":true}]}}