{"id":22629,"date":"2023-11-30T05:36:18","date_gmt":"2023-11-30T05:36:18","guid":{"rendered":"https:\/\/camimedicalsac.com\/catalogo\/?post_type=product&#038;p=22629"},"modified":"2023-11-30T05:36:20","modified_gmt":"2023-11-30T05:36:20","slug":"capnografo-portatil-etco2-mainstream-con-spo2-edan-m3b-edan","status":"publish","type":"product","link":"https:\/\/camimedicalsac.com\/catalogo\/producto\/capnografo-portatil-etco2-mainstream-con-spo2-edan-m3b-edan\/","title":{"rendered":"Capnografo portatil etCO2.mainstream con SpO2 edan M3B Edan"},"content":{"rendered":"<p><strong>Caracter\u00edsticas :<\/strong><\/p>\n<p>Pantalla de alta resoluci\u00f3n de 5.7 pulgadas para una f\u00e1cil lectura.<br \/>\nDise\u00f1o port\u00e1til, ligero y interfase de f\u00e1cil uso para una operaci\u00f3n m\u00e1s f\u00e1cil.<br \/>\nLas configuraciones flexibles re\u00fanen diferentes necesidades cl\u00ednicas.<br \/>\nNellcor Oximax TM\/ EDAN SpO2\/ Medida PR .<br \/>\nMedidas mainstream (M3B) CAPNOSTAT\u00ae 5 EtCO2 Respironics Loflo\u2122 .<br \/>\nPantalla de medida de par\u00e1metros en tiempo real con tabla de tendencia para una revisi\u00f3n m\u00e1s f\u00e1cil.<br \/>\nBater\u00eda de Litio-ion recargable incorporada para 10 horas contin\u00faas de trabajo.<br \/>\nCapacidad de almacenamiento poderosa.<br \/>\nComunicaciones bidireccionales con la estaci\u00f3n central por la red cableada o inal\u00e1mbrica.<br \/>\nLlamada a enfermera es apropiada para pacientes neonatales, pedi\u00e1tricos y adultos.<\/p>\n","protected":false},"excerpt":{"rendered":"<h2>Capnografo portatil M3B Edan<\/h2>\n<p>Marca: EDAN<br \/>\nProcedencia: CHINA<br \/>\nModelo:\u00a0M3B<br \/>\nGarant\u00eda: 18 meses<\/p>\n<p><strong>Descripci\u00f3n:<\/strong><br \/>\nCon las tecnolog\u00edas de monitoreo altamente avanzadas SpO2 (Nellcor opcional) y Respironics , EDAN M3B asegura un monitoreo de capnograf\u00eda efectivo para pacientes no entubados y entubados para un monitoreo continuo y prolongado.<\/p>\n<p><strong>Descargar aqu\u00ed:<\/strong><br \/>\n<a href=\"https:\/\/camimedicalsac.com\/catalogo\/wp-content\/uploads\/2022\/10\/Capnografo-portatil-M3B-Edan_ORIG.pdf\">Capnografo portatil M3B Edan_ORIG<\/a><\/p>\n","protected":false},"featured_media":0,"comment_status":"closed","ping_status":"closed","template":"","meta":[],"product_cat":[175],"product_tag":[],"class_list":{"0":"post-22629","1":"product","2":"type-product","3":"status-publish","5":"product_cat-cuidados-intensivos","7":"first","8":"instock","9":"taxable","10":"shipping-taxable","11":"product-type-simple"},"_links":{"self":[{"href":"https:\/\/camimedicalsac.com\/catalogo\/wp-json\/wp\/v2\/product\/22629"}],"collection":[{"href":"https:\/\/camimedicalsac.com\/catalogo\/wp-json\/wp\/v2\/product"}],"about":[{"href":"https:\/\/camimedicalsac.com\/catalogo\/wp-json\/wp\/v2\/types\/product"}],"replies":[{"embeddable":true,"href":"https:\/\/camimedicalsac.com\/catalogo\/wp-json\/wp\/v2\/comments?post=22629"}],"wp:attachment":[{"href":"https:\/\/camimedicalsac.com\/catalogo\/wp-json\/wp\/v2\/media?parent=22629"}],"wp:term":[{"taxonomy":"product_cat","embeddable":true,"href":"https:\/\/camimedicalsac.com\/catalogo\/wp-json\/wp\/v2\/product_cat?post=22629"},{"taxonomy":"product_tag","embeddable":true,"href":"https:\/\/camimedicalsac.com\/catalogo\/wp-json\/wp\/v2\/product_tag?post=22629"}],"curies":[{"name":"wp","href":"https:\/\/api.w.org\/{rel}","templated":true}]}}