{"id":22633,"date":"2023-11-30T05:36:18","date_gmt":"2023-11-30T05:36:18","guid":{"rendered":"https:\/\/camimedicalsac.com\/catalogo\/?post_type=product&#038;p=22633"},"modified":"2023-11-30T05:36:20","modified_gmt":"2023-11-30T05:36:20","slug":"ventilador-rodable-c-turbina-p-uci-adulto-pediatrico-pantalla-tactil-10-aria104","status":"publish","type":"product","link":"https:\/\/camimedicalsac.com\/catalogo\/producto\/ventilador-rodable-c-turbina-p-uci-adulto-pediatrico-pantalla-tactil-10-aria104\/","title":{"rendered":"Ventilador rodable c.turbina p\/UCI adulto\/pediatrico pantalla tactil 10&#8243; ARIA104"},"content":{"rendered":"<p><strong>Caracter\u00edsticas:<\/strong><\/p>\n<p>Port\u00e1til y opci\u00f3n de ubicar en coche rodable<br \/>\nVentilador a presi\u00f3n y volumen con microprocesador y sistema neum\u00e1tico con turbina integrada<br \/>\nPantalla TFT LED a color de 10\u201d de alta resoluci\u00f3n para visualizaci\u00f3n de ondas gr\u00e1ficas de tiempo (presi\u00f3n, volumen, flujo), bucles (volumen\/presi\u00f3n, volumen\/flujo), alarmas, eventos, tendencias y datos de paciente.<br \/>\nAlmacenamiento en memoria hasta 100 eventos incluyendo alarmas.<br \/>\nAlmacenamiento de tendencias de todos los par\u00e1metros medidos hasta 72 h.<br \/>\nCon una conexi\u00f3n de salida para interface RS232 para m\u00f3dulo de Capnografia (OPCIONAL)<br \/>\nCon una conexi\u00f3n de entrada para sensor de flujo espiratorio.<br \/>\nAutodiagn\u00f3stico autom\u00e1tico de las funciones principales al encender del equipo: turbina, vaciado de O2, sensor de flujo de inspiraci\u00f3n, sensor de flujo de expiraci\u00f3n, sensor de presi\u00f3n, electrov\u00e1lvula, prueba de fuga del circuito paciente, nivel de bater\u00eda, sensor de O2, sonido de alarma.<br \/>\nSensor de flujo perturbaci\u00f3n magn\u00e9tica (patentado) tipo de multi-uso.<br \/>\nDimensiones f\u00edsicas (Ancho x Profundidad x Altura): 290 x 245 x 215 mm<br \/>\nPeso aprox.: 5,5 kg<\/p>\n","protected":false},"excerpt":{"rendered":"<h2>Ventilador rodable c.turbina p\/UCI adulto\/pediatrico pantalla tactil 10&#8243; ARIA104<\/h2>\n<p>Marca: SIARE<br \/>\nProcedencia: ITALIA<br \/>\nModelo:\u00a0ARIA 104<br \/>\nGarant\u00eda: 18 meses<\/p>\n<p><strong>Descripci\u00f3n:<\/strong><br \/>\nAria 104 ventilador de pulm\u00f3n es adecuado para la ventilaci\u00f3n de adultos, pedi\u00e1tricos y pacientes neonatales, est\u00e1 equipado con un sistema de generaci\u00f3n de flujo de turbina con sistema de refrigeraci\u00f3n separado concesi\u00f3n de est\u00e1ndares m\u00e1s altos de calidad y seguridad en la ventilaci\u00f3n del paciente.<\/p>\n<p><strong>Descargar aqu\u00ed:<\/strong><br \/>\n<a href=\"https:\/\/camimedicalsac.com\/catalogo\/wp-content\/uploads\/2022\/10\/Ventilador-rodable-pediatrico-10\u00a8-ARIA104_ORIG.pdf\">Ventilador rodable pediatrico 10\u00a8 ARIA104_ORIG<\/a><\/p>\n","protected":false},"featured_media":0,"comment_status":"closed","ping_status":"closed","template":"","meta":[],"product_cat":[175],"product_tag":[],"class_list":{"0":"post-22633","1":"product","2":"type-product","3":"status-publish","5":"product_cat-cuidados-intensivos","7":"first","8":"instock","9":"taxable","10":"shipping-taxable","11":"product-type-simple"},"_links":{"self":[{"href":"https:\/\/camimedicalsac.com\/catalogo\/wp-json\/wp\/v2\/product\/22633"}],"collection":[{"href":"https:\/\/camimedicalsac.com\/catalogo\/wp-json\/wp\/v2\/product"}],"about":[{"href":"https:\/\/camimedicalsac.com\/catalogo\/wp-json\/wp\/v2\/types\/product"}],"replies":[{"embeddable":true,"href":"https:\/\/camimedicalsac.com\/catalogo\/wp-json\/wp\/v2\/comments?post=22633"}],"wp:attachment":[{"href":"https:\/\/camimedicalsac.com\/catalogo\/wp-json\/wp\/v2\/media?parent=22633"}],"wp:term":[{"taxonomy":"product_cat","embeddable":true,"href":"https:\/\/camimedicalsac.com\/catalogo\/wp-json\/wp\/v2\/product_cat?post=22633"},{"taxonomy":"product_tag","embeddable":true,"href":"https:\/\/camimedicalsac.com\/catalogo\/wp-json\/wp\/v2\/product_tag?post=22633"}],"curies":[{"name":"wp","href":"https:\/\/api.w.org\/{rel}","templated":true}]}}