{"id":22634,"date":"2023-11-30T05:36:18","date_gmt":"2023-11-30T05:36:18","guid":{"rendered":"https:\/\/camimedicalsac.com\/catalogo\/?post_type=product&#038;p=22634"},"modified":"2023-11-30T05:36:20","modified_gmt":"2023-11-30T05:36:20","slug":"aspirador-rodable-frascos-2x2lt-90lpm-c-pedal-intercamb-new-hospivac-400-full2","status":"publish","type":"product","link":"https:\/\/camimedicalsac.com\/catalogo\/producto\/aspirador-rodable-frascos-2x2lt-90lpm-c-pedal-intercamb-new-hospivac-400-full2\/","title":{"rendered":"Aspirador rodable frascos 2x2Lt 90LPM c.pedal + intercamb New Hospivac 400 Full2"},"content":{"rendered":"<p><strong>Caracter\u00edsticas:<\/strong><\/p>\n<p>Rodable, con sistema de frenos en dos ruedas.<br \/>\nMan\u00f3metro indicador de presi\u00f3n negativa (vac\u00edo).<br \/>\nNivel de succi\u00f3n regulable mediante una perilla en el panel de control.<br \/>\nActivaci\u00f3n en forma continua y con interruptor de pie (pedal).<br \/>\nRegulador de direcci\u00f3n integrado.<br \/>\nFrasco de policarbonato autoclavable (a temperatura de 121\u00b0C) con sistema antiderrame integrado en la tapa.<br \/>\nFiltro hidrof\u00f3bico y antibacterial.<\/p>\n<p style=\"font-weight: 400;\"><strong>Especificaciones T\u00e9cnicas:<\/strong><\/p>\n<p>Capacidad de succi\u00f3n: 90 l\/min.<br \/>\nSucci\u00f3n M\u00e1xima: 675 mmHg (-0.90 bar).<br \/>\nMotor de Pist\u00f3n sin aceite libre de mantenimiento.<br \/>\nFuncionamiento: continuo \u00f3 con pedal.<br \/>\nNivel ac\u00fastico: 46.4 dB<br \/>\nSistema de doble frasco de policarbonato con capacidad total de: 10,000 cc.<br \/>\nRequerimiento de energ\u00eda: 230 VAC 50\/60 Hz.<br \/>\nDimensiones: 460 x 850 (alto) x 420 mm.<br \/>\nPeso: 20 Kg.<\/p>\n","protected":false},"excerpt":{"rendered":"<h2>Aspirador rodable frascos 2x2Lt 90LPM c.pedal + intercamb New Hospivac 400 Full2<\/h2>\n<p>Marca: CAMI<br \/>\nProcedencia: ITALIA<br \/>\nModelo:\u00a0New Hospivac 400 Full2<br \/>\nGarant\u00eda: 18 meses<\/p>\n<p><strong>Descripci\u00f3n:<\/strong><br \/>\nEquipo m\u00e9dico para realizar la succi\u00f3n de l\u00edquidos o fluidos corporales. Para uso Hospitalario (Emergencias, hospitalizaci\u00f3n, Sala de Operaciones, Cuidados Intensivos, Cirug\u00eda Pl\u00e1stica).<\/p>\n<p><b>Descargar aqu\u00ed:<\/b><br \/>\n<a href=\"https:\/\/camimedicalsac.com\/catalogo\/wp-content\/uploads\/2022\/10\/Aspirador-rodable-frascos-2x2Lt-90LPM-c.pedal-intercamb-New-Hospivac-400-Full2_ORIG.pdf\">Aspirador rodable frascos New Hospivac 400_ORIG<\/a><\/p>\n<div class=\"producto_detalle_block1_box2_registro\"><\/div>\n","protected":false},"featured_media":0,"comment_status":"closed","ping_status":"closed","template":"","meta":[],"product_cat":[175],"product_tag":[],"class_list":{"0":"post-22634","1":"product","2":"type-product","3":"status-publish","5":"product_cat-cuidados-intensivos","7":"first","8":"instock","9":"taxable","10":"shipping-taxable","11":"product-type-simple"},"_links":{"self":[{"href":"https:\/\/camimedicalsac.com\/catalogo\/wp-json\/wp\/v2\/product\/22634"}],"collection":[{"href":"https:\/\/camimedicalsac.com\/catalogo\/wp-json\/wp\/v2\/product"}],"about":[{"href":"https:\/\/camimedicalsac.com\/catalogo\/wp-json\/wp\/v2\/types\/product"}],"replies":[{"embeddable":true,"href":"https:\/\/camimedicalsac.com\/catalogo\/wp-json\/wp\/v2\/comments?post=22634"}],"wp:attachment":[{"href":"https:\/\/camimedicalsac.com\/catalogo\/wp-json\/wp\/v2\/media?parent=22634"}],"wp:term":[{"taxonomy":"product_cat","embeddable":true,"href":"https:\/\/camimedicalsac.com\/catalogo\/wp-json\/wp\/v2\/product_cat?post=22634"},{"taxonomy":"product_tag","embeddable":true,"href":"https:\/\/camimedicalsac.com\/catalogo\/wp-json\/wp\/v2\/product_tag?post=22634"}],"curies":[{"name":"wp","href":"https:\/\/api.w.org\/{rel}","templated":true}]}}