{"id":22636,"date":"2023-11-30T05:36:18","date_gmt":"2023-11-30T05:36:18","guid":{"rendered":"https:\/\/camimedicalsac.com\/catalogo\/?post_type=product&#038;p=22636"},"modified":"2023-11-30T05:36:20","modified_gmt":"2023-11-30T05:36:20","slug":"coche-de-intubacion-dificil-c-4-cajones-flexline-metro","status":"publish","type":"product","link":"https:\/\/camimedicalsac.com\/catalogo\/producto\/coche-de-intubacion-dificil-c-4-cajones-flexline-metro\/","title":{"rendered":"Coche de intubacion dificil c\/4 cajones Flexline Metro"},"content":{"rendered":"<div class=\"elementor-column elementor-col-33 elementor-top-column elementor-element elementor-element-4b25175 elementor-hidden-tablet elementor-hidden-phone\" data-id=\"4b25175\" data-element_type=\"column\">\n<div class=\"elementor-widget-wrap elementor-element-populated\">\n<div class=\"elementor-element elementor-element-c1dc11b elementor-widget elementor-widget-heading\" data-id=\"c1dc11b\" data-element_type=\"widget\" data-widget_type=\"heading.default\">\n<div class=\"elementor-widget-container\">\n<p><strong>Caracter\u00edsticas :<\/strong><\/p>\n<p>Fabricado en polietileno duradero con aditivo antimicrobial en su construcci\u00f3n.<br \/>\nCon cuatro gavetas con sistema de seguridad centralizado.<br \/>\nTabla r\u00edgida de pol\u00edmetro avanzado para labores de RCP (opcional).<br \/>\nPorta bal\u00f3n de ox\u00edgeno con correas de sujeci\u00f3n.<br \/>\nAgarraderas laterales ergonom\u00e9tricas para f\u00e1cil desplazamiento del mueble.<br \/>\nPorta suero telesc\u00f3pico.<br \/>\nEstructura montada sobre cuatro ruedas omnidireccionales, con freno de pie en dos de ellas.<br \/>\nBandeja porta desfibrilador con correas de sujeci\u00f3n (opcional).<br \/>\nCon plataforma porta aspirador.<\/p>\n<\/div>\n<\/div>\n<\/div>\n<\/div>\n<div class=\"elementor-column elementor-col-33 elementor-top-column elementor-element elementor-element-b2fce6f\" data-id=\"b2fce6f\" data-element_type=\"column\">\n<div class=\"elementor-widget-wrap elementor-element-populated\">\n<div class=\"elementor-element elementor-element-c614483 elementor-widget elementor-widget-xts_image\" data-id=\"c614483\" data-element_type=\"widget\" data-widget_type=\"xts_image.default\">\n<div class=\"elementor-widget-container\">\n<div class=\"xts-image-single xts-textalign-center\">\n<figure class=\"xts-image\">\n<div class=\"xts-image-inner\"><\/div>\n<\/figure>\n<\/div>\n<\/div>\n<\/div>\n<\/div>\n<\/div>\n<div class=\"elementor-column elementor-col-33 elementor-top-column elementor-element elementor-element-9e6a3fd\" data-id=\"9e6a3fd\" data-element_type=\"column\">\n<div class=\"elementor-widget-wrap elementor-element-populated\">\n<div class=\"elementor-element elementor-element-8420f58 elementor-widget elementor-widget-heading\" data-id=\"8420f58\" data-element_type=\"widget\" data-widget_type=\"heading.default\">\n<div class=\"elementor-widget-container\">\n<p class=\"elementor-heading-title elementor-size-default\"><strong>Datos T\u00e9cnicos:<\/strong><\/p>\n<\/div>\n<\/div>\n<div class=\"elementor-element elementor-element-20bdfcf xts-scheme-inherit xts-textalign-inherit elementor-widget elementor-widget-text-editor\" data-id=\"20bdfcf\" data-element_type=\"widget\" data-widget_type=\"text-editor.default\">\n<div class=\"elementor-widget-container\">\n<p>Dimensiones aprox.:<br \/>\nAlto: 978 mm (38 1\/2\u2033)<br \/>\nProfundidad: 568 mm (22 3\/8\u2033)<br \/>\nAncho: 819 mm (32 1\/4\u2033)<br \/>\nDi\u00e1metro de ruedas: 5\u201d<br \/>\nAltura de las gavetas:<br \/>\nUna (01): 3\u201d (7.6 cm)<br \/>\nDos (02): 6\u201d (15.2 cm)<br \/>\nUna (01): 9\u201d (22.8 cm)<\/p>\n<\/div>\n<\/div>\n<\/div>\n<\/div>\n","protected":false},"excerpt":{"rendered":"<h2>Coche de intubacion dificil c\/4 cajones Flexline Metro<\/h2>\n<p>Marca: METRO<br \/>\nProcedencia: MEXICO<br \/>\nModelo: FL-24K<br \/>\nGarant\u00eda: 18 meses<\/p>\n<p><strong>Descripci\u00f3n:<\/strong><br \/>\nMueble rodable para el traslado y almacenamiento de medicamentos, equipos e instrumentos utilizados para el soporte y asistencia a pacientes en estado cr\u00edtico. Puede ser utilizado en unidades de Emergencias, Traumashock, UCI y dem\u00e1s especialidades m\u00e9dicas.<\/p>\n<p><strong>Descargar aqu\u00ed:\u00a0<\/strong><br \/>\n<a href=\"https:\/\/camimedicalsac.com\/catalogo\/wp-content\/uploads\/2022\/10\/Coche-de-intubacion-4-cajones-Flexline-Metro_ORIG.pdf\">Coche de intubacion 4 cajones Flexline Metro_ORIG<\/a><\/p>\n","protected":false},"featured_media":0,"comment_status":"closed","ping_status":"closed","template":"","meta":[],"product_cat":[175],"product_tag":[],"class_list":{"0":"post-22636","1":"product","2":"type-product","3":"status-publish","5":"product_cat-cuidados-intensivos","7":"first","8":"instock","9":"taxable","10":"shipping-taxable","11":"product-type-simple"},"_links":{"self":[{"href":"https:\/\/camimedicalsac.com\/catalogo\/wp-json\/wp\/v2\/product\/22636"}],"collection":[{"href":"https:\/\/camimedicalsac.com\/catalogo\/wp-json\/wp\/v2\/product"}],"about":[{"href":"https:\/\/camimedicalsac.com\/catalogo\/wp-json\/wp\/v2\/types\/product"}],"replies":[{"embeddable":true,"href":"https:\/\/camimedicalsac.com\/catalogo\/wp-json\/wp\/v2\/comments?post=22636"}],"wp:attachment":[{"href":"https:\/\/camimedicalsac.com\/catalogo\/wp-json\/wp\/v2\/media?parent=22636"}],"wp:term":[{"taxonomy":"product_cat","embeddable":true,"href":"https:\/\/camimedicalsac.com\/catalogo\/wp-json\/wp\/v2\/product_cat?post=22636"},{"taxonomy":"product_tag","embeddable":true,"href":"https:\/\/camimedicalsac.com\/catalogo\/wp-json\/wp\/v2\/product_tag?post=22636"}],"curies":[{"name":"wp","href":"https:\/\/api.w.org\/{rel}","templated":true}]}}