{"id":22637,"date":"2023-11-30T05:36:18","date_gmt":"2023-11-30T05:36:18","guid":{"rendered":"https:\/\/camimedicalsac.com\/catalogo\/?post_type=product&#038;p=22637"},"modified":"2023-11-30T05:36:21","modified_gmt":"2023-11-30T05:36:21","slug":"sistema-respiratorio-de-alto-flujo-con-humidificacion-y-calefactor-nf5-comen","status":"publish","type":"product","link":"https:\/\/camimedicalsac.com\/catalogo\/producto\/sistema-respiratorio-de-alto-flujo-con-humidificacion-y-calefactor-nf5-comen\/","title":{"rendered":"Sistema respiratorio de Alto Flujo con humidificacion y calefactor NF5 Comen"},"content":{"rendered":"<p><b>Caracter\u00edsticas<strong>:\u00a0<\/strong><\/b><\/p>\n<p>Pantalla t\u00e1ctil ultra grande: pantalla t\u00e1ctil de 4,3.<br \/>\nRango de control de flujo: 2-80 L\/min<br \/>\nSistema electr\u00f3nico de mezclador de aire-O2: f\u00e1cil de configurar el caudal y la concentraci\u00f3n de ox\u00edgeno.<br \/>\nDise\u00f1o de interfaz de usuario intuitivo: Fuente grande, f\u00e1cil de operar para el cuidador y observar.<br \/>\nMonitoreo de temperatura de m\u00faltiples posiciones: NF5 est\u00e1 equipado con 3 sensores de temperatura, que permiten el monitoreo de temperatura en tiempo real, retroalimentaci\u00f3n sincronizada de circuito cerrado.<br \/>\nAjuste del engranaje de temperatura: 1\u00a0\u2103, 7 Niveles, 31 ~ 37\u00a0\u2103.<br \/>\nAlarma de alta temperatura conjunta.<br \/>\nGesti\u00f3n inteligente del nivel de agua y funci\u00f3n de protecci\u00f3n contra sobre temperatura para garantizar un calentamiento m\u00e1s seguro.<br \/>\nC\u00e1nula nasal de alto rendimiento: dise\u00f1o ergon\u00f3mico, suave y c\u00f3modo, sin constricciones.<br \/>\nDise\u00f1o ultra silencioso: la turbina ultra silenciosa reduce significativamente el ruido.<br \/>\nControl de concentraci\u00f3n de O2 de alta precisi\u00f3n. Adopta un sistema de mezclador de aire-O2 electr\u00f3nico de alta precisi\u00f3n y un m\u00f3dulo de monitoreo de concentraci\u00f3n de O2 preciso.<br \/>\nTurbina de alto rendimiento, sin necesidad de suministro de aire comprimido.<br \/>\nBater\u00eda integrada para transporte.<br \/>\nCarro m\u00e9dico ligero y compacto que facilita el transporte intrahospitalario<\/p>\n","protected":false},"excerpt":{"rendered":"<h2>Sistema respiratorio de Alto Flujo con humidificacion y calefactor NF5 Comen<\/h2>\n<p>Marca: COMEN<br \/>\nProcedencia: CHINA<br \/>\nModelo: NF5<br \/>\nGarant\u00eda: 18 meses<\/p>\n<div><strong>Descripci\u00f3n:<br \/>\n<\/strong>Equipo de oxigenoterapia de alto flujo. Modo de trabajo: espera \/ ventilaci\u00f3n. Monitorizaci\u00f3n de la concentraci\u00f3n de ox\u00edgeno.<\/div>\n<div><strong>\u00a0<\/strong><\/div>\n<div><strong>Descargar aqu\u00ed:<\/strong><\/div>\n<div><a href=\"https:\/\/camimedicalsac.com\/catalogo\/wp-content\/uploads\/2022\/10\/Sistema-respiratorio-de-Alto-Flujo-NF5-Comen_ORIG.pdf\">Sistema respiratorio de Alto Flujo NF5 Comen_ORIG<\/a><\/div>\n<div class=\"producto_detalle_block1_box1_slider\">\n<div class=\"producto_detalle_block1_box1_slider_img\">\n<div class=\"slick-list draggable\">\n<div class=\"slick-track\"><\/div>\n<\/div>\n<\/div>\n<\/div>\n<div class=\"producto_detalle_block1_box2_field\">\n<div class=\"producto_detalle_block1_box2_buy_title\"><\/div>\n<\/div>\n","protected":false},"featured_media":0,"comment_status":"closed","ping_status":"closed","template":"","meta":[],"product_cat":[175],"product_tag":[],"class_list":{"0":"post-22637","1":"product","2":"type-product","3":"status-publish","5":"product_cat-cuidados-intensivos","7":"first","8":"instock","9":"taxable","10":"shipping-taxable","11":"product-type-simple"},"_links":{"self":[{"href":"https:\/\/camimedicalsac.com\/catalogo\/wp-json\/wp\/v2\/product\/22637"}],"collection":[{"href":"https:\/\/camimedicalsac.com\/catalogo\/wp-json\/wp\/v2\/product"}],"about":[{"href":"https:\/\/camimedicalsac.com\/catalogo\/wp-json\/wp\/v2\/types\/product"}],"replies":[{"embeddable":true,"href":"https:\/\/camimedicalsac.com\/catalogo\/wp-json\/wp\/v2\/comments?post=22637"}],"wp:attachment":[{"href":"https:\/\/camimedicalsac.com\/catalogo\/wp-json\/wp\/v2\/media?parent=22637"}],"wp:term":[{"taxonomy":"product_cat","embeddable":true,"href":"https:\/\/camimedicalsac.com\/catalogo\/wp-json\/wp\/v2\/product_cat?post=22637"},{"taxonomy":"product_tag","embeddable":true,"href":"https:\/\/camimedicalsac.com\/catalogo\/wp-json\/wp\/v2\/product_tag?post=22637"}],"curies":[{"name":"wp","href":"https:\/\/api.w.org\/{rel}","templated":true}]}}