{"id":22638,"date":"2023-11-30T05:36:18","date_gmt":"2023-11-30T05:36:18","guid":{"rendered":"https:\/\/camimedicalsac.com\/catalogo\/?post_type=product&#038;p=22638"},"modified":"2023-11-30T05:36:21","modified_gmt":"2023-11-30T05:36:21","slug":"autoclave-mesa-28-l-automatica-clase-b","status":"publish","type":"product","link":"https:\/\/camimedicalsac.com\/catalogo\/producto\/autoclave-mesa-28-l-automatica-clase-b\/","title":{"rendered":"Autoclave mesa 28 L autom\u00e1tica clase-B"},"content":{"rendered":"<p><strong>Rendimiento Clase B<\/strong><\/p>\n<p>El rendimiento de Clase B se logra con una bomba de vac\u00edo incorporada, utilizada para la remoci\u00f3n fraccionada del aire por pre-vac\u00edo, eliminando las bolsas de aire de todos los tipos de carga y maximizando la penetraci\u00f3n eficiente del vapor en toda la carga.<br \/>\nAl finalizar la etapa de esterilizaci\u00f3n, se utiliza la bomba de vac\u00edo para el secado.<\/p>\n<p>&nbsp;<\/p>\n","protected":false},"excerpt":{"rendered":"<h3 class=\"fusion-responsive-typography-calculated\" data-fontsize=\"20\" data-lineheight=\"29px\">Autoclave mesa 28 L autom\u00e1tica clase-B con bomba de vac\u00edo y generador de vapor<\/h3>\n<p><strong>Marca:\u00a0 <\/strong>TUTTNAUER<\/p>\n<p><strong>Modelo:\u00a0<\/strong>ELARA 11D<\/p>\n<p>&nbsp;<\/p>\n","protected":false},"featured_media":0,"comment_status":"closed","ping_status":"closed","template":"","meta":[],"product_cat":[177],"product_tag":[],"class_list":{"0":"post-22638","1":"product","2":"type-product","3":"status-publish","5":"product_cat-central-de-esterilizacion-y-tratamiento-de-residuos","7":"first","8":"instock","9":"taxable","10":"shipping-taxable","11":"product-type-simple"},"_links":{"self":[{"href":"https:\/\/camimedicalsac.com\/catalogo\/wp-json\/wp\/v2\/product\/22638"}],"collection":[{"href":"https:\/\/camimedicalsac.com\/catalogo\/wp-json\/wp\/v2\/product"}],"about":[{"href":"https:\/\/camimedicalsac.com\/catalogo\/wp-json\/wp\/v2\/types\/product"}],"replies":[{"embeddable":true,"href":"https:\/\/camimedicalsac.com\/catalogo\/wp-json\/wp\/v2\/comments?post=22638"}],"wp:attachment":[{"href":"https:\/\/camimedicalsac.com\/catalogo\/wp-json\/wp\/v2\/media?parent=22638"}],"wp:term":[{"taxonomy":"product_cat","embeddable":true,"href":"https:\/\/camimedicalsac.com\/catalogo\/wp-json\/wp\/v2\/product_cat?post=22638"},{"taxonomy":"product_tag","embeddable":true,"href":"https:\/\/camimedicalsac.com\/catalogo\/wp-json\/wp\/v2\/product_tag?post=22638"}],"curies":[{"name":"wp","href":"https:\/\/api.w.org\/{rel}","templated":true}]}}