{"id":22639,"date":"2023-11-30T05:36:18","date_gmt":"2023-11-30T05:36:18","guid":{"rendered":"https:\/\/camimedicalsac.com\/catalogo\/?post_type=product&#038;p=22639"},"modified":"2023-11-30T05:36:21","modified_gmt":"2023-11-30T05:36:21","slug":"monitor-paciente-15-modular-con-pantalla-tactil-sin-modulos-elite-v6-edan","status":"publish","type":"product","link":"https:\/\/camimedicalsac.com\/catalogo\/producto\/monitor-paciente-15-modular-con-pantalla-tactil-sin-modulos-elite-v6-edan\/","title":{"rendered":"Monitor paciente 15&#8243; modular con pantalla tactil sin modulos Elite-V6 Edan"},"content":{"rendered":"<div class=\"elementor-element elementor-element-3c2b479 elementor-widget elementor-widget-xts_title\" data-id=\"3c2b479\" data-element_type=\"widget\" data-widget_type=\"xts_title.default\">\n<div class=\"elementor-widget-container\">\n<div class=\"xts-section-heading xts-reset-mb-10 xts-reset-last xts-textalign-left\" data-animation-delay=\"\">\n<h4 class=\"xts-section-title title xts-design-default xts-fontsize-l\"><span class=\"xts-section-title-text\" data-elementor-setting-key=\"title\">Caracter\u00edsticas:<\/span><\/h4>\n<\/div>\n<\/div>\n<\/div>\n<div class=\"elementor-element elementor-element-2de771b xts-scheme-inherit xts-textalign-inherit elementor-widget elementor-widget-text-editor\" data-id=\"2de771b\" data-element_type=\"widget\" data-widget_type=\"text-editor.default\">\n<div class=\"elementor-widget-container\">\n<p>Monitor de Signos Vitales tipo MODULAR con ranuras de expansi\u00f3n (opcional) para m\u00f3dulos opcionales.<br \/>\nCapacidad para supervisar y visualizar m\u00faltiples par\u00e1metros fisiol\u00f3gicos de acuerdo al m\u00f3dulo elegido.<br \/>\nPantalla t\u00e1ctil TFT a color de 15\u201d y de alta resoluci\u00f3n, con capacidad de visualizar hasta 8 formas de ondas simult\u00e1neas.<br \/>\nIconos con acceso r\u00e1pido al men\u00fa de configuraciones.<br \/>\nCapacidad para comunicaci\u00f3n bidireccional con una central de monitoreo mediante conectividad al\u00e1mbrica o inal\u00e1mbrica.<br \/>\nRanura para tarjeta SD que permite ampliar el almacenamiento de datos de gran tama\u00f1o.<br \/>\nPuertos USB que garantizan el almacenamiento de los datos y la actualizaci\u00f3n de las funciones.<br \/>\nPuertos de comunicaci\u00f3n para: Red de Monitoreo, Pantallas auxiliares, sincronizaci\u00f3n con desfibrilador, llamada de enfermera, modulo de expansi\u00f3n o de amplificaci\u00f3n de par\u00e1metros.<br \/>\nDetecci\u00f3n de marcapasos, a prueba de interferencia electro quir\u00fargica.<br \/>\nProtecci\u00f3n y sincronizaci\u00f3n contra desfibrilaci\u00f3n.<br \/>\nAn\u00e1lisis de arritmia y segmento S-T.<br \/>\nFunci\u00f3n de llamado a enfermer\u00eda y comunicaci\u00f3n bidireccional con central MFM CMS.<br \/>\nTendencias gr\u00e1ficas y tabulares hasta 150 horas de todos los par\u00e1metros.<br \/>\nAlarmas fisiol\u00f3gicas y t\u00e9cnicas audiovisuales ajustables, con luz de alarma de distinto color para cada prioridad.<br \/>\nPara pacientes adultos, pedi\u00e1tricos y neonatos.<br \/>\nManejo con mando navegador giratorio y Pantalla T\u00e1ctil.<br \/>\nRegistrador de 3 canales (Opcional)<\/p>\n<\/div>\n<\/div>\n","protected":false},"excerpt":{"rendered":"<h2>Monitor paciente 15&#8243; (Elite-V6 Edan)<\/h2>\n<p>Marca: EDAN<br \/>\nProcedencia: CHINA<br \/>\nModelo: Elite-V6<br \/>\nGarant\u00eda: 18 meses<\/p>\n<div class=\"producto_detalle_block1_box2_country\">\n<div><strong>Descripci\u00f3n:<\/strong><\/div>\n<div>Equipo utilizado en la monitorizaci\u00f3n y medici\u00f3n de los signos vitales del cuerpo humano, Permitiendo detectar o monitorizar problemas de salud. Utilizado en sala de operaciones, emergencias, UCI, UCIN, entre otras.<\/div>\n<div><strong>Descargar aqu\u00ed:<\/strong><\/div>\n<div><a href=\"https:\/\/camimedicalsac.com\/catalogo\/wp-content\/uploads\/2022\/10\/Monitor-paciente-15\u00a8-modular-con-pantalla-tactil-sin-modulos-Elite-V6-Edan_ORIG.pdf\">Monitor paciente 15\u00a8 Elite-V6 Edan_ORIG<\/a><\/div>\n<\/div>\n<div class=\"producto_detalle_block1_box1_slider\">\n<div class=\"producto_detalle_block1_box1_slider_img\">\n<div class=\"slick-list draggable\">\n<div class=\"slick-track\"><\/div>\n<\/div>\n<\/div>\n<\/div>\n<div class=\"producto_detalle_block1_box2_field\">\n<div class=\"producto_detalle_block1_box2_buy_title\"><\/div>\n<\/div>\n","protected":false},"featured_media":0,"comment_status":"closed","ping_status":"closed","template":"","meta":[],"product_cat":[175],"product_tag":[],"class_list":{"0":"post-22639","1":"product","2":"type-product","3":"status-publish","5":"product_cat-cuidados-intensivos","7":"first","8":"instock","9":"taxable","10":"shipping-taxable","11":"product-type-simple"},"_links":{"self":[{"href":"https:\/\/camimedicalsac.com\/catalogo\/wp-json\/wp\/v2\/product\/22639"}],"collection":[{"href":"https:\/\/camimedicalsac.com\/catalogo\/wp-json\/wp\/v2\/product"}],"about":[{"href":"https:\/\/camimedicalsac.com\/catalogo\/wp-json\/wp\/v2\/types\/product"}],"replies":[{"embeddable":true,"href":"https:\/\/camimedicalsac.com\/catalogo\/wp-json\/wp\/v2\/comments?post=22639"}],"wp:attachment":[{"href":"https:\/\/camimedicalsac.com\/catalogo\/wp-json\/wp\/v2\/media?parent=22639"}],"wp:term":[{"taxonomy":"product_cat","embeddable":true,"href":"https:\/\/camimedicalsac.com\/catalogo\/wp-json\/wp\/v2\/product_cat?post=22639"},{"taxonomy":"product_tag","embeddable":true,"href":"https:\/\/camimedicalsac.com\/catalogo\/wp-json\/wp\/v2\/product_tag?post=22639"}],"curies":[{"name":"wp","href":"https:\/\/api.w.org\/{rel}","templated":true}]}}