{"id":22641,"date":"2023-11-30T05:36:18","date_gmt":"2023-11-30T05:36:18","guid":{"rendered":"https:\/\/camimedicalsac.com\/catalogo\/?post_type=product&#038;p=22641"},"modified":"2023-11-30T05:36:21","modified_gmt":"2023-11-30T05:36:21","slug":"autoclave-horizontal-310-l-de-1-puerta-generador-de-vapor-tuttnauer-230v","status":"publish","type":"product","link":"https:\/\/camimedicalsac.com\/catalogo\/producto\/autoclave-horizontal-310-l-de-1-puerta-generador-de-vapor-tuttnauer-230v\/","title":{"rendered":"Autoclave horizontal 310 L de 1 puerta generador de vapor Tuttnauer 230V"},"content":{"rendered":"","protected":false},"excerpt":{"rendered":"<h2>Autoclave horizontal 310 L de 1 puerta generador de vapor Tuttnauer 230V<\/h2>\n<p>Marca: TUTTNAUER<br \/>\nProcedencia: ISRAEL<br \/>\nModelo:\u00a055120 EP 1V<br \/>\nGarant\u00eda: 18 meses<\/p>\n<p><strong>Descripci\u00f3n:<\/strong><br \/>\nLa l\u00ednea de autoclaves Tuttnauer ha sido dise\u00f1ada para centrales de suministros est\u00e9riles (CSSD, por sus siglas en ingl\u00e9s), quir\u00f3fanos de hospital, centros de cirug\u00eda ambulatoria, facultades y centros de estudios y otros entornos cl\u00ednicos.<\/p>\n<p><strong>Descargar aqu\u00ed: <\/strong><br \/>\n<a href=\"https:\/\/camimedicalsac.com\/catalogo\/wp-content\/uploads\/2022\/10\/Autoclave-horizontal-310-L-Tuttnauer_ORIG.pdf\">Autoclave horizontal 310 L Tuttnauer_ORIG<\/a><\/p>\n","protected":false},"featured_media":0,"comment_status":"closed","ping_status":"closed","template":"","meta":[],"product_cat":[177],"product_tag":[],"class_list":{"0":"post-22641","1":"product","2":"type-product","3":"status-publish","5":"product_cat-central-de-esterilizacion-y-tratamiento-de-residuos","7":"first","8":"instock","9":"taxable","10":"shipping-taxable","11":"product-type-simple"},"_links":{"self":[{"href":"https:\/\/camimedicalsac.com\/catalogo\/wp-json\/wp\/v2\/product\/22641"}],"collection":[{"href":"https:\/\/camimedicalsac.com\/catalogo\/wp-json\/wp\/v2\/product"}],"about":[{"href":"https:\/\/camimedicalsac.com\/catalogo\/wp-json\/wp\/v2\/types\/product"}],"replies":[{"embeddable":true,"href":"https:\/\/camimedicalsac.com\/catalogo\/wp-json\/wp\/v2\/comments?post=22641"}],"wp:attachment":[{"href":"https:\/\/camimedicalsac.com\/catalogo\/wp-json\/wp\/v2\/media?parent=22641"}],"wp:term":[{"taxonomy":"product_cat","embeddable":true,"href":"https:\/\/camimedicalsac.com\/catalogo\/wp-json\/wp\/v2\/product_cat?post=22641"},{"taxonomy":"product_tag","embeddable":true,"href":"https:\/\/camimedicalsac.com\/catalogo\/wp-json\/wp\/v2\/product_tag?post=22641"}],"curies":[{"name":"wp","href":"https:\/\/api.w.org\/{rel}","templated":true}]}}