{"id":22642,"date":"2023-11-30T05:36:19","date_gmt":"2023-11-30T05:36:19","guid":{"rendered":"https:\/\/camimedicalsac.com\/catalogo\/?post_type=product&#038;p=22642"},"modified":"2023-11-30T05:36:21","modified_gmt":"2023-11-30T05:36:21","slug":"selladora-de-mangas-c-impresorapuertoserial-minirohnetevo-gandus","status":"publish","type":"product","link":"https:\/\/camimedicalsac.com\/catalogo\/producto\/selladora-de-mangas-c-impresorapuertoserial-minirohnetevo-gandus\/","title":{"rendered":"Selladora de mangas c.impresora,puertoserial MiniroHnetEvo GANDUS"},"content":{"rendered":"<p><strong>Descripci\u00f3n:<\/strong><br \/>\nCumple plenamente la norma ISO 11607-2 y las directrices internacionales EN-ISO TS 16775.<br \/>\nSaldatura a norma DIN 58953.7:2010.<br \/>\nCubierta de acero inoxidable AISI 304.<br \/>\nSellado rotativo multil\u00ednea (plano como opci\u00f3n), ancho de sellado 15 mm.<br \/>\nAdecuada para el sellado de todos los sistemas de barrera est\u00e9ril conocidos. Sellables y prefabricados, Tyvek\u00ae sin recubrimiento, as\u00ed como la m\u00e1s reciente generaci\u00f3n de materiales de envasado.<br \/>\nPantalla de 4 l\u00edneas 20 cht y teclado de membrana.<br \/>\nVelocidad de sellado 10 mt\/min.<br \/>\nTemperatura m\u00e1xima de sellado 200\u00b0C.<br \/>\nTolerancia de temperatura \u00b1 1%.<br \/>\nTodos los datos de impresi\u00f3n pueden codificarse a bordo y recuperarse. Inmediatamente de la memoria.<br \/>\nImpresora de 1 l\u00ednea integrada.<br \/>\nConexi\u00f3n a PC.<\/p>\n<p>&nbsp;<\/p>\n","protected":false},"excerpt":{"rendered":"<h2>Selladora de mangas c.impresora, puertoserial Miniro H-net Evo GANDUS<\/h2>\n<p>Marca: GANDUS<br \/>\nProcedencia: ITALIA<br \/>\nModelo: H-NET EVO<br \/>\nGarant\u00eda : 18 meses<\/p>\n<div class=\"producto_detalle_block1_box2_country\">\n<div><strong>Descripci\u00f3n :<\/strong><\/div>\n<div>Sellador giratorio totalmente validado para el sellado de bolsas medicas y rollos, con control de par\u00e1metros de sellado y impresora integrada.<\/div>\n<div><strong>Descargar aqu\u00ed:<\/strong><\/div>\n<div><a href=\"https:\/\/camimedicalsac.com\/catalogo\/wp-content\/uploads\/2022\/10\/Selladora-de-mangas-c.impresora-GANDUS_ORIG.pdf\">Selladora de mangas c.impresora GANDUS_ORIG<\/a><\/div>\n<\/div>\n<div class=\"producto_detalle_block1_box1_slider\">\n<div class=\"producto_detalle_block1_box1_slider_img\">\n<div class=\"slick-list draggable\">\n<div class=\"slick-track\"><\/div>\n<\/div>\n<\/div>\n<\/div>\n<div class=\"producto_detalle_block1_box2_field\">\n<div class=\"producto_detalle_block1_box2_buy_title\"><\/div>\n<\/div>\n","protected":false},"featured_media":0,"comment_status":"closed","ping_status":"closed","template":"","meta":[],"product_cat":[177],"product_tag":[],"class_list":{"0":"post-22642","1":"product","2":"type-product","3":"status-publish","5":"product_cat-central-de-esterilizacion-y-tratamiento-de-residuos","7":"first","8":"instock","9":"taxable","10":"shipping-taxable","11":"product-type-simple"},"_links":{"self":[{"href":"https:\/\/camimedicalsac.com\/catalogo\/wp-json\/wp\/v2\/product\/22642"}],"collection":[{"href":"https:\/\/camimedicalsac.com\/catalogo\/wp-json\/wp\/v2\/product"}],"about":[{"href":"https:\/\/camimedicalsac.com\/catalogo\/wp-json\/wp\/v2\/types\/product"}],"replies":[{"embeddable":true,"href":"https:\/\/camimedicalsac.com\/catalogo\/wp-json\/wp\/v2\/comments?post=22642"}],"wp:attachment":[{"href":"https:\/\/camimedicalsac.com\/catalogo\/wp-json\/wp\/v2\/media?parent=22642"}],"wp:term":[{"taxonomy":"product_cat","embeddable":true,"href":"https:\/\/camimedicalsac.com\/catalogo\/wp-json\/wp\/v2\/product_cat?post=22642"},{"taxonomy":"product_tag","embeddable":true,"href":"https:\/\/camimedicalsac.com\/catalogo\/wp-json\/wp\/v2\/product_tag?post=22642"}],"curies":[{"name":"wp","href":"https:\/\/api.w.org\/{rel}","templated":true}]}}