{"id":22643,"date":"2023-11-30T05:36:19","date_gmt":"2023-11-30T05:36:19","guid":{"rendered":"https:\/\/camimedicalsac.com\/catalogo\/?post_type=product&#038;p=22643"},"modified":"2023-11-30T05:36:21","modified_gmt":"2023-11-30T05:36:21","slug":"secadora-para-36-tubos-corrugados-dry-ans-1d-tuttnauer","status":"publish","type":"product","link":"https:\/\/camimedicalsac.com\/catalogo\/producto\/secadora-para-36-tubos-corrugados-dry-ans-1d-tuttnauer\/","title":{"rendered":"Secadora para 36 tubos corrugados Dry-Ans-1D Tuttnauer"},"content":{"rendered":"<p><strong>Caracter\u00edsticas:<\/strong><\/p>\n<p>Capacidad hasta 6 cajas de anestesia de 6 posiciones cada una para un total de 36 posiciones entre tubos y bolsas.<br \/>\nSe pueden a\u00f1adir estanter\u00edas para una soluci\u00f3n hibrida con instrumentos quir\u00fargicos.<br \/>\nFabricado en acero inoxidable de alta durabilidad<br \/>\nBaja emisi\u00f3n de ruido durante el secado<br \/>\nControl electr\u00f3nico autom\u00e1tico con pantalla LCD<br \/>\nPanel de control con pantalla t\u00e1ctil con display gr\u00e1fico LCD de colores<br \/>\nLos armarios de dep\u00f3sito se utilizan para secar instrumentos quir\u00fargicos.<\/p>\n","protected":false},"excerpt":{"rendered":"<h2>Secadora para 36 tubos corrugados Dry-Ans-1D Tuttnauer<\/h2>\n<p>Marca: TUTTNAUER<br \/>\nProcedencia: NETHERLANDS (PAISES BAJOS)<br \/>\nModelo: DCA-70<br \/>\nGarant\u00eda: 18 meses<\/p>\n<div class=\"producto_detalle_block1_box2_description\">\n<p><strong>Descripci\u00f3n:<\/strong><br \/>\nLos armarios de dep\u00f3sito se utilizan para secar instrumentos quir\u00fargicos, circuitos de anestesia y mantas de hospital con aire caliente controlado.<\/p>\n<p><strong>Descargar aqu\u00ed:<\/strong><br \/>\n<a href=\"https:\/\/camimedicalsac.com\/catalogo\/wp-content\/uploads\/2022\/11\/Secadora-para-36-tubos-corrugados-Dry-Ans-1D-Tuttnauer_ORIG.pdf\">Secadora para 36 tubos corrugados Dry-Ans-1D Tuttnauer_ORIG<\/a><\/p>\n<p>&nbsp;<\/p>\n<\/div>\n","protected":false},"featured_media":0,"comment_status":"closed","ping_status":"closed","template":"","meta":[],"product_cat":[177],"product_tag":[],"class_list":{"0":"post-22643","1":"product","2":"type-product","3":"status-publish","5":"product_cat-central-de-esterilizacion-y-tratamiento-de-residuos","7":"first","8":"instock","9":"taxable","10":"shipping-taxable","11":"product-type-simple"},"_links":{"self":[{"href":"https:\/\/camimedicalsac.com\/catalogo\/wp-json\/wp\/v2\/product\/22643"}],"collection":[{"href":"https:\/\/camimedicalsac.com\/catalogo\/wp-json\/wp\/v2\/product"}],"about":[{"href":"https:\/\/camimedicalsac.com\/catalogo\/wp-json\/wp\/v2\/types\/product"}],"replies":[{"embeddable":true,"href":"https:\/\/camimedicalsac.com\/catalogo\/wp-json\/wp\/v2\/comments?post=22643"}],"wp:attachment":[{"href":"https:\/\/camimedicalsac.com\/catalogo\/wp-json\/wp\/v2\/media?parent=22643"}],"wp:term":[{"taxonomy":"product_cat","embeddable":true,"href":"https:\/\/camimedicalsac.com\/catalogo\/wp-json\/wp\/v2\/product_cat?post=22643"},{"taxonomy":"product_tag","embeddable":true,"href":"https:\/\/camimedicalsac.com\/catalogo\/wp-json\/wp\/v2\/product_tag?post=22643"}],"curies":[{"name":"wp","href":"https:\/\/api.w.org\/{rel}","templated":true}]}}