{"id":22644,"date":"2023-11-30T05:36:19","date_gmt":"2023-11-30T05:36:19","guid":{"rendered":"https:\/\/camimedicalsac.com\/catalogo\/?post_type=product&#038;p=22644"},"modified":"2023-11-30T05:36:21","modified_gmt":"2023-11-30T05:36:21","slug":"triturador-para-residuos-solidos-150-250-kg-hora-zm-44-mercodor","status":"publish","type":"product","link":"https:\/\/camimedicalsac.com\/catalogo\/producto\/triturador-para-residuos-solidos-150-250-kg-hora-zm-44-mercodor\/","title":{"rendered":"Triturador para Residuos Solidos 150-250 kg\/hora ZM-44 Mercodor"},"content":{"rendered":"<p><strong>Caracter\u00edsticas:<\/strong><\/p>\n<p><span dir=\"ltr\" role=\"presentation\">\u2022Residuos de producci\u00f3n \u2013 virutas de torno, sacos vac\u00edos<\/span><br role=\"presentation\" \/><span dir=\"ltr\" role=\"presentation\">\u2022Residuos de hospitales \u2013 jeringas, c\u00e1nulas, vendas<\/span><br role=\"presentation\" \/><span dir=\"ltr\" role=\"presentation\">\u2022Sobras de la comida, huesos, conchas<\/span><br role=\"presentation\" \/><span dir=\"ltr\" role=\"presentation\">\u2022Devoluciones de cosm\u00e9tica y de f\u00e1rmacos \/ medicina \/ resi-<\/span><br role=\"presentation\" \/><span dir=\"ltr\" role=\"presentation\">duos de laboratorios<\/span><br role=\"presentation\" \/><span dir=\"ltr\" role=\"presentation\">\u2022Residuos del despacho: papel suelto, disquetes, CDs<\/span><br role=\"presentation\" \/><span dir=\"ltr\" role=\"presentation\">\u2022Reciclaje de materia prima \u2013 botellas de vidrio y de PET<\/span><br role=\"presentation\" \/><span dir=\"ltr\" role=\"presentation\">\u2022Residuos de hoteles y de restaurantes \u2013 cartonajes, barricas<\/span><br role=\"presentation\" \/><span dir=\"ltr\" role=\"presentation\">\u2022Trituraci\u00f3n de nudos y de trozos; trituraci\u00f3n de ceniza<\/span><\/p>\n","protected":false},"excerpt":{"rendered":"<h2>Triturador para Residuos Solidos 150-250 kg\/hora ZM-44 Mercodor<\/h2>\n<p>Marca: MERCODOR<br \/>\nProcedencia: ALEMANIA<br \/>\nModelo: ZM-44<br \/>\nGarant\u00eda: 18 meses<\/p>\n<div class=\"producto_detalle_block1_box2_country\">\n<div class=\"producto_detalle_block1_box2_description\">\n<p><strong>Descripci\u00f3n:\u00a0<\/strong><br \/>\nEl ZM-44 es un equipo fabricado para destruir, minimizar y reducir el volumen de todo tipo de material s\u00f3lido org\u00e1nico e inorg\u00e1nico. Su alta fiabilidad y bajo costo de operaci\u00f3n la hace la mejor elecci\u00f3n para \u00e1rea salud, laboratorios de investigaci\u00f3n e industrial.<\/p>\n<p>Descargar aqu\u00ed:<\/p>\n<\/div>\n<\/div>\n","protected":false},"featured_media":0,"comment_status":"closed","ping_status":"closed","template":"","meta":[],"product_cat":[177],"product_tag":[],"class_list":{"0":"post-22644","1":"product","2":"type-product","3":"status-publish","5":"product_cat-central-de-esterilizacion-y-tratamiento-de-residuos","7":"first","8":"instock","9":"taxable","10":"shipping-taxable","11":"product-type-simple"},"_links":{"self":[{"href":"https:\/\/camimedicalsac.com\/catalogo\/wp-json\/wp\/v2\/product\/22644"}],"collection":[{"href":"https:\/\/camimedicalsac.com\/catalogo\/wp-json\/wp\/v2\/product"}],"about":[{"href":"https:\/\/camimedicalsac.com\/catalogo\/wp-json\/wp\/v2\/types\/product"}],"replies":[{"embeddable":true,"href":"https:\/\/camimedicalsac.com\/catalogo\/wp-json\/wp\/v2\/comments?post=22644"}],"wp:attachment":[{"href":"https:\/\/camimedicalsac.com\/catalogo\/wp-json\/wp\/v2\/media?parent=22644"}],"wp:term":[{"taxonomy":"product_cat","embeddable":true,"href":"https:\/\/camimedicalsac.com\/catalogo\/wp-json\/wp\/v2\/product_cat?post=22644"},{"taxonomy":"product_tag","embeddable":true,"href":"https:\/\/camimedicalsac.com\/catalogo\/wp-json\/wp\/v2\/product_tag?post=22644"}],"curies":[{"name":"wp","href":"https:\/\/api.w.org\/{rel}","templated":true}]}}