{"id":22646,"date":"2023-11-30T05:36:19","date_gmt":"2023-11-30T05:36:19","guid":{"rendered":"https:\/\/camimedicalsac.com\/catalogo\/?post_type=product&#038;p=22646"},"modified":"2024-11-07T23:32:33","modified_gmt":"2024-11-07T23:32:33","slug":"autoclave-horizontal-310-l-de-2-puertas-con-generador-de-vapor-tuttnauer-230v","status":"publish","type":"product","link":"https:\/\/camimedicalsac.com\/catalogo\/producto\/autoclave-horizontal-310-l-de-2-puertas-con-generador-de-vapor-tuttnauer-230v\/","title":{"rendered":"Autoclave horizontal 310 L de 2 puertas con generador de vapor"},"content":{"rendered":"<h2>Autoclave horizontal 310 L de 2 puertas con generador de vapor Tuttnauer 230V<\/h2>\n<p>Equipo m\u00e9dico para esterilizar mediante calor h\u00famedo material quir\u00fargico o medico usado en Centros de esterilizaci\u00f3n, Centros quir\u00fargicos (hospitales, cl\u00ednicas privadas)<\/p>\n<p><strong><u>DATOS TECNICOS:<\/u><\/strong><\/p>\n<p><strong>\u00a0\u00a0\u00a0\u00a0\u00a0 PROGRAMAS MINIMOS PRECONFIGURADOS<\/strong><\/p>\n<ul>\n<li>Programa 1: Ciclo r\u00e1pido, 121\u00b0C &#8211; para solidos no envueltos(latex, etc.)<\/li>\n<li>Programa 2: Ciclo r\u00e1pido, 134\u00b0C &#8211; para s\u00f3lidos no envueltos (instrumental, etc.)<\/li>\n<li>Programa 3: Con secado, 134\u00b0C \u2013 para materiales envueltos (instrumentos, carga porosa, etc.)<\/li>\n<li>Programa 4: Con secado, 121\u00b0C \u2013 para materiales envueltos (instrumentos, carga porosa, etc.)<\/li>\n<li>Programa 5: Descompresi\u00f3n lenta, 121\u00baC \u2013 para frascos abiertos o cerrados (l\u00edquidos)<\/li>\n<li>Programa de prueba: Bowie &amp; Dick, 134\u00baC.<\/li>\n<li>Programa de prueba de p\u00e9rdida de vaci\u00f3 seg\u00fan la norma <strong>EN17665<\/strong><\/li>\n<\/ul>\n<p>Diez programas de esterilizaci\u00f3n pre-establecido y 02 programas de prueba<\/p>\n<p><strong>DIMENSIONES<\/strong><\/p>\n<ul>\n<li>Dimensiones de la c\u00e1mara:\u00a0 \u00a0 \u00a0ancho: 508 mm\u00a0 \u00a0 \u00a0 \u00a0 \u00a0alto: 508 mm\u00a0 \u00a0 \u00a0 \u00a0profundidad: 1210 mm<\/li>\n<\/ul>\n<ul>\n<li>Dimensiones externas:\u00a0 \u00a0 \u00a0 ancho: 941 mm\u00a0 \u00a0 \u00a0 \u00a0 \u00a0alto: 1905 mm\u00a0 \u00a0 \u00a0 \u00a0 profundidad:\u00a0 1617 mm<\/li>\n<\/ul>\n<p><strong>\u00a0<\/strong><strong>\u00a0\u00a0\u00a0\u00a0\u00a0 REQUERIMIENTO<\/strong><\/p>\n<ul>\n<li>230VAC \/ 60 Hz, trif\u00e1sico con punto a tierra<\/li>\n<\/ul>\n","protected":false},"excerpt":{"rendered":"<h2>Autoclave horizontal 310 L de 2 puertas con generador de vapor Tuttnauer 230V<\/h2>\n<p>Marca: TUTTNAUER<br \/>\nProcedencia: ISRAEL<br \/>\nModelo: 55120 EP 2V<br \/>\nGarant\u00eda: 18 meses<\/p>\n<p>&nbsp;<\/p>\n","protected":false},"featured_media":23422,"comment_status":"closed","ping_status":"closed","template":"","meta":[],"product_cat":[177],"product_tag":[],"class_list":{"0":"post-22646","1":"product","2":"type-product","3":"status-publish","4":"has-post-thumbnail","6":"product_cat-central-de-esterilizacion-y-tratamiento-de-residuos","8":"first","9":"instock","10":"taxable","11":"shipping-taxable","12":"product-type-simple"},"_links":{"self":[{"href":"https:\/\/camimedicalsac.com\/catalogo\/wp-json\/wp\/v2\/product\/22646"}],"collection":[{"href":"https:\/\/camimedicalsac.com\/catalogo\/wp-json\/wp\/v2\/product"}],"about":[{"href":"https:\/\/camimedicalsac.com\/catalogo\/wp-json\/wp\/v2\/types\/product"}],"replies":[{"embeddable":true,"href":"https:\/\/camimedicalsac.com\/catalogo\/wp-json\/wp\/v2\/comments?post=22646"}],"wp:featuredmedia":[{"embeddable":true,"href":"https:\/\/camimedicalsac.com\/catalogo\/wp-json\/wp\/v2\/media\/23422"}],"wp:attachment":[{"href":"https:\/\/camimedicalsac.com\/catalogo\/wp-json\/wp\/v2\/media?parent=22646"}],"wp:term":[{"taxonomy":"product_cat","embeddable":true,"href":"https:\/\/camimedicalsac.com\/catalogo\/wp-json\/wp\/v2\/product_cat?post=22646"},{"taxonomy":"product_tag","embeddable":true,"href":"https:\/\/camimedicalsac.com\/catalogo\/wp-json\/wp\/v2\/product_tag?post=22646"}],"curies":[{"name":"wp","href":"https:\/\/api.w.org\/{rel}","templated":true}]}}