{"id":22647,"date":"2023-11-30T05:36:19","date_gmt":"2023-11-30T05:36:19","guid":{"rendered":"https:\/\/camimedicalsac.com\/catalogo\/?post_type=product&#038;p=22647"},"modified":"2023-12-18T13:53:20","modified_gmt":"2023-12-18T13:53:20","slug":"compactador-de-residuos-hospitalarios-roto-baler-1400-e-bergmann","status":"publish","type":"product","link":"https:\/\/camimedicalsac.com\/catalogo\/producto\/compactador-de-residuos-hospitalarios-roto-baler-1400-e-bergmann\/","title":{"rendered":"Compactador de residuos hospitalarios Roto-Baler"},"content":{"rendered":"<h2>Compactador de residuos hospitalarios Roto-Baler 1400-E Bergmann<\/h2>\n<p>Compactador de basura por alimentaci\u00f3n continua que compacta papel, cart\u00f3n o desecho residual como un fardo en la bolsa PE Dise\u00f1o compacto con bajo ru\u00eddo y\u00a0 se puede poner hasta 1400 litros de capacidad de llenado.<\/p>\n<p>&nbsp;<\/p>\n<p><strong>Caracter\u00edsticas:<\/strong><\/p>\n<p>Informaci\u00f3n El\u00e9ctrica PS 1400 E<br \/>\nInformaci\u00f3n El\u00e9ctrica 2,2 kW \/ 380-415 V \/ 60 Hz<br \/>\nPeso Neto ~ 960 kg Dimensiones 1200 x 1700 x 2500 mm<br \/>\nAltura de Alimentaci\u00f3n ~ 1400 mm<br \/>\nApertura de Alimentaci\u00f3n 1090 x 670 mm<br \/>\nDimensiones del Fardo ~ 1400 litros ~ 1100 x 1100 x 1200 mm<br \/>\nNivel de Ruido 53 dB de acuerdo al DIN EN ISO 45635 con 1 m de distancia<\/p>\n<a class=\"maxbutton-1 maxbutton maxbutton-descargar-pdf\" title=\"Descargar PDF\" href=\"https:\/\/camimedicalsac.com\/catalogo\/wp-content\/uploads\/2023\/12\/Compactador-de-residuos-hospitalarios-Roto-Baler-BERGMANN-CODIGO-CM..pdf\"><span class='mb-text'>DESCARGAR PDF<\/span><\/a>\n<p>&nbsp;<\/p>\n","protected":false},"excerpt":{"rendered":"<h2>Compactador de residuos hospitalarios Roto-Baler 1400-E Bergmann<\/h2>\n<p>Marca: BERGMANN<br \/>\nProcedencia: ALEMANIA<br \/>\nModelo: ROTO BALER 1400-E<br \/>\nGarant\u00eda: 18 meses<\/p>\n<p>&nbsp;<\/p>\n","protected":false},"featured_media":23402,"comment_status":"closed","ping_status":"closed","template":"","meta":[],"product_cat":[177],"product_tag":[],"class_list":{"0":"post-22647","1":"product","2":"type-product","3":"status-publish","4":"has-post-thumbnail","6":"product_cat-central-de-esterilizacion-y-tratamiento-de-residuos","8":"first","9":"instock","10":"taxable","11":"shipping-taxable","12":"product-type-simple"},"_links":{"self":[{"href":"https:\/\/camimedicalsac.com\/catalogo\/wp-json\/wp\/v2\/product\/22647"}],"collection":[{"href":"https:\/\/camimedicalsac.com\/catalogo\/wp-json\/wp\/v2\/product"}],"about":[{"href":"https:\/\/camimedicalsac.com\/catalogo\/wp-json\/wp\/v2\/types\/product"}],"replies":[{"embeddable":true,"href":"https:\/\/camimedicalsac.com\/catalogo\/wp-json\/wp\/v2\/comments?post=22647"}],"wp:featuredmedia":[{"embeddable":true,"href":"https:\/\/camimedicalsac.com\/catalogo\/wp-json\/wp\/v2\/media\/23402"}],"wp:attachment":[{"href":"https:\/\/camimedicalsac.com\/catalogo\/wp-json\/wp\/v2\/media?parent=22647"}],"wp:term":[{"taxonomy":"product_cat","embeddable":true,"href":"https:\/\/camimedicalsac.com\/catalogo\/wp-json\/wp\/v2\/product_cat?post=22647"},{"taxonomy":"product_tag","embeddable":true,"href":"https:\/\/camimedicalsac.com\/catalogo\/wp-json\/wp\/v2\/product_tag?post=22647"}],"curies":[{"name":"wp","href":"https:\/\/api.w.org\/{rel}","templated":true}]}}