{"id":22652,"date":"2023-11-30T05:36:19","date_gmt":"2023-11-30T05:36:19","guid":{"rendered":"https:\/\/camimedicalsac.com\/catalogo\/?post_type=product&#038;p=22652"},"modified":"2024-11-09T21:41:20","modified_gmt":"2024-11-09T21:41:20","slug":"cabina-audiometrica-isonorizada-para-audiometria-90x90x215cm-s40a-sibelmed","status":"publish","type":"product","link":"https:\/\/camimedicalsac.com\/catalogo\/producto\/cabina-audiometrica-isonorizada-para-audiometria-90x90x215cm-s40a-sibelmed\/","title":{"rendered":"Cabina audiometrica isonorizada para audiometria 90x90x215cm S40A Sibelmed"},"content":{"rendered":"<p><strong>Caracteristicas:<\/strong><\/p>\n<p>Gran funcionalidad y belleza est\u00e9tica.<br \/>\nMontaje r\u00e1pido y sencillo por personal no especializado.<br \/>\nGran aislamiento ac\u00fastico.<br \/>\nAtenuaci\u00f3n m\u00e1xima 46dB SPL.<br \/>\nCabinas de medidas especiales mediante el ensamblaje de m\u00f3dulos.<br \/>\nModelo S40 D homologado para veh\u00edculos a motor.<br \/>\nVentilaci\u00f3n libre por laberinto.<br \/>\nVentana de doble acristalamiento.<br \/>\nAdaptable a todos los audi\u00f3metros del mercado<br \/>\nRampa de acceso silla de ruedas<\/p>\n<p><strong>Dimensiones:<\/strong><br \/>\nExteriores Cabina cm. 90x90x215<br \/>\nInteriores Cabina cm. 77x77x192<br \/>\nExteriores puerta cm. 58&#215;188<br \/>\nMarco interno puerta cm. 50&#215;180<br \/>\nVentana cm. 45&#215;54<\/p>\n","protected":false},"excerpt":{"rendered":"<h2>Cabina audiometrica isonorizada para audiometria 90x90x215cm S40A Sibelmed<\/h2>\n<p>Marca: SIBELMED<br \/>\nProcedencia: ESPA\u00d1A<br \/>\nModelo: S40A<br \/>\nGarantia: 18 meses<\/p>\n<div class=\"producto_detalle_block1_box2_country\">\n<div><strong>Descripcion:<\/strong><\/div>\n<div>Las cabinas insonorizadas S40, han sido dise\u00f1adas con los m\u00e1s novedosos materiales en aislamiento ac\u00fastico. Ello ha permitido reducir su peso obteniendo un elevado \u00edndice de aislamiento y una gran funcionalidad y belleza est\u00e9tica.<\/div>\n<div><\/div>\n<div><strong>Descargar aqui:<\/strong><\/div>\n<div><a href=\"https:\/\/camimedicalsac.com\/catalogo\/wp-content\/uploads\/2022\/11\/Cabina-audiometrica-isonorizada-para-audiometria-90x90x215cm-S40A-Sibelmed_ORIG.pdf\">Cabina audiometrica isonorizada para audiometria S40A Sibelmed_ORIG<\/a><\/div>\n<\/div>\n","protected":false},"featured_media":31975,"comment_status":"closed","ping_status":"closed","template":"","meta":[],"product_cat":[179],"product_tag":[],"class_list":{"0":"post-22652","1":"product","2":"type-product","3":"status-publish","4":"has-post-thumbnail","6":"product_cat-salud-ocupacional","8":"first","9":"instock","10":"taxable","11":"shipping-taxable","12":"product-type-simple"},"_links":{"self":[{"href":"https:\/\/camimedicalsac.com\/catalogo\/wp-json\/wp\/v2\/product\/22652"}],"collection":[{"href":"https:\/\/camimedicalsac.com\/catalogo\/wp-json\/wp\/v2\/product"}],"about":[{"href":"https:\/\/camimedicalsac.com\/catalogo\/wp-json\/wp\/v2\/types\/product"}],"replies":[{"embeddable":true,"href":"https:\/\/camimedicalsac.com\/catalogo\/wp-json\/wp\/v2\/comments?post=22652"}],"wp:featuredmedia":[{"embeddable":true,"href":"https:\/\/camimedicalsac.com\/catalogo\/wp-json\/wp\/v2\/media\/31975"}],"wp:attachment":[{"href":"https:\/\/camimedicalsac.com\/catalogo\/wp-json\/wp\/v2\/media?parent=22652"}],"wp:term":[{"taxonomy":"product_cat","embeddable":true,"href":"https:\/\/camimedicalsac.com\/catalogo\/wp-json\/wp\/v2\/product_cat?post=22652"},{"taxonomy":"product_tag","embeddable":true,"href":"https:\/\/camimedicalsac.com\/catalogo\/wp-json\/wp\/v2\/product_tag?post=22652"}],"curies":[{"name":"wp","href":"https:\/\/api.w.org\/{rel}","templated":true}]}}