{"id":22663,"date":"2023-11-30T05:36:23","date_gmt":"2023-11-30T05:36:23","guid":{"rendered":"https:\/\/camimedicalsac.com\/catalogo\/?post_type=product&#038;p=22663"},"modified":"2023-12-06T17:17:04","modified_gmt":"2023-12-06T17:17:04","slug":"cabina-audiometria-insonorizada-para-audiometria","status":"publish","type":"product","link":"https:\/\/camimedicalsac.com\/catalogo\/producto\/cabina-audiometria-insonorizada-para-audiometria\/","title":{"rendered":"Cabina audiometr\u00eda insonorizada para audiometr\u00eda"},"content":{"rendered":"<h2>Cabina audiometr\u00eda insonorizada para audiometr\u00eda 125x125x215cm S40C Sibelmed<\/h2>\n<p>Mobiliario cerrado con puerta de acceso que trabaja en conjunto con un audi\u00f3metro. Para uso Hospitalario, Cl\u00ednico, Seguridad Industrial (Campamentos Mineros, Industrias, etc.<\/p>\n<h4><u>DATOS<\/u><u> T\u00c9CNICOS<\/u><\/h4>\n<ul>\n<li>Dimensiones exteriores (ancho, fondo, alto): 125 cm. x 125 cm. x 215 cm<\/li>\n<li>Atenuaci\u00f3n global de 34 dB (+\/-3 Db).<\/li>\n<li>Dimensiones de la Ventana: 45 cm. x 54 cm<\/li>\n<li>Acabado Interior de Espuma Pir\u00e1mide 20\/10<\/li>\n<li>Alimentaci\u00f3n: 120 &#8211; 220V 50-60 Hz<\/li>\n<li>Potencia de Consumo: 50 W<\/li>\n<li>Peso: aprox. 390 kg. Aprox<\/li>\n<li>Cumplimiento de normas: 93\/42\/CEE Clase I, EN60601-1:2006, EN60601-1-6:2007, EN62366:2008, EN ISO 14971:2009, EN 1041:2008, EN 980:2008<\/li>\n<li>Cumplimiento de Normas de Audiometr\u00eda ISO 8253-1 y ANSI S3.1<\/li>\n<li>Certificaci\u00f3n de calidad ISO 9001<\/li>\n<\/ul>\n<a class=\"maxbutton-1 maxbutton maxbutton-descargar-pdf\" title=\"Descargar PDF\" href=\"https:\/\/camimedicalsac.com\/catalogo\/wp-content\/uploads\/2023\/12\/Cabina-audiometrica-isonorizada-para-audiometria-125x125x215cm-S40C-SIBELMED-CODIGO-CM.75.703.pdf\"><span class='mb-text'>DESCARGAR PDF<\/span><\/a>\n<p>&nbsp;<\/p>\n","protected":false},"excerpt":{"rendered":"<h2>Cabina audiometr\u00eda insonorizada para audiometr\u00eda 125x125x215cm S40C Sibelmed<\/h2>\n<p>Marca: <strong>SIBELMED<\/strong><br \/>\nProcedencia: <strong>ESPA\u00d1A<\/strong><br \/>\nModelo: <strong>S-40 C<\/strong><br \/>\nGarant\u00eda: 18 meses<\/p>\n<p>C\u00f3digo: CM.75.703<\/p>\n<p>&nbsp;<\/p>\n","protected":false},"featured_media":22998,"comment_status":"closed","ping_status":"closed","template":"","meta":[],"product_cat":[179],"product_tag":[],"class_list":{"0":"post-22663","1":"product","2":"type-product","3":"status-publish","4":"has-post-thumbnail","6":"product_cat-salud-ocupacional","8":"first","9":"instock","10":"taxable","11":"shipping-taxable","12":"product-type-simple"},"_links":{"self":[{"href":"https:\/\/camimedicalsac.com\/catalogo\/wp-json\/wp\/v2\/product\/22663"}],"collection":[{"href":"https:\/\/camimedicalsac.com\/catalogo\/wp-json\/wp\/v2\/product"}],"about":[{"href":"https:\/\/camimedicalsac.com\/catalogo\/wp-json\/wp\/v2\/types\/product"}],"replies":[{"embeddable":true,"href":"https:\/\/camimedicalsac.com\/catalogo\/wp-json\/wp\/v2\/comments?post=22663"}],"wp:featuredmedia":[{"embeddable":true,"href":"https:\/\/camimedicalsac.com\/catalogo\/wp-json\/wp\/v2\/media\/22998"}],"wp:attachment":[{"href":"https:\/\/camimedicalsac.com\/catalogo\/wp-json\/wp\/v2\/media?parent=22663"}],"wp:term":[{"taxonomy":"product_cat","embeddable":true,"href":"https:\/\/camimedicalsac.com\/catalogo\/wp-json\/wp\/v2\/product_cat?post=22663"},{"taxonomy":"product_tag","embeddable":true,"href":"https:\/\/camimedicalsac.com\/catalogo\/wp-json\/wp\/v2\/product_tag?post=22663"}],"curies":[{"name":"wp","href":"https:\/\/api.w.org\/{rel}","templated":true}]}}