{"id":22728,"date":"2023-11-30T22:35:04","date_gmt":"2023-11-30T22:35:04","guid":{"rendered":"https:\/\/camimedicalsac.com\/catalogo\/?post_type=product&#038;p=22728"},"modified":"2023-12-01T17:28:21","modified_gmt":"2023-12-01T17:28:21","slug":"incubadora-de-cultivo-53-lt-80oc","status":"publish","type":"product","link":"https:\/\/camimedicalsac.com\/catalogo\/producto\/incubadora-de-cultivo-53-lt-80oc\/","title":{"rendered":"Incubadora de cultivo 53 Lt  80\u00baC"},"content":{"rendered":"<h2>Incubadora de cultivo 53 Lt IF-55 80\u00baC<\/h2>\n<p>Equipo dise\u00f1ado para estudios microbiol\u00f3gicos de cultivos de tejidos y la incubaci\u00f3n de virus. De tipo Mesa, para uso en Laboratorios Cl\u00ednicos e Instituciones Educativas (Universidades, Institutos<\/p>\n<p>&nbsp;<\/p>\n<p><strong><u>DATOS T\u00c9CNICOS<\/u><\/strong><\/p>\n<p><strong><u>\u00a0<\/u><\/strong><\/p>\n<ul>\n<li><strong>Capacidad de la c\u00e1mara: 53 litros.<\/strong><\/li>\n<li>Rango de ajuste de Temperatura: +20\u00baC a +80\u00baC.<\/li>\n<li>Rango de temperatura de trabajo: 5\u00baC por encima de la Temperatura ambiente hasta 80\u00baC.<\/li>\n<li>Precisi\u00f3n de ajuste: 0,1\u00baC<\/li>\n<li>Reloj digital integrado: 1 min hasta 99 d\u00edas.<\/li>\n<li>Limitador mec\u00e1nico de temperatura (TB) para desconexi\u00f3n permanente en caso de sobrepasar 20\u00ba C de la temperatura preajustada desde f\u00e1brica.<\/li>\n<li>Tama\u00f1o:<\/li>\n<\/ul>\n<p>Interior (L x An x Al): 330 mm x 400 mm x 400 mm.<\/p>\n<p>Exterior (L x An x Al): 514 mm x 585 mm x 787 mm.<\/p>\n<ul>\n<li>Suministro el\u00e9ctrico: 230 V, 50\/60Hz.<\/li>\n<li>Consumo el\u00e9ctrico: Aprox. 1000W<\/li>\n<li>Peso neto: Aprox. 57 Kg.<\/li>\n<li>Cumple con las normas DIN 12880: 2007-05, EN 61010-1 (IEC 61010-1), 61010-2-010, CE<\/li>\n<\/ul>\n<p>&nbsp;<\/p>\n<a class=\"maxbutton-1 maxbutton maxbutton-descargar-pdf\" title=\"Descargar PDF\" href=\"https:\/\/camimedicalsac.com\/catalogo\/wp-content\/uploads\/2023\/11\/Incubadora-de-Cultivo-53-Lt-IF-55-80-\u00b0C-MEMMERT-CODIGO-CM.82.659-.pdf\"><span class='mb-text'>DESCARGAR PDF<\/span><\/a>\n<p>&nbsp;<\/p>\n","protected":false},"excerpt":{"rendered":"<h2>Incubadora de cultivo 53 Lt IF-55 80\u00baC<\/h2>\n<p>Marca: MEMMERT<br \/>\nProcedencia: ALEMANIA<br \/>\nModelo: IF-55<br \/>\nGarant\u00eda: 18 meses<\/p>\n<p>C\u00f3digo: CM.82.659<\/p>\n","protected":false},"featured_media":22731,"comment_status":"open","ping_status":"closed","template":"","meta":[],"product_cat":[177],"product_tag":[],"class_list":{"0":"post-22728","1":"product","2":"type-product","3":"status-publish","4":"has-post-thumbnail","6":"product_cat-central-de-esterilizacion-y-tratamiento-de-residuos","8":"first","9":"instock","10":"taxable","11":"shipping-taxable","12":"product-type-simple"},"_links":{"self":[{"href":"https:\/\/camimedicalsac.com\/catalogo\/wp-json\/wp\/v2\/product\/22728"}],"collection":[{"href":"https:\/\/camimedicalsac.com\/catalogo\/wp-json\/wp\/v2\/product"}],"about":[{"href":"https:\/\/camimedicalsac.com\/catalogo\/wp-json\/wp\/v2\/types\/product"}],"replies":[{"embeddable":true,"href":"https:\/\/camimedicalsac.com\/catalogo\/wp-json\/wp\/v2\/comments?post=22728"}],"wp:featuredmedia":[{"embeddable":true,"href":"https:\/\/camimedicalsac.com\/catalogo\/wp-json\/wp\/v2\/media\/22731"}],"wp:attachment":[{"href":"https:\/\/camimedicalsac.com\/catalogo\/wp-json\/wp\/v2\/media?parent=22728"}],"wp:term":[{"taxonomy":"product_cat","embeddable":true,"href":"https:\/\/camimedicalsac.com\/catalogo\/wp-json\/wp\/v2\/product_cat?post=22728"},{"taxonomy":"product_tag","embeddable":true,"href":"https:\/\/camimedicalsac.com\/catalogo\/wp-json\/wp\/v2\/product_tag?post=22728"}],"curies":[{"name":"wp","href":"https:\/\/api.w.org\/{rel}","templated":true}]}}