{"id":22735,"date":"2023-11-30T23:08:25","date_gmt":"2023-11-30T23:08:25","guid":{"rendered":"https:\/\/camimedicalsac.com\/catalogo\/?post_type=product&#038;p=22735"},"modified":"2023-12-01T17:28:02","modified_gmt":"2023-12-01T17:28:02","slug":"estufa-universal-a-calor-seco","status":"publish","type":"product","link":"https:\/\/camimedicalsac.com\/catalogo\/producto\/estufa-universal-a-calor-seco\/","title":{"rendered":"ESTUFA UNIVERSAL A CALOR SECO"},"content":{"rendered":"<h2>Estufa universal 32 Lt UN-30 300\u00baC pantalla \u00fanica t\u00e1ctil color vent. natural<\/h2>\n<p>Equipo de esterilizaci\u00f3n de calor seco digital. De tipo Mesa, para uso Hospitalario, Laboratorios Cl\u00ednicos e Investigaci\u00f3n (Universidades, Institutos)<\/p>\n<p>&nbsp;<\/p>\n<p><strong>DATOS T\u00c9CNICOS<\/strong><\/p>\n<p>\u2022 Capacidad de la c\u00e1mara: 30 litros.<br \/>\n\u2022 Rango de ajuste de Temperatura: +20\u00baC a +300\u00baC.<br \/>\n\u2022 Rango de temperatura de trabajo: 5\u00baC por encima de la Temperatura ambiente hasta<br \/>\n300\u00baC.<br \/>\n\u2022 Precisi\u00f3n de ajuste: 0,1\u00baC (hasta 99,9\u00b0C) \/ 0,5\u00b0C (a partir de 100\u00b0C).<br \/>\n\u2022 Reloj digital integrado: 1 min hasta 99 d\u00edas.<br \/>\n\u2022 Limitador mec\u00e1nico de temperatura (TB) para desconexi\u00f3n permanente en caso de<br \/>\nsobrepasar 20\u00ba C de la temperatura preajustada desde f\u00e1brica.<br \/>\n\u2022 Dimensiones:<br \/>\nInterior (L x An x Al): 250 mm x 320 mm x 400 mm.<br \/>\nExterior (L x An x Al): 434 mm x 585 mm x 704 mm.<br \/>\n\u2022 Suministro el\u00e9ctrico: 230 V, 50\/60Hz.<br \/>\n\u2022 Consumo el\u00e9ctrico: Aprox. 1600W.<br \/>\n\u2022 Peso neto: Aprox. 48 Kg.<br \/>\n\u2022 Cumple con las normas DIN 12880: 2007-05, EN 61010-1 (IEC 61010-1), 61010-2-010, 61010-2-40, CE<\/p>\n<p>&nbsp;<\/p>\n<a class=\"maxbutton-1 maxbutton maxbutton-descargar-pdf\" title=\"Descargar PDF\" href=\"https:\/\/camimedicalsac.com\/catalogo\/wp-content\/uploads\/2023\/11\/Estufa-universal-32-Lt-UN-30-300oC-MEMMERT-CODIGO-CM.84.407.pdf\"><span class='mb-text'>DESCARGAR PDF<\/span><\/a>\n<p>&nbsp;<\/p>\n<p>&nbsp;<\/p>\n","protected":false},"excerpt":{"rendered":"<h2>Estufa universal 32 Lt UN-30 300\u00baC pantalla \u00fanica t\u00e1ctil color vent. natural<\/h2>\n<p>Marca: MEMMERT<br \/>\nProcedencia: ALEMANIA<br \/>\nModelo: UN-30<br \/>\nGarant\u00eda: 18 meses<\/p>\n<p>C\u00f3digo: CM.84.407<\/p>\n<p>&nbsp;<\/p>\n<p>&nbsp;<\/p>\n","protected":false},"featured_media":22736,"comment_status":"open","ping_status":"closed","template":"","meta":[],"product_cat":[177],"product_tag":[],"class_list":{"0":"post-22735","1":"product","2":"type-product","3":"status-publish","4":"has-post-thumbnail","6":"product_cat-central-de-esterilizacion-y-tratamiento-de-residuos","8":"first","9":"instock","10":"taxable","11":"shipping-taxable","12":"product-type-simple"},"_links":{"self":[{"href":"https:\/\/camimedicalsac.com\/catalogo\/wp-json\/wp\/v2\/product\/22735"}],"collection":[{"href":"https:\/\/camimedicalsac.com\/catalogo\/wp-json\/wp\/v2\/product"}],"about":[{"href":"https:\/\/camimedicalsac.com\/catalogo\/wp-json\/wp\/v2\/types\/product"}],"replies":[{"embeddable":true,"href":"https:\/\/camimedicalsac.com\/catalogo\/wp-json\/wp\/v2\/comments?post=22735"}],"wp:featuredmedia":[{"embeddable":true,"href":"https:\/\/camimedicalsac.com\/catalogo\/wp-json\/wp\/v2\/media\/22736"}],"wp:attachment":[{"href":"https:\/\/camimedicalsac.com\/catalogo\/wp-json\/wp\/v2\/media?parent=22735"}],"wp:term":[{"taxonomy":"product_cat","embeddable":true,"href":"https:\/\/camimedicalsac.com\/catalogo\/wp-json\/wp\/v2\/product_cat?post=22735"},{"taxonomy":"product_tag","embeddable":true,"href":"https:\/\/camimedicalsac.com\/catalogo\/wp-json\/wp\/v2\/product_tag?post=22735"}],"curies":[{"name":"wp","href":"https:\/\/api.w.org\/{rel}","templated":true}]}}