{"id":22760,"date":"2023-12-01T16:09:48","date_gmt":"2023-12-01T16:09:48","guid":{"rendered":"https:\/\/camimedicalsac.com\/catalogo\/?post_type=product&#038;p=22760"},"modified":"2025-01-15T20:10:26","modified_gmt":"2025-01-15T20:10:26","slug":"incubadora-de-cultivo-74-lt-80-oc","status":"publish","type":"product","link":"https:\/\/camimedicalsac.com\/catalogo\/producto\/incubadora-de-cultivo-74-lt-80-oc\/","title":{"rendered":"Incubadora de cultivo 74 Lt  80 \u00baC"},"content":{"rendered":"<h2>Incubadora de cultivo 74 Lt IN-75 80 \u00baC<\/h2>\n<p>Equipo dise\u00f1ado para estudios microbiol\u00f3gicos de cultivos de tejidos y la incubaci\u00f3n de virus. De tipo Mesa, para uso en Laboratorios Cl\u00ednicos e Instituciones Educativas (Universidades, Institutos)<\/p>\n<p>&nbsp;<\/p>\n<h1><u>DATOS<\/u><u> T\u00c9CNICOS<\/u><\/h1>\n<p><strong>\u00a0<\/strong><\/p>\n<ul>\n<li><strong>Capacidad de la c\u00e1mara: 74 litros.<\/strong><\/li>\n<li>Rango de ajuste de Temperatura: +20\u00baC a +80\u00baC.<\/li>\n<li>Rango de temperatura de trabajo: 5\u00baC por encima de la Temperatura ambiente hasta 80\u00baC.<\/li>\n<li>Precisi\u00f3n de ajuste: 0,1\u00baC<\/li>\n<li>Reloj digital integrado: 1 min hasta 99 d\u00edas.<\/li>\n<li>Limitador mec\u00e1nico de temperatura (TB) para desconexi\u00f3n permanente en caso de sobrepasar 20\u00ba C de la temperatura preajustada desde f\u00e1brica.<\/li>\n<li>Tama\u00f1o:<\/li>\n<\/ul>\n<p>Interior (L x An x Al) : 330 mm x 560 mm x 400 mm.<\/p>\n<p>Exterior (L x An x Al): 514 mm x 585 mm x 947 mm.<\/p>\n<ul>\n<li>Suministro el\u00e9ctrico: 230 V, 50\/60Hz.<\/li>\n<li>Consumo el\u00e9ctrico: Aprox. 1250W<\/li>\n<li>Peso neto: Aprox. 66 Kg.<\/li>\n<li>Cumple con las normas DIN 12880: 2007-05, EN 61010-1 (IEC 61010-1), 61010-2-010, CE<\/li>\n<\/ul>\n<p>&nbsp;<\/p>\n<p><a class=\"maxbutton-1 maxbutton maxbutton-descargar-pdf\" title=\"Descargar PDF\" href=\"https:\/\/camimedicalsac.com\/catalogo\/wp-content\/uploads\/2023\/12\/Incubadora-de-cultivo-74-Lt-IN-75-80-oC-MEMMERT-CODIGO-CM.84.474.pdf\"><span class='mb-text'>DESCARGA PDF<\/span><\/a>\u00a0 \u00a0 \u00a0 \u00a0 \u00a0 \u00a0 \u00a0 \u00a0 \u00a0 \u00a0 \u00a0 \u00a0 \u00a0 \u00a0 \u00a0 \u00a0 \u00a0 \u00a0 \u00a0 \u00a0 \u00a0 \u00a0 \u00a0 \u00a0 \u00a0 \u00a0 \u00a0 <a class=\"maxbutton-2 maxbutton maxbutton-video\" href=\"https:\/\/studio.youtube.com\/video\/QLmmDMK-YtY\/edit\"><span class='mb-text'>VER VIDEO<\/span><\/a><\/p>\n<p>&nbsp;<\/p>\n<p>&nbsp;<\/p>\n","protected":false},"excerpt":{"rendered":"<h2>Incubadora de cultivo 74 Lt IN-75 80 \u00baC<\/h2>\n<p>Marca: MEMMERT<br \/>\nProcedencia: ALEMANIA<br \/>\nModelo: IN-75<br \/>\nGarant\u00eda: 18 meses<\/p>\n<p>C\u00f3digo: CM.84.474<\/p>\n","protected":false},"featured_media":22762,"comment_status":"open","ping_status":"closed","template":"","meta":[],"product_cat":[177],"product_tag":[],"class_list":{"0":"post-22760","1":"product","2":"type-product","3":"status-publish","4":"has-post-thumbnail","6":"product_cat-central-de-esterilizacion-y-tratamiento-de-residuos","8":"first","9":"instock","10":"taxable","11":"shipping-taxable","12":"product-type-simple"},"_links":{"self":[{"href":"https:\/\/camimedicalsac.com\/catalogo\/wp-json\/wp\/v2\/product\/22760"}],"collection":[{"href":"https:\/\/camimedicalsac.com\/catalogo\/wp-json\/wp\/v2\/product"}],"about":[{"href":"https:\/\/camimedicalsac.com\/catalogo\/wp-json\/wp\/v2\/types\/product"}],"replies":[{"embeddable":true,"href":"https:\/\/camimedicalsac.com\/catalogo\/wp-json\/wp\/v2\/comments?post=22760"}],"wp:featuredmedia":[{"embeddable":true,"href":"https:\/\/camimedicalsac.com\/catalogo\/wp-json\/wp\/v2\/media\/22762"}],"wp:attachment":[{"href":"https:\/\/camimedicalsac.com\/catalogo\/wp-json\/wp\/v2\/media?parent=22760"}],"wp:term":[{"taxonomy":"product_cat","embeddable":true,"href":"https:\/\/camimedicalsac.com\/catalogo\/wp-json\/wp\/v2\/product_cat?post=22760"},{"taxonomy":"product_tag","embeddable":true,"href":"https:\/\/camimedicalsac.com\/catalogo\/wp-json\/wp\/v2\/product_tag?post=22760"}],"curies":[{"name":"wp","href":"https:\/\/api.w.org\/{rel}","templated":true}]}}