{"id":22768,"date":"2023-12-01T17:15:37","date_gmt":"2023-12-01T17:15:37","guid":{"rendered":"https:\/\/camimedicalsac.com\/catalogo\/?post_type=product&#038;p=22768"},"modified":"2023-12-01T17:25:00","modified_gmt":"2023-12-01T17:25:00","slug":"incubadora-de-cultivo-co2-107-lts-ico-105-50aoc","status":"publish","type":"product","link":"https:\/\/camimedicalsac.com\/catalogo\/producto\/incubadora-de-cultivo-co2-107-lts-ico-105-50aoc\/","title":{"rendered":"Incubadora de cultivo CO2 107 lts ICO 105 50\u00c2\u00baC"},"content":{"rendered":"<h2>Incubadora de cultivo CO2 107 lts ICO 105 50\u00baC\u00a0 \u00a056 x 48 x 40 cm Memmert<\/h2>\n<p>Equipo dise\u00f1ado para estudios microbiol\u00f3gicos de cultivos de tejidos e incubaci\u00f3n de Vitro. De tipo Mesa, para uso en Laboratorios Cl\u00ednicos e Instituciones Educativas (Universidades, Institutos)<\/p>\n<h4><u>DATOS<\/u><u> T\u00c9CNICOS<\/u><\/h4>\n<p><strong>\u00a0<\/strong><strong>Aspectos f\u00edsicos :<\/strong><\/p>\n<p><strong>\u00a0<\/strong><strong>Capacidad de la c\u00e1mara: 107 litros.<\/strong><\/p>\n<ul>\n<li>Tama\u00f1o:<\/li>\n<\/ul>\n<ul>\n<li>Interior (An x Al x L): 560 mm x 480 mm x 400 mm.<\/li>\n<li>Exterior (An x Al x L): 719mm x 846 mm x 591 mm.<\/li>\n<\/ul>\n<ul>\n<li>Peso neto: Aprox. 75 kg.<\/li>\n<li>Posibilidad de inserci\u00f3n de 6 bandejas<\/li>\n<\/ul>\n<ul>\n<li><strong>Temperatura<\/strong>:<\/li>\n<\/ul>\n<ul>\n<li>Rango de trabajo de temperatura: 5\u00baC por encima de T\u00ba ambiente hasta 50\u00b0C.<\/li>\n<li>Rango de ajuste de temperatura: +18\u00baC a +50\u00baC.<\/li>\n<li>Precisi\u00f3n de ajuste: 0,1\u00baC.<\/li>\n<li>Limitador mec\u00e1nico (TB) para desconexi\u00f3n permanente en caso de sobrepasar 20\u00b0C de la temperatura preajustada desde f\u00e1brica.<\/li>\n<\/ul>\n<ul>\n<li><strong>CO2<\/strong>:<\/li>\n<\/ul>\n<ul>\n<li>Sistema de medici\u00f3n de absorci\u00f3n infrarroja.<\/li>\n<li>Rango de ajuste: 0 a 20%.<\/li>\n<li>Precisi\u00f3n de ajuste: 0.1%<\/li>\n<\/ul>\n<ul>\n<li><strong>Humedad:<\/strong><\/li>\n<\/ul>\n<ul>\n<li>Valor de humedad limitado en el interior a 93% rh +\/- 2.5% con elemento peltier<\/li>\n<li>Precisi\u00f3n de ajuste: 0.5% rh.<\/li>\n<li>Posibilidad de ampliar el rango de humedad de 40 a 97% rh \u2013 <strong>Opcional (M\u00f3dulo de Humedad)<\/strong><\/li>\n<\/ul>\n<ul>\n<li><strong>Requerimiento de energ\u00eda:<\/strong><\/li>\n<\/ul>\n<ul>\n<li>Consumo el\u00e9ctrico: Aprox. 1500W<\/li>\n<li>Suministro el\u00e9ctrico: 230 V (+\/-10%), 50\/60Hz.<\/li>\n<li>Cumple con las normas EN 61010-1, EN 61010-2-010, CE.<\/li>\n<\/ul>\n<p>&nbsp;<\/p>\n<p><a class=\"maxbutton-1 maxbutton maxbutton-descargar-pdf\" title=\"Descargar PDF\" href=\"https:\/\/camimedicalsac.com\/catalogo\/wp-content\/uploads\/2023\/12\/Incubadora-de-cultivo-CO2-107-lts-ICO-105-50oC-MEMMERT-CODIGO-CM.85.952.pdf\"><span class='mb-text'>DESCARGA PDF<\/span><\/a>\u00a0 \u00a0 \u00a0 \u00a0 \u00a0 \u00a0 \u00a0 \u00a0 \u00a0 \u00a0 \u00a0 \u00a0 \u00a0 \u00a0 \u00a0 <a class=\"maxbutton-2 maxbutton maxbutton-video\" href=\"https:\/\/youtu.be\/bZskgs89tco\"><span class='mb-text'>VER VIDEO<\/span><\/a><\/p>\n","protected":false},"excerpt":{"rendered":"<h2>Incubadora de cultivo CO2 107 lts ICO 105 50\u00baC\u00a0 \u00a056 x 48 x 40 cm Memmert<\/h2>\n<p>Marca: MEMMERT<br \/>\nProcedencia: ALEMANIA<br \/>\nModelo: ICO-105<br \/>\nGarant\u00eda: 18 meses<\/p>\n<p>C\u00f3digo: CM.85.952<\/p>\n<p>&nbsp;<\/p>\n","protected":false},"featured_media":22769,"comment_status":"open","ping_status":"closed","template":"","meta":[],"product_cat":[177],"product_tag":[],"class_list":{"0":"post-22768","1":"product","2":"type-product","3":"status-publish","4":"has-post-thumbnail","6":"product_cat-central-de-esterilizacion-y-tratamiento-de-residuos","8":"first","9":"instock","10":"taxable","11":"shipping-taxable","12":"product-type-simple"},"_links":{"self":[{"href":"https:\/\/camimedicalsac.com\/catalogo\/wp-json\/wp\/v2\/product\/22768"}],"collection":[{"href":"https:\/\/camimedicalsac.com\/catalogo\/wp-json\/wp\/v2\/product"}],"about":[{"href":"https:\/\/camimedicalsac.com\/catalogo\/wp-json\/wp\/v2\/types\/product"}],"replies":[{"embeddable":true,"href":"https:\/\/camimedicalsac.com\/catalogo\/wp-json\/wp\/v2\/comments?post=22768"}],"wp:featuredmedia":[{"embeddable":true,"href":"https:\/\/camimedicalsac.com\/catalogo\/wp-json\/wp\/v2\/media\/22769"}],"wp:attachment":[{"href":"https:\/\/camimedicalsac.com\/catalogo\/wp-json\/wp\/v2\/media?parent=22768"}],"wp:term":[{"taxonomy":"product_cat","embeddable":true,"href":"https:\/\/camimedicalsac.com\/catalogo\/wp-json\/wp\/v2\/product_cat?post=22768"},{"taxonomy":"product_tag","embeddable":true,"href":"https:\/\/camimedicalsac.com\/catalogo\/wp-json\/wp\/v2\/product_tag?post=22768"}],"curies":[{"name":"wp","href":"https:\/\/api.w.org\/{rel}","templated":true}]}}