{"id":22832,"date":"2023-12-02T16:17:10","date_gmt":"2023-12-02T16:17:10","guid":{"rendered":"https:\/\/camimedicalsac.com\/catalogo\/?post_type=product&#038;p=22832"},"modified":"2023-12-02T19:10:37","modified_gmt":"2023-12-02T19:10:37","slug":"agitador-vortex-mixer-v2h","status":"publish","type":"product","link":"https:\/\/camimedicalsac.com\/catalogo\/producto\/agitador-vortex-mixer-v2h\/","title":{"rendered":"Agitador Vortex mixer V2H"},"content":{"rendered":"<h2>Agitador Vortex mixer V2H<\/h2>\n<p>Equipo de laboratorio utilizado para la mezcla de soluciones; para su uso en Laboratorios (biotecnolog\u00eda, microbiolog\u00eda, diagn\u00f3stico m\u00e9dico).<\/p>\n<p><strong><u>ESPECIFICACIONES T\u00c9CNICAS:<\/u><\/strong><\/p>\n<ul>\n<li>Tipo de movimiento: Orbital, 4mm.<\/li>\n<li>Rango de velocidad: 300 &#8211; 3500 rpm<\/li>\n<li>Capacidad de carga m\u00e1xima: 500g<\/li>\n<li>Regulaci\u00f3n de tiempo: 1 a 99 minutos o modo continuo<\/li>\n<li>Funcionamiento a: 12 VDC<\/li>\n<li>Adaptador de poder externo 100-240 VAC<\/li>\n<li>Dimensiones: 205 x 136 x 138.5 mm<\/li>\n<li>Peso total: 2.8 kg.<\/li>\n<\/ul>\n<a class=\"maxbutton-1 maxbutton maxbutton-descargar-pdf\" title=\"Descargar PDF\" href=\"https:\/\/camimedicalsac.com\/catalogo\/wp-content\/uploads\/2023\/12\/Agitador-Vortex-mixer-V2H-BOECO-CODIGO-CM.82.914.pdf\"><span class='mb-text'>DESCARGAR PDF<\/span><\/a>\n<p>&nbsp;<\/p>\n","protected":false},"excerpt":{"rendered":"<h2>Agitador Vortex mixer V2H<\/h2>\n<p>Marca: BOECO<br \/>\nProcedencia: ALEMANIA<br \/>\nModelo: V2H<br \/>\nGarant\u00eda: 18 meses<\/p>\n<p>C\u00f3digo: CM.82.914<\/p>\n<p>&nbsp;<\/p>\n","protected":false},"featured_media":22833,"comment_status":"open","ping_status":"closed","template":"","meta":[],"product_cat":[173],"product_tag":[],"class_list":{"0":"post-22832","1":"product","2":"type-product","3":"status-publish","4":"has-post-thumbnail","6":"product_cat-laboratorio-clinico","8":"first","9":"instock","10":"taxable","11":"shipping-taxable","12":"product-type-simple"},"_links":{"self":[{"href":"https:\/\/camimedicalsac.com\/catalogo\/wp-json\/wp\/v2\/product\/22832"}],"collection":[{"href":"https:\/\/camimedicalsac.com\/catalogo\/wp-json\/wp\/v2\/product"}],"about":[{"href":"https:\/\/camimedicalsac.com\/catalogo\/wp-json\/wp\/v2\/types\/product"}],"replies":[{"embeddable":true,"href":"https:\/\/camimedicalsac.com\/catalogo\/wp-json\/wp\/v2\/comments?post=22832"}],"wp:featuredmedia":[{"embeddable":true,"href":"https:\/\/camimedicalsac.com\/catalogo\/wp-json\/wp\/v2\/media\/22833"}],"wp:attachment":[{"href":"https:\/\/camimedicalsac.com\/catalogo\/wp-json\/wp\/v2\/media?parent=22832"}],"wp:term":[{"taxonomy":"product_cat","embeddable":true,"href":"https:\/\/camimedicalsac.com\/catalogo\/wp-json\/wp\/v2\/product_cat?post=22832"},{"taxonomy":"product_tag","embeddable":true,"href":"https:\/\/camimedicalsac.com\/catalogo\/wp-json\/wp\/v2\/product_tag?post=22832"}],"curies":[{"name":"wp","href":"https:\/\/api.w.org\/{rel}","templated":true}]}}