{"id":22938,"date":"2023-12-05T20:17:44","date_gmt":"2023-12-05T20:17:44","guid":{"rendered":"https:\/\/camimedicalsac.com\/catalogo\/?post_type=product&#038;p=22938"},"modified":"2024-09-15T01:05:04","modified_gmt":"2024-09-15T01:05:04","slug":"detector-de-latidos-fetal-2-0-mhz-sobremesa","status":"publish","type":"product","link":"https:\/\/camimedicalsac.com\/catalogo\/producto\/detector-de-latidos-fetal-2-0-mhz-sobremesa\/","title":{"rendered":"Detector de latidos fetal 2.0 Mhz sobremesa"},"content":{"rendered":"<h2>Detector de latidos fetal 2.0 Mhz sobremesa con Transductor Al\u00e1mbrico<\/h2>\n<p>Equipo que permite la detecci\u00f3n conveniente de sonidos del coraz\u00f3n fetal, monitoreo del ritmo del \u00a0coraz\u00f3n fetal y verificaci\u00f3n de la viabilidad del coraz\u00f3n fetal siguiendo el trauma del paciente.\u00a0 \u00c1reas de uso: Ginecolog\u00eda, Obstetricia.<\/p>\n<h5><u>DATOS<\/u><u> T\u00c9CNICOS<\/u><\/h5>\n<ul>\n<li>Pantalla LCD de 62mm (ancho) x 44mm (alto)<\/li>\n<li>Transductor Ultras\u00f3nico de\u00a0 2.0MHz.<\/li>\n<li>Frecuencia de Trabajo: 2.0 MHz +\/-10%<\/li>\n<li>Rango de latidos cardiacos fetales: 50 a 210 lpm.<\/li>\n<li>Resoluci\u00f3n: 1 lpm.<\/li>\n<li>Precisi\u00f3n: +\/-3 lpm.<\/li>\n<li>Potencia de detecci\u00f3n de latido: &lt;10 mW\/cm2<\/li>\n<li>Apagado autom\u00e1tico sin se\u00f1al: 1minuto \/ 3 minutos sin se\u00f1al ni operaci\u00f3n.<\/li>\n<li>Potencia de Salida de audio: 2 W<\/li>\n<li>Enchufe para auricular de 3.5 mm.<\/li>\n<li>Tiempo de grabaci\u00f3n: 240 seg.<\/li>\n<li>Suministro de Energ\u00eda: 100V- 240V, 50\/60 Hz<\/li>\n<li>Bater\u00eda de Ni-Mh de 7.2V recargable con autonom\u00eda de 10 horas.<\/li>\n<li>Dimensiones Unidad Principal: 265mm x 155mm x 180mm.<\/li>\n<li>Dimensiones del transductor: 140mm x 40mm x 32mm.<\/li>\n<li>Peso Aprox.: 1.7 Kg. (incluyendo bater\u00eda y transductor).<\/li>\n<li>Transductor Ultras\u00f3nico de\u00a0 3.0MHz. <strong>(Opcional)<\/strong><\/li>\n<\/ul>\n<a class=\"maxbutton-1 maxbutton maxbutton-descargar-pdf\" title=\"Descargar PDF\" href=\"https:\/\/camimedicalsac.com\/catalogo\/wp-content\/uploads\/2023\/12\/Detector-de-latidos-fetal-2.0-Mhz-sobremesa-con-transductor-alambrico-EDAN-CODIGO-CM.75.554.pdf\"><span class='mb-text'>DESCARGAR PDF<\/span><\/a>\n<p>&nbsp;<\/p>\n","protected":false},"excerpt":{"rendered":"<h2>Detector de latidos fetal 2.0 Mhz sobremesa con Transductor Al\u00e1mbrico<\/h2>\n<p>Marca: EDAN<br \/>\nProcedencia: CHINA<br \/>\nModelo: SD-5<br \/>\nGarant\u00eda: 18 meses<\/p>\n<p>C\u00f3digo: CM.75.554<\/p>\n<p>&nbsp;<\/p>\n","protected":false},"featured_media":22939,"comment_status":"open","ping_status":"closed","template":"","meta":[],"product_cat":[185],"product_tag":[],"class_list":{"0":"post-22938","1":"product","2":"type-product","3":"status-publish","4":"has-post-thumbnail","6":"product_cat-ginecologia","8":"first","9":"instock","10":"taxable","11":"shipping-taxable","12":"product-type-simple"},"_links":{"self":[{"href":"https:\/\/camimedicalsac.com\/catalogo\/wp-json\/wp\/v2\/product\/22938"}],"collection":[{"href":"https:\/\/camimedicalsac.com\/catalogo\/wp-json\/wp\/v2\/product"}],"about":[{"href":"https:\/\/camimedicalsac.com\/catalogo\/wp-json\/wp\/v2\/types\/product"}],"replies":[{"embeddable":true,"href":"https:\/\/camimedicalsac.com\/catalogo\/wp-json\/wp\/v2\/comments?post=22938"}],"wp:featuredmedia":[{"embeddable":true,"href":"https:\/\/camimedicalsac.com\/catalogo\/wp-json\/wp\/v2\/media\/22939"}],"wp:attachment":[{"href":"https:\/\/camimedicalsac.com\/catalogo\/wp-json\/wp\/v2\/media?parent=22938"}],"wp:term":[{"taxonomy":"product_cat","embeddable":true,"href":"https:\/\/camimedicalsac.com\/catalogo\/wp-json\/wp\/v2\/product_cat?post=22938"},{"taxonomy":"product_tag","embeddable":true,"href":"https:\/\/camimedicalsac.com\/catalogo\/wp-json\/wp\/v2\/product_tag?post=22938"}],"curies":[{"name":"wp","href":"https:\/\/api.w.org\/{rel}","templated":true}]}}