{"id":22985,"date":"2023-12-06T16:24:22","date_gmt":"2023-12-06T16:24:22","guid":{"rendered":"https:\/\/camimedicalsac.com\/catalogo\/?post_type=product&#038;p=22985"},"modified":"2024-09-10T05:51:30","modified_gmt":"2024-09-10T05:51:30","slug":"monitor-ambulatorio-de-presion-arterial-mapa-presurometro-portatil","status":"publish","type":"product","link":"https:\/\/camimedicalsac.com\/catalogo\/producto\/monitor-ambulatorio-de-presion-arterial-mapa-presurometro-portatil\/","title":{"rendered":"Monitor ambulatorio de presi\u00f3n arterial (MAPA) Presurometro Port\u00e1til"},"content":{"rendered":"<h2>Monitor ambulatorio de Presi\u00f3n arterial (MAPA) Presurometro Port\u00e1til software<\/h2>\n<p>El Monitor ambulatorio de presi\u00f3n arterial (M.A.P.A) o Presur\u00f3metro, es un equipo esfigmoman\u00f3metro de 24 horas el cual permite diagnosticar grados de hipertensi\u00f3n o hipotensi\u00f3n arterial, transmitiendo el estudio por Internet o correo electr\u00f3nico.<\/p>\n<h4><u>DATOS<\/u><u> T\u00c9CNICOS<\/u><\/h4>\n<ul>\n<li>M\u00e9todo de Medici\u00f3n: Oscilom\u00e9trico<\/li>\n<li>Rango de Medici\u00f3n: Sist\u00f3lica (SYS) 25 a 290 \u00a0 \u00a0 \u00a0 \u00a0 \u00a0 Diast\u00f3lica (DIA) 10 y 250 mmHg.<\/li>\n<li>Error medio: +\/- 5<\/li>\n<li>Desviaci\u00f3n est\u00e1ndar: max 8 mmHg<\/li>\n<li>Resoluci\u00f3n: 1 mm Hg y pulso 1 lpm<\/li>\n<li>Rango de Presi\u00f3n: 0 a 300 mmHg +\/- 3<\/li>\n<li>Rango de Pulso: 40 a 240 lpm exactitud +\/- 3 lpm<\/li>\n<li>Protocolos de Medida: 2 protocolos con intervalos modificables<\/li>\n<li>Intervalos de medici\u00f3n: hasta 24 horas en intervalos 5,10, 15, 20, 30, 45, 60, 90 y 120 minutos<\/li>\n<li>Memoria de datos: hasta 300 mediciones<\/li>\n<li>Dimensiones: 106 x 62 x 27<\/li>\n<li>Alimentaci\u00f3n: 02 bater\u00edas Alcalinas AA<\/li>\n<li>Peso: 160 aprox &#8211; sin bater\u00edas<\/li>\n<\/ul>\n<a class=\"maxbutton-1 maxbutton maxbutton-descargar-pdf\" title=\"Descargar PDF\" href=\"https:\/\/camimedicalsac.com\/catalogo\/wp-content\/uploads\/2023\/12\/Monitor-ambulatorio-de-presion-arterial-MAPA-Presurometro-Portatil-c.software-EDAN-CODIGO-CM.97.725.pdf\"><span class='mb-text'>DESCARGAR PDF<\/span><\/a>\n<p>&nbsp;<\/p>\n","protected":false},"excerpt":{"rendered":"<h2>Monitor ambulatorio de Presi\u00f3n arterial (MAPA) Presurometro Port\u00e1til software<\/h2>\n<p>Marca: EDAN<br \/>\nProcedencia: CHINA<br \/>\nModelo: SA-10<br \/>\nGarant\u00eda: 18 meses<\/p>\n<p>C\u00f3digo:\u00a0 CM.97.725<\/p>\n","protected":false},"featured_media":22986,"comment_status":"open","ping_status":"closed","template":"","meta":[],"product_cat":[174,179],"product_tag":[],"class_list":{"0":"post-22985","1":"product","2":"type-product","3":"status-publish","4":"has-post-thumbnail","6":"product_cat-consultorios-externos","7":"product_cat-salud-ocupacional","9":"first","10":"instock","11":"taxable","12":"shipping-taxable","13":"product-type-simple"},"_links":{"self":[{"href":"https:\/\/camimedicalsac.com\/catalogo\/wp-json\/wp\/v2\/product\/22985"}],"collection":[{"href":"https:\/\/camimedicalsac.com\/catalogo\/wp-json\/wp\/v2\/product"}],"about":[{"href":"https:\/\/camimedicalsac.com\/catalogo\/wp-json\/wp\/v2\/types\/product"}],"replies":[{"embeddable":true,"href":"https:\/\/camimedicalsac.com\/catalogo\/wp-json\/wp\/v2\/comments?post=22985"}],"wp:featuredmedia":[{"embeddable":true,"href":"https:\/\/camimedicalsac.com\/catalogo\/wp-json\/wp\/v2\/media\/22986"}],"wp:attachment":[{"href":"https:\/\/camimedicalsac.com\/catalogo\/wp-json\/wp\/v2\/media?parent=22985"}],"wp:term":[{"taxonomy":"product_cat","embeddable":true,"href":"https:\/\/camimedicalsac.com\/catalogo\/wp-json\/wp\/v2\/product_cat?post=22985"},{"taxonomy":"product_tag","embeddable":true,"href":"https:\/\/camimedicalsac.com\/catalogo\/wp-json\/wp\/v2\/product_tag?post=22985"}],"curies":[{"name":"wp","href":"https:\/\/api.w.org\/{rel}","templated":true}]}}