{"id":31985,"date":"2025-09-22T16:48:25","date_gmt":"2025-09-22T16:48:25","guid":{"rendered":"https:\/\/camimedicalsac.com\/catalogo\/?post_type=product&#038;p=31985"},"modified":"2025-09-22T16:48:26","modified_gmt":"2025-09-22T16:48:26","slug":"multiconector-para-ecagrafos-portatiles-edan-hasta-3-transductores","status":"publish","type":"product","link":"https:\/\/camimedicalsac.com\/catalogo\/producto\/multiconector-para-ecagrafos-portatiles-edan-hasta-3-transductores\/","title":{"rendered":"Multiconector para Ec\u00e1grafos port\u00e1tiles EDAN hasta 3 transductores"},"content":{"rendered":"<p><strong>Multiconector para Ec\u00f3grafos port\u00e1tiles EDAN hasta 3 transductores<\/strong><\/p>\n<p>Compatible con los sistemas de ultrasonido port\u00e1tiles Acclarix AX2, AX3, AX2 VET, AX3 VET Edan.<\/p>\n<p>Cuenta con conexi\u00f3n para 03 transductores<\/p>\n<p>Permite que el dispositivo de ultrasonido funcione con la conexi\u00f3n simult\u00e1nea de hasta 03 transductores<\/p>\n<p>Excelente resoluci\u00f3n de detalles en la vista infraclavicular<\/p>\n<p>La optimizaci\u00f3n continua y autom\u00e1tica de la imagen facilita la visualizaci\u00f3n de fluidos<\/p>\n<p>Im\u00e1genes Doppler color de alta sensibilidad para una detecci\u00f3n r\u00e1pida y precisa del flujo sangu\u00edneo<\/p>\n<p>Definici\u00f3n de bordes y contraste mejorados para encontrar problemas potenciales.<\/p>\n","protected":false},"excerpt":{"rendered":"<p><strong>Multiconector para Ec\u00f3grafos port\u00e1tiles EDAN hasta 3 transductores<\/strong><\/p>\n<div class=\"head\">Marca\u00a0 :\u00a0 EDAN<\/div>\n<p>Procedencia : CHINA<\/p>\n<p>Modelo : MTC-801<\/p>\n<p>Garant\u00eda :\u00a0 18 meses<\/p>\n<p>C\u00f3digo : CM.098.975<\/p>\n","protected":false},"featured_media":31986,"comment_status":"open","ping_status":"closed","template":"","meta":[],"product_cat":[186,180],"product_tag":[],"class_list":{"0":"post-31985","1":"product","2":"type-product","3":"status-publish","4":"has-post-thumbnail","6":"product_cat-imagenes","7":"product_cat-ultrasonido","9":"first","10":"instock","11":"taxable","12":"shipping-taxable","13":"product-type-simple"},"_links":{"self":[{"href":"https:\/\/camimedicalsac.com\/catalogo\/wp-json\/wp\/v2\/product\/31985"}],"collection":[{"href":"https:\/\/camimedicalsac.com\/catalogo\/wp-json\/wp\/v2\/product"}],"about":[{"href":"https:\/\/camimedicalsac.com\/catalogo\/wp-json\/wp\/v2\/types\/product"}],"replies":[{"embeddable":true,"href":"https:\/\/camimedicalsac.com\/catalogo\/wp-json\/wp\/v2\/comments?post=31985"}],"wp:featuredmedia":[{"embeddable":true,"href":"https:\/\/camimedicalsac.com\/catalogo\/wp-json\/wp\/v2\/media\/31986"}],"wp:attachment":[{"href":"https:\/\/camimedicalsac.com\/catalogo\/wp-json\/wp\/v2\/media?parent=31985"}],"wp:term":[{"taxonomy":"product_cat","embeddable":true,"href":"https:\/\/camimedicalsac.com\/catalogo\/wp-json\/wp\/v2\/product_cat?post=31985"},{"taxonomy":"product_tag","embeddable":true,"href":"https:\/\/camimedicalsac.com\/catalogo\/wp-json\/wp\/v2\/product_tag?post=31985"}],"curies":[{"name":"wp","href":"https:\/\/api.w.org\/{rel}","templated":true}]}}